{"id":97,"date":"2016-01-08T11:56:56","date_gmt":"2016-01-08T10:56:56","guid":{"rendered":"http:\/\/colloquemedias2017.org\/?page_id=97"},"modified":"2020-09-23T10:49:58","modified_gmt":"2020-09-23T09:49:58","slug":"inicio-br","status":"publish","type":"page","link":"https:\/\/adalassociation.org\/colloquemedias2017\/br\/inicio-br\/","title":{"rendered":"In\u00edcio"},"content":{"rendered":"<h5 style=\"text-align: center;\">Data limite para envio das propostas e comunica\u00e7\u00f5es :&nbsp;<a media=\"print and (resolution:300dpi)\"> 7 de mar\u00e7o de 2016<\/a> a colloque.medias@colloquemedias2017.org<\/h5>\n<h1>As m\u00eddias e a Am\u00e9rica Latina 2017<\/h1>\n<h2>Propriedade \u2013 Discurso \u2013 Recep\u00e7\u00e3o<\/h2>\n<p style=\"text-align: justify;\">Ap\u00f3s tr\u00eas jornadas de estudos e um primeiro <a href=\"\/colloqueleaders2014\/\">col\u00f3quio internacional em 2014<\/a>, o grupo ADAL organiza o seu segundo col\u00f3quio internacional, consagrado \u00e0s m\u00eddias na e sobre a Am\u00e9rica Latina. Com efeito, as m\u00eddias (imprensa, cinema, r\u00e1dio, televis\u00e3o, internet) suscitam o interesse n\u00e3o apenas dos pesquisadores \u2013 que questionam seu funcionamento \u2013 mas tamb\u00e9m dos poderes pol\u00edticos e econ\u00f4micos \u2013 que buscam com frequ\u00eancia influenci\u00e1-las, controla-las ou domin\u00e1-las. As m\u00eddias s\u00e3o igualmente objeto de apropria\u00e7\u00e3o pelos cidad\u00e3os que buscam ganhar visibilidade, defender causas, mobilizar popula\u00e7\u00f5es, etc.<br \/>\nEssas problem\u00e1ticas s\u00e3o levantadas de modo diferente na Am\u00e9rica latina ? As particularidades hist\u00f3ricas, culturais, econ\u00f4micas do continente levam as m\u00eddias a funcionar de modo diferente no resto do mundo? O objetivo deste col\u00f3quio \u00e9 de reunir pesquisadores de diversas disciplinas em torno das m\u00eddias da Am\u00e9rica latina e sobre a Am\u00e9rica latina. Trata-se n\u00e3o apenas de estudar as m\u00eddias na Am\u00e9rica latina, mas tamb\u00e9m de observar como as m\u00eddias do mundo observam a Am\u00e9rica latina e suas m\u00eddias. Al\u00e9m disso, este col\u00f3quio ser\u00e1 uma ocasi\u00e3o para revisitar os trabalhos cl\u00e1ssicos sobre as m\u00eddias, seus discursos e tamb\u00e9m a sua recep\u00e7\u00e3o.<\/p>\n<p><a href=\"\/colloquemedias2017\/br\/chamadas-para-trabalhos\/\">Ler a chamada para trabalhos<\/a><\/p>\n","protected":false},"excerpt":{"rendered":"<p>Data limite para envio das propostas e comunica\u00e7\u00f5es :&nbsp; 7 de mar\u00e7o de 2016 a colloque.medias@colloquemedias2017.org As m\u00eddias e a Am\u00e9rica Latina 2017 Propriedade \u2013 Discurso \u2013 Recep\u00e7\u00e3o Ap\u00f3s tr\u00eas jornadas de estudos e um primeiro col\u00f3quio internacional em 2014, o grupo ADAL organiza o seu segundo col\u00f3quio internacional, consagrado \u00e0s m\u00eddias na e sobre &hellip; <a href=\"https:\/\/adalassociation.org\/colloquemedias2017\/br\/inicio-br\/\" class=\"more-link\">Continuer la lecture de <span class=\"screen-reader-text\">In\u00edcio<\/span> <span class=\"meta-nav\">&rarr;<\/span><\/a><\/p>\n","protected":false},"author":1,"featured_media":0,"parent":0,"menu_order":0,"comment_status":"closed","ping_status":"closed","template":"","meta":{"footnotes":""},"class_list":["post-97","page","type-page","status-publish","hentry"],"_links":{"self":[{"href":"https:\/\/adalassociation.org\/colloquemedias2017\/wp-json\/wp\/v2\/pages\/97","targetHints":{"allow":["GET"]}}],"collection":[{"href":"https:\/\/adalassociation.org\/colloquemedias2017\/wp-json\/wp\/v2\/pages"}],"about":[{"href":"https:\/\/adalassociation.org\/colloquemedias2017\/wp-json\/wp\/v2\/types\/page"}],"author":[{"embeddable":true,"href":"https:\/\/adalassociation.org\/colloquemedias2017\/wp-json\/wp\/v2\/users\/1"}],"replies":[{"embeddable":true,"href":"https:\/\/adalassociation.org\/colloquemedias2017\/wp-json\/wp\/v2\/comments?post=97"}],"version-history":[{"count":8,"href":"https:\/\/adalassociation.org\/colloquemedias2017\/wp-json\/wp\/v2\/pages\/97\/revisions"}],"predecessor-version":[{"id":936,"href":"https:\/\/adalassociation.org\/colloquemedias2017\/wp-json\/wp\/v2\/pages\/97\/revisions\/936"}],"wp:attachment":[{"href":"https:\/\/adalassociation.org\/colloquemedias2017\/wp-json\/wp\/v2\/media?parent=97"}],"curies":[{"name":"wp","href":"https:\/\/api.w.org\/{rel}","templated":true}]}}