{"id":94,"date":"2016-01-08T11:56:00","date_gmt":"2016-01-08T10:56:00","guid":{"rendered":"http:\/\/colloquemedias2017.org\/?page_id=94"},"modified":"2020-09-23T10:49:24","modified_gmt":"2020-09-23T09:49:24","slug":"inicio","status":"publish","type":"page","link":"https:\/\/adalassociation.org\/colloquemedias2017\/es\/inicio\/","title":{"rendered":"Inicio"},"content":{"rendered":"<h5 style=\"text-align: center;\">Fecha l\u00edmite para el env\u00edo de propuestas:&nbsp;<a media=\"print and (resolution:300dpi)\"> 7 de marzo de 2016<\/a> a colloque.medias@colloquemedias2017.org<\/h5>\n<h1>Medios y Am\u00e9rica Latina 2017<\/h1>\n<h2>Propiedad \u2013 Discurso \u2013 Recepci\u00f3n<\/h2>\n<p style=\"text-align: justify;\">Despu\u00e9s de tres jornadas de estudio y un <a href=\"\/colloqueleaders2014\/\">coloquio internacional en 2014<\/a>, ADAL organiza su segundo coloquio internacional sobre el tema de medios de comunicaci\u00f3n en y sobre Am\u00e9rica Latina.<br \/>\nEn efecto, los medios (prensa, cine, radio, televisi\u00f3n, internet) despiertan el inter\u00e9s no s\u00f3lo de investigadores que cuestionan su funcionamiento sino tambi\u00e9n de los poderes pol\u00edticos y econ\u00f3micos que tratan a menudo de influenciar o controlar a los medios. Estos \u00faltimos son igualmente objeto de inter\u00e9s para ciudadanos que buscan apropi\u00e1rselos con el fin de hacerse visibles, promover diferentes causas, movilizar a la poblaci\u00f3n, etc.<br \/>\n\u00bfEstos interrogantes se plantean de forma diferente en Am\u00e9rica Latina? \u00bflas particularidades hist\u00f3ricas, culturales, econ\u00f3micas del continente hacen que los medios de comunicaci\u00f3n funcionen de forma diferente? As\u00ed, el objetivo de este evento es el de reunir investigadores de diversas disciplinas alrededor del tema de medios de comunicaci\u00f3n en y sobre Am\u00e9rica Latina. Es decir, nos interesa tambi\u00e9n observar c\u00f3mo los medios de comunicaci\u00f3n en otras partes del mundo ven a Am\u00e9rica Latina y a sus medios.<br \/>\nEste coloquio constituye igualmente una oportunidad para revisitar la literatura cl\u00e1sica sobre medios de comunicaci\u00f3n a la luz de nuevas pr\u00e1cticas, as\u00ed como tambi\u00e9n para intercambiar en torno a temas como la econom\u00eda de los mismos, sus discursos y su recepci\u00f3n.<\/p>\n<p><a href=\"\/colloquemedias2017\/es\/convocatoria\/\">Ver el texto completo de la convocatoria<\/a><\/p>\n","protected":false},"excerpt":{"rendered":"<p>Fecha l\u00edmite para el env\u00edo de propuestas:&nbsp; 7 de marzo de 2016 a colloque.medias@colloquemedias2017.org Medios y Am\u00e9rica Latina 2017 Propiedad \u2013 Discurso \u2013 Recepci\u00f3n Despu\u00e9s de tres jornadas de estudio y un coloquio internacional en 2014, ADAL organiza su segundo coloquio internacional sobre el tema de medios de comunicaci\u00f3n en y sobre Am\u00e9rica Latina. En &hellip; <a href=\"https:\/\/adalassociation.org\/colloquemedias2017\/es\/inicio\/\" class=\"more-link\">Continuer la lecture de <span class=\"screen-reader-text\">Inicio<\/span> <span class=\"meta-nav\">&rarr;<\/span><\/a><\/p>\n","protected":false},"author":1,"featured_media":0,"parent":0,"menu_order":0,"comment_status":"closed","ping_status":"closed","template":"","meta":{"footnotes":""},"class_list":["post-94","page","type-page","status-publish","hentry"],"_links":{"self":[{"href":"https:\/\/adalassociation.org\/colloquemedias2017\/wp-json\/wp\/v2\/pages\/94","targetHints":{"allow":["GET"]}}],"collection":[{"href":"https:\/\/adalassociation.org\/colloquemedias2017\/wp-json\/wp\/v2\/pages"}],"about":[{"href":"https:\/\/adalassociation.org\/colloquemedias2017\/wp-json\/wp\/v2\/types\/page"}],"author":[{"embeddable":true,"href":"https:\/\/adalassociation.org\/colloquemedias2017\/wp-json\/wp\/v2\/users\/1"}],"replies":[{"embeddable":true,"href":"https:\/\/adalassociation.org\/colloquemedias2017\/wp-json\/wp\/v2\/comments?post=94"}],"version-history":[{"count":6,"href":"https:\/\/adalassociation.org\/colloquemedias2017\/wp-json\/wp\/v2\/pages\/94\/revisions"}],"predecessor-version":[{"id":935,"href":"https:\/\/adalassociation.org\/colloquemedias2017\/wp-json\/wp\/v2\/pages\/94\/revisions\/935"}],"wp:attachment":[{"href":"https:\/\/adalassociation.org\/colloquemedias2017\/wp-json\/wp\/v2\/media?parent=94"}],"curies":[{"name":"wp","href":"https:\/\/api.w.org\/{rel}","templated":true}]}}