{"id":71,"date":"2016-01-08T11:03:30","date_gmt":"2016-01-08T10:03:30","guid":{"rendered":"http:\/\/colloquemedias2017.org\/?page_id=71"},"modified":"2020-09-23T11:25:00","modified_gmt":"2020-09-23T10:25:00","slug":"chamadas-para-trabalhos","status":"publish","type":"page","link":"https:\/\/adalassociation.org\/colloquemedias2017\/br\/chamadas-para-trabalhos\/","title":{"rendered":"Chamadas para trabalhos"},"content":{"rendered":"<p><a href=\"https:\/\/adalassociation.org\/colloquemedias2017\/br\/chamada_coloquio_midas-al\/\">Vers\u00e3o pdf<\/a><\/p>\n<h1 style=\"text-align: center;\">As m\u00eddias e a Am\u00e9rica Latina<\/h1>\n<h2 style=\"text-align: center;\">Propriedade &#8211; Discurso &#8211; Recep\u00e7\u00e3o<\/h2>\n<h3 style=\"text-align: center;\"><em>Col\u00f3quio Internacional<\/em><br \/>\n<em> IUT Robert Schuman \u2013 Universidade de Estrasburgo<\/em><br \/>\n<em> Estrasburgo, 18 a 20 janeiro de 2017<\/em><\/h3>\n<h3><\/h3>\n<p style=\"text-align: justify;\">Os s\u00e9culos XX e XXI mostraram a import\u00e2ncia crescente das m\u00eddias nas sociedades latino-americanas. &nbsp;Pode-se, por exemplo, citar a cobertura feita pelo canal Telesur do golpe de Estado contra o presidente de Honduras, Manuel Zelaya, em 2009, enquanto outras redes mantiveram o sil\u00eancio sobre o assunto. Em outro contexto, as m\u00eddias tradicionais da Venezuela foram acusadas de complac\u00eancia diante do golpe de estado contra o presidente Hugo Ch\u00e1vez em 2002. Na Col\u00f4mbia, criticam-se as m\u00eddias tradicionais por seu sil\u00eancio sobre a situa\u00e7\u00e3o das v\u00edtimas da viol\u00eancia paramilitar e das for\u00e7as armadas do Estado. &nbsp;Mais recentemente, o presidente da Venezuela, Nicolas Maduro, denunciou a atitude das grandes m\u00eddias colombianas pela difus\u00e3o de falsas informa\u00e7\u00f5es. Medindo a import\u00e2ncia das m\u00eddias, alguns governos da Am\u00e9rica latina modificaram ou publicaram leis sobre as m\u00eddias. &nbsp;\u00c9 o caso, por exemplo, da lei 26.533, ou \u00ab&nbsp;Ley de medios&nbsp;\u00bb<sup><a href=\"https:\/\/www.argentina.gob.ar\/pais\/94-ley-de-servicios-de-comunicacion-audiovisual.php\">1<\/a><\/sup>, promulgada na Argentina em 2009 pela presidente Cristina Fern\u00e1ndez de Kirchner para substituir a lei de radiodifus\u00e3o precedente, em vigor desde a ditadura militar. &nbsp;A lei de responsabilidade social de r\u00e1dio e de televis\u00e3o (\u00ab&nbsp;Ley resorte&nbsp;\u00bb<sup><a href=\"https:\/\/www.leyresorte.gob.ve\/ley-resorte\/\">2<\/a><\/sup>), aprovada em 2004 na Venezuela, \u00e9 outro exemplo.<\/p>\n<p style=\"text-align: justify;\">Com efeito, constata-se que o papel das m\u00eddias de massa (impressa, r\u00e1dio, televis\u00e3o, internet) na sociedade atrai o interesse n\u00e3o apenas dos pesquisadores (ver, por exemplo&nbsp;: Balle, 2011&nbsp;; Breton, Proulx, 2002&nbsp;; Herman, 2002&nbsp;; Rieffel, 2005&nbsp;; Sabucedo, Rodr\u00edguez, 1997), mas tamb\u00e9m de numerosas personalidades pol\u00edticas, de grupos de interesse e de organiza\u00e7\u00f5es cidad\u00e3s. &nbsp;Enquanto os primeiros buscaram sobretudo compreender at\u00e9 que ponto os conte\u00fados difundidos pelas m\u00eddias podem influenciar o comportamentos dos indiv\u00edduos, os segundos buscam em especial instrumentalizar suas rela\u00e7\u00f5es com os jornalistas ou os dirigentes para torna-los mais favor\u00e1veis \u00e0s suas causas. Por outro lado, em per\u00edodos de crise, de conflito ou ainda em tempos de guerra, as m\u00eddias podem se tornar \u00ab&nbsp;armas&nbsp;\u00bb de comunica\u00e7\u00e3o (Allan, Zelizer, 2004&nbsp;; Barreto, Borja, Serrano, L\u00f3pez, 2009&nbsp;; Bernays, 2007&nbsp;; Carruthers, 2011&nbsp;; Charaudeau, Lochard, Soulages, Fernandez, Croll, 2001&nbsp;; Charon, Mercier, 2004) e a maneira como alguns sujeitos ou certos grupos sociais s\u00e3o tratados pelos jornalistas e as m\u00eddias \u00e9 com frequ\u00eancia denunciada. Os profissionais da informa\u00e7\u00e3o s\u00e3o tamb\u00e9m, com certa frequ\u00eancia, acusados de fornecer uma representa\u00e7\u00e3o superficial e redutora da \u00ab&nbsp;realidade&nbsp;\u00bb, de ati\u00e7ar os conflitos e as guerras ou ainda de tornar invis\u00edveis certos assuntos e certos atores sociais (Herman, Chomsky, 2003&nbsp;; Iyengar, 1991&nbsp;; Pardo Abril, 2008).<\/p>\n<p style=\"text-align: justify;\">Seja como for, reconhece-se a influ\u00eancia das m\u00eddias sobre a constru\u00e7\u00e3o das agendas pol\u00edticas e sobre a \u00ab&nbsp;leitura&nbsp;\u00bb da realidade que prop\u00f5em. Com a emerg\u00eancia das novas tecnologias, interessa-se igualmente pela forma como os cidad\u00e3os influenciam a agenda das m\u00eddias tradicionais gra\u00e7as \u00e0s m\u00eddias alternativas e \u00e0s \u00ab&nbsp;novas&nbsp;\u00bb m\u00eddias, como a Internet (Charon, 2007&nbsp;; Charron, 1995&nbsp;; Coutant, Stenger, 2012&nbsp;; Gurevitch, Coleman, Blumler, 2009&nbsp;; Heaton, Millette, Proulx, Muse, 2012&nbsp;; Mathien, 2006). Outras interroga\u00e7\u00f5es incidem sobre a maneira como os receptores das m\u00eddias se apropriam, decodificam, negociam ou rejeitam as mensagens midi\u00e1ticas, quest\u00f5es que t\u00eam sido objeto de estudos emp\u00edricos e de reflex\u00f5es te\u00f3ricas (Breton, Proulx, 2002&nbsp;; Jou\u00ebt, 2000&nbsp;; Ologeanu-Taddei, Staii, 2009).<\/p>\n<p style=\"text-align: justify;\">Tais quest\u00f5es sobre as m\u00eddias est\u00e3o colocadas de maneira diferente na Am\u00e9rica latina&nbsp;? &nbsp;As particularidades hist\u00f3ricas, culturais e econ\u00f4micas do continente levariam \u00e0s m\u00eddias de massa latino-americanas a funcionar de modo diferente do restante do mundo? O objetivo deste col\u00f3quio, portanto, \u00e9 de reunir pesquisadores, oriundos de diversas disciplinas, em torno das m\u00eddias na Am\u00e9rica latina e sobre a Am\u00e9rica latina. Em outros termos, trata-se n\u00e3o apenas de analisar as m\u00eddias da Am\u00e9rica latina, mas tamb\u00e9m de observar como as m\u00eddias do mundo olham a Am\u00e9rica latina e suas m\u00eddias.<\/p>\n<p style=\"text-align: justify;\">Nessa perspectiva, v\u00e1rios eixos s\u00e3o propostos, de maneira n\u00e3o exaustiva:<\/p>\n<ul style=\"text-align: justify;\">\n<li>\n<h3>Propriedade e internacionaliza\u00e7\u00e3o das m\u00eddias<\/h3>\n<\/li>\n<\/ul>\n<p style=\"text-align: justify;\">Conv\u00e9m se interrogar sobre as diferen\u00e7as entre os grandes grupos midi\u00e1ticos privados e as m\u00eddias que se apresentam como mais democr\u00e1ticas. Notam-se cada vez mais iniciativas cidad\u00e3s que buscam introduzir m\u00eddias alternativas, comunit\u00e1rias e que d\u00e3o a palavra aos exclu\u00eddos das m\u00eddias tradicionais. Novas iniciativas p\u00fablicas tamb\u00e9m surgiram. Grandes m\u00eddias que reivindicam uma linha editorial diferente das empresas tradicionais assumem doravante um papel importante na cena pol\u00edtica. Pensamos, notadamente, na rede Telesur ou ainda nas parcerias como a da Telesur e Russia Today. As vers\u00f5es em espanhol de algumas redes de televis\u00e3o como a rede chinesa CCTV mostram tamb\u00e9m o interesse de outras regi\u00f5es do mundo pela Am\u00e9rica latina. Assim, essas m\u00eddias que reivindicam uma linha editorial engajada funcionam com modelos econ\u00f4micos distintos daqueles que financiam as m\u00eddias pela publicidade ou por doa\u00e7\u00f5es. Esses novos modelos operam ao lado das m\u00eddias tradicionais, p\u00fablicas ou privadas, e abrem novas quest\u00f5es quanto ao seu papel, seu modo de financiamento, suas rela\u00e7\u00f5es com os poderes p\u00fablicos, o espa\u00e7o destinado \u00e0 palavra cidad\u00e3. Em outros termos, eles colocam em causa \u00ab a objetividade \u00bb das m\u00eddias tradicionais.<\/p>\n<ul style=\"text-align: justify;\">\n<li>\n<h3>Discurso das m\u00eddias \/ An\u00e1lise dos conte\u00fados midi\u00e1ticos<\/h3>\n<\/li>\n<\/ul>\n<p style=\"text-align: justify;\">O interesse pode se voltar, por outro lado, para os pr\u00f3prios \u00ab conte\u00fados \u00bb midi\u00e1ticos, ou seja, para os discursos das m\u00eddias. Encontrar\u00e3o aqui o seu lugar as contribui\u00e7\u00f5es que buscam analisar a maneira como as m\u00eddias representam e\/ou interpretam a \u00ab realidade \u00bb latino-americana. Como esses \u00faltimos d\u00e3o conta, por exemplo:<\/p>\n<p style=\"padding-left: 30px; text-align: justify;\">\u2713&nbsp; Da polariza\u00e7\u00e3o pol\u00edtica (como, por exemplo, na Venezuela, no M\u00e9xico, na Col\u00f4mbia, no Brasil, entre outros)&nbsp;?<br \/>\n\u2713 Da diversidade social (\u00e9tnica, de g\u00eanero, etc.)&nbsp;?<br \/>\n\u2713 Da pobreza e dos problemas que podem gerar (exclus\u00e3o, marginaliza\u00e7\u00e3o, delinqu\u00eancia, etc.)&nbsp;?<br \/>\n\u2713 Das normas e dos valores sociais (aquelas evocadas, por exemplo, nos debates sobre a descriminaliza\u00e7\u00e3o do aborto ou sobre o direito ao casamento para os casais homossexuais em numerosos pa\u00edses da Am\u00e9rica latina)&nbsp;?<\/p>\n<p style=\"text-align: justify;\">Pode-se questionar, al\u00e9m disso, em que medida as m\u00eddias, enquanto produtoras de discursos, assumem um papel de constru\u00e7\u00e3o dessas realidades sociais (Searle, 1998&nbsp;; Moirand, 2008).<\/p>\n<p style=\"text-align: justify;\">Este col\u00f3quio ser\u00e1 igualmente a ocasi\u00e3o para se interrogar sobre a quest\u00e3o do acontecimento. Com efeito, esse \u00faltimo nos chega, em primeiro lugar, por meio das m\u00eddias. &nbsp;Acolher-se-\u00e1, portanto, nesse eixo, as contribui\u00e7\u00f5es que estudam o tratamento midi\u00e1tico do acontecimento, que se trate de um acontecimento ef\u00eamero (uma elei\u00e7\u00e3o, a morte de uma personalidade pol\u00edtica, um golpe de Estado, etc.), ou de um \u00ab&nbsp;macro-acontecimento&nbsp;\u00bb, que se inscreve numa longa dura\u00e7\u00e3o (tal como o conflito armado na Col\u00f4mbia). Nessa perspectiva, \u00e9 poss\u00edvel se interrogar sobre o papel do discurso midi\u00e1tico na constru\u00e7\u00e3o da mem\u00f3ria coletiva e da hist\u00f3ria imediata (Langue, 2003&nbsp;; Krieg, 2000&nbsp;; Moirand, 2007&nbsp;; Calabrese, 2013).<\/p>\n<p style=\"text-align: justify;\">As proposi\u00e7\u00f5es poder\u00e3o se centrar tanto sobre o discurso da informa\u00e7\u00e3o quanto sobre o discurso ficcional das m\u00eddias (por exemplo, nas Telenovelas e outras s\u00e9ries que fazem grande sucesso h\u00e1 muitos anos na Am\u00e9rica latina e no resto do mundo). As proposi\u00e7\u00f5es deste eixo tratar\u00e3o seja do discurso das m\u00eddias latino-americanas, seja do discurso das m\u00eddias de outras regi\u00f5es sobre a Am\u00e9rica latina.<\/p>\n<ul style=\"text-align: justify;\">\n<li>\n<h3>Recep\u00e7\u00e3o das m\u00eddias<\/h3>\n<\/li>\n<\/ul>\n<p style=\"text-align: justify;\">O terceiro eixo deste col\u00f3quio corresponde \u00e0 recep\u00e7\u00e3o dos discursos midi\u00e1ticos, um dos polos menos desenvolvidos nos estudos comunicacionais. Quaisquer que sejam as m\u00eddias, tradicionais ou novas, buscamos levantar quest\u00f5es sobre a problem\u00e1tica de sua recep\u00e7\u00e3o, centrando-nos sobre as rela\u00e7\u00f5es entre os discursos midi\u00e1ticos e seu p\u00fablico. Com efeito, o p\u00fablico, no sentido amplo, \u00e9 parte essencial da informa\u00e7\u00e3o enquanto coprodutor da significa\u00e7\u00e3o. A oferta de informa\u00e7\u00f5es atinge hoje uma tamanha dimens\u00e3o que nos parece ser pertinente desenvolv\u00ea-la em dois sub eixos (n\u00e3o exaustivos) : de um lado, as atitudes e as pr\u00e1ticas dos indiv\u00edduos face aos conte\u00fados transmitidos pelas diferentes m\u00eddias e, de outro lado, os diferentes m\u00e9todos capazes de estudar a problem\u00e1tica da recep\u00e7\u00e3o das m\u00eddias pelos indiv\u00edduos. As contribui\u00e7\u00f5es, oriundas tanto das ci\u00eancias da informa\u00e7\u00e3o, da sociologia, da etnografia da recep\u00e7\u00e3o, da psicologia social, quanto da hist\u00f3ria, entre outras, poder\u00e3o se centrar sobre as pr\u00e1ticas e a constru\u00e7\u00e3o do sentido dos receptores, as ancoragens sociais da recep\u00e7\u00e3o e as evolu\u00e7\u00f5es que implicam as novas m\u00eddias. Por exemplo, a multiplicidade das m\u00eddias modificou as pr\u00e1ticas dos indiv\u00edduos? A televis\u00e3o, o r\u00e1dio, a imprensa escrita, e mais recentemente a internet, necessitam, respectivamente, de mobiliza\u00e7\u00f5es cognitivas diferentes da parte dos receptores?<\/p>\n<h3 style=\"text-align: justify;\">Organiza\u00e7\u00e3o<\/h3>\n<p style=\"text-align: justify;\">As proposi\u00e7\u00f5es podem ser enviadas em franc\u00eas, em espanhol ou em portugu\u00eas ao endere\u00e7o &nbsp;colloque.medias@colloquemedias2017.org em um arquivo word anonimizado, contendo unicamente o t\u00edtulo da proposta, um resumo de no m\u00e1ximo 500 palavras, 5 palavras-chave e 5 refer\u00eancias bibliogr\u00e1ficas. No corpo do email, o proponente dever\u00e1 incluir o nome do autor (a), sua liga\u00e7\u00e3o institucional e sua disciplina, seu endere\u00e7o eletr\u00f4nico e o t\u00edtulo da proposta.<\/p>\n<p style=\"text-align: justify;\">A l\u00edngua oficial do col\u00f3quio \u00e9 o franc\u00eas, mas as comunica\u00e7\u00f5es poder\u00e3o igualmente ser apresentadas em espanhol e em portugu\u00eas. &nbsp;Nesse caso, pede-se aos participantes que preparem um suporte power point em franc\u00eas.<\/p>\n<p style=\"text-align: justify;\">Como resultado do evento, uma sele\u00e7\u00e3o de artigos ser\u00e1 publicada na forma de livros ou revistas, em suporte impresso e\/ou eletr\u00f4nico. Para isso, um texto completo de 20&nbsp;000 caracteres ser\u00e1 solicitado aos autores aceitos e, nesse caso, dever\u00e1 ser enviado at\u00e9 o dia 30 de novembro de 2016. &nbsp;Os textos ser\u00e3o avaliados pelo comit\u00ea cient\u00edfico para publica\u00e7\u00e3o.<\/p>\n<h3>Calend\u00e1rio&nbsp;:<\/h3>\n<ul>\n<li><strong>7 de mar\u00e7o de &nbsp;2016<\/strong>: envio das propostas ao endere\u00e7o colloque.medias@colloquemedias2017.org<\/li>\n<li><strong>Junho de 2016:<\/strong> resposta \u00e0s propostas.<\/li>\n<li><strong>Outubro de 2016:<\/strong> abertura de inscri\u00e7\u00f5es.<\/li>\n<li><strong>30 de novembro de 2016:<\/strong> envio do texto completo.<\/li>\n<li><strong>18 a 20 de janeiro de 2017:<\/strong> per\u00edodo de realiza\u00e7\u00e3o do col\u00f3quio.<\/li>\n<\/ul>\n<h3>Conferencistas confirmados :<\/h3>\n<p>Wander EMEDIATO (Universidade Federal de Minas Gerais)<br \/>\nAline HELG (Universit\u00e9 de G\u00e9n\u00e8ve)<br \/>\nJairo LUGO-OCANDO (University of Leeds)<br \/>\nSophie MOIRAND (Sorbonne nouvelle \u2013 Paris 3 \u2013 Syled-Cediscor)<br \/>\nNeyla Graciela PARDO ABRIL (Universidad Nacional de Colombia)<\/p>\n<h3>Comit\u00ea organizador :<\/h3>\n<p>Morgan DONOT (CREDA \u2013 Paris 3 \u2013 Sorbonne nouvelle)<br \/>\nWander EMEDIATO (Universidade Federal de Minas Gerais)<br \/>\nAilin NACUCCHIO (EHESS)<br \/>\nClaudio RAMIREZ (Universit\u00e9 Catholique de Louvain \u2013 K.U. Leuven)<br \/>\nEglantine SAMOUTH (Universit\u00e9 de la R\u00e9union, DIRE\/CEDITEC)<br \/>\nYeny SERRANO (Universit\u00e9 de Strasbourg \u2013 LISEC)<\/p>\n<p style=\"padding-left: 30px;\">Com a colabora\u00e7\u00e3o dos estudantes de comunica\u00e7\u00e3o da IUT Robert Schuman :<br \/>\nThibaut MENUGE, Mannel OUARTI, Micha\u00ebl WISS, khedidja ZEROUALI, Maximilein SZREDNICKI<\/p>\n<p>&nbsp;<\/p>\n<h3>Comit\u00ea Cient\u00edfico :<\/h3>\n<p>Cl\u00e9mentine BERJAUD (Universit\u00e9 Paris 1 Panth\u00e9on-Sorbonne)<br \/>\nHenri BOYER (Universit\u00e9 Montpellier III \u2013 Dipralang)<br \/>\nEmmanuelle CHEVRY (Universit\u00e9 de Strasbourg \u2013 LISEC)<br \/>\nMorgan DONOT (CREDA \u2013 Paris 3 \u2013 Sorbonne nouvelle)<br \/>\nWander EMEDIATO (Universidade Federal de Minas Gerais)<br \/>\nErika GUEVARA (Universit\u00e9 Paris 8)<br \/>\nAline HELG (Universit\u00e9 de Gen\u00e8ve)<br \/>\nMyriam HERNANDEZ (Universit\u00e9 Lille 3 \u2013 CEDITEC)<br \/>\nSophie KENNEL (Universit\u00e9 de Strasbourg \u2013 LISEC)<br \/>\nAlice KRIEG-PLANQUE (UPEC \u2013 CEDITEC)<br \/>\nJean-Marc LEBLANC (UPEC \u2013 CEDITEC)<br \/>\nDominique MAINGUENEAU (Paris IV Sorbonne \u2013 STIH)<br \/>\nSophie MOIRAND (Sorbonne nouvelle \u2013 Paris 3 \u2013 Syled-Cediscor)<br \/>\nAilin NACUCCHIO (EHESS)<br \/>\nNeyla Graciela PARDO ABRIL (Universidad Nacional de Colombia)<br \/>\nRicardo PE\u00d1AFIEL (Universit\u00e9 du Qu\u00e9bec \u00e0 Montr\u00e9al)<br \/>\nCarlos PIOVEZANI (Universidade Federal de S\u00e3o Carlos)<br \/>\nClaudio RAMIREZ (Universit\u00e9 Catholique de Louvain \u2013 K.U. Leuven)<br \/>\nDar\u00edo RODRIGUEZ (CREDA \u2013 Paris 3 \u2013 Sorbonne nouvelle)<br \/>\nEglantine SAMOUTH (Universit\u00e9 de la R\u00e9union, DIRE\/CEDITEC)<br \/>\nPablo SEGOVIA (Universidad de Playa Ancha)<br \/>\nYeny SERRANO (Universit\u00e9 de Strasbourg \u2013LISEC)<br \/>\nPhilippe VIALLON (Universit\u00e9 de Strasbourg \u2013 LISEC)<\/p>\n<h3>Institui\u00e7\u00f5es parceiras&nbsp;:<\/h3>\n<ul>\n<li>Association ADAL (Analyse des Discours de l\u2019Am\u00e9rique Latine):<a href=\"https:\/\/adalassociation.org\/\">https:\/\/adalassociation.org<\/a><\/li>\n<li>IUT Robert Schuman:&nbsp;<a href=\"https:\/\/iutrs.unistra.fr\/\">https:\/\/iutrs.unistra.fr<\/a><\/li>\n<li>D\u00e9partement Information Communication \u2013 IUT Robert Schuman<\/li>\n<li>Chaire UNESCO sur les pratiques journalistiques et m\u00e9diatiques<\/li>\n<li>LISEC (Laboratoire Interuniversitaires des Sciences de l\u2019\u00c9ducation et de la Communication): <a href=\"https:\/\/www.lisec-recherche.eu\/\">www.lisec-recherche.eu<\/a><\/li>\n<li>CEDITEC (Centre d\u2019\u00e9tude des discours, images, textes, \u00e9crits, communication):&nbsp;<a href=\"https:\/\/ceditec.u-pec.fr\/\">https:\/\/ceditec.u-pec.fr<\/a><\/li>\n<li>Parlamento europeu: &nbsp;<a href=\"https:\/\/www.europarl.europa.eu\/portal\/pt\">https:\/\/www.europarl.europa.eu\/portal\/pt<\/a><\/li>\n<li>DIRE (D\u00e9placements, Identit\u00e9s, Regards, \u00c9critures): <a href=\"https:\/\/dire.univ-reunion.fr\">https:\/\/dire.univ-reunion.fr<\/a><\/li>\n<\/ul>\n<h3><a href=\"https:\/\/adalassociation.org\/colloquemedias2017\/br\/bibliografia\/\">Bibliografia indicativa proposta pelo comit\u00ea organizador:<\/a><\/h3>\n<p><a href=\"https:\/\/adalassociation.org\/colloquemedias2017\/br\/chamada_coloquio_midas-al\/\">Vers\u00e3o pdf<\/a><\/p>\n","protected":false},"excerpt":{"rendered":"<p>Vers\u00e3o pdf As m\u00eddias e a Am\u00e9rica Latina Propriedade &#8211; Discurso &#8211; Recep\u00e7\u00e3o Col\u00f3quio Internacional IUT Robert Schuman \u2013 Universidade de Estrasburgo Estrasburgo, 18 a 20 janeiro de 2017 Os s\u00e9culos XX e XXI mostraram a import\u00e2ncia crescente das m\u00eddias nas sociedades latino-americanas. &nbsp;Pode-se, por exemplo, citar a cobertura feita pelo canal Telesur do golpe &hellip; <a href=\"https:\/\/adalassociation.org\/colloquemedias2017\/br\/chamadas-para-trabalhos\/\" class=\"more-link\">Continuer la lecture de <span class=\"screen-reader-text\">Chamadas para trabalhos<\/span> <span class=\"meta-nav\">&rarr;<\/span><\/a><\/p>\n","protected":false},"author":1,"featured_media":0,"parent":0,"menu_order":0,"comment_status":"closed","ping_status":"open","template":"","meta":{"footnotes":""},"class_list":["post-71","page","type-page","status-publish","hentry"],"_links":{"self":[{"href":"https:\/\/adalassociation.org\/colloquemedias2017\/wp-json\/wp\/v2\/pages\/71","targetHints":{"allow":["GET"]}}],"collection":[{"href":"https:\/\/adalassociation.org\/colloquemedias2017\/wp-json\/wp\/v2\/pages"}],"about":[{"href":"https:\/\/adalassociation.org\/colloquemedias2017\/wp-json\/wp\/v2\/types\/page"}],"author":[{"embeddable":true,"href":"https:\/\/adalassociation.org\/colloquemedias2017\/wp-json\/wp\/v2\/users\/1"}],"replies":[{"embeddable":true,"href":"https:\/\/adalassociation.org\/colloquemedias2017\/wp-json\/wp\/v2\/comments?post=71"}],"version-history":[{"count":14,"href":"https:\/\/adalassociation.org\/colloquemedias2017\/wp-json\/wp\/v2\/pages\/71\/revisions"}],"predecessor-version":[{"id":969,"href":"https:\/\/adalassociation.org\/colloquemedias2017\/wp-json\/wp\/v2\/pages\/71\/revisions\/969"}],"wp:attachment":[{"href":"https:\/\/adalassociation.org\/colloquemedias2017\/wp-json\/wp\/v2\/media?parent=71"}],"curies":[{"name":"wp","href":"https:\/\/api.w.org\/{rel}","templated":true}]}}