{"id":448,"date":"2016-12-20T17:47:36","date_gmt":"2016-12-20T16:47:36","guid":{"rendered":"http:\/\/colloquemedias2017.org\/?page_id=448"},"modified":"2017-01-16T14:21:38","modified_gmt":"2017-01-16T13:21:38","slug":"programabr","status":"publish","type":"page","link":"https:\/\/adalassociation.org\/colloquemedias2017\/br\/programabr\/","title":{"rendered":"Programa"},"content":{"rendered":"<table class=\"calendar\" style=\"width: 90%;\" border=\"1px\">\n<tbody>\n<tr>\n<td class=\"naranja\"><\/td>\n<td class=\"naranja\" style=\"text-align: center;\" colspan=\"2\">\n<h3><strong>18 de janeiro 2017<\/strong><\/h3>\n<\/td>\n<\/tr>\n<tr>\n<td style=\"width: 10%;\">8h45 &#8211; 9h15<\/td>\n<td colspan=\"2\"><strong>Recep\u00e7\u00e3o<\/strong><\/td>\n<\/tr>\n<tr>\n<td style=\"width: 10%;\">9h15 &#8211; 9h45<\/td>\n<td style=\"text-align: center;\" colspan=\"2\">\n<h6>Abertura do Col\u00f3quio<\/h6>\n<p><strong> Yeny Serrano<\/strong> (IUT Robert Schuman \/ ADAL)<br \/>\n<strong>Morgan Donot<\/strong> (Pr\u00e9sidente ADAL)<br \/>\n<strong>Jay Rowell<\/strong> (Vice-pr\u00e9sident &#8211; D\u00e9l\u00e9gu\u00e9 Recherche &#8211; Universit\u00e9 de Strasbourg)<br \/>\n<strong>Franz Luthi<\/strong> (Chef du d\u00e9partement Information \u2013 Communication &#8211; IUT Robert Schuman)<br \/>\n<strong><span style=\"color: #0066b3;\">Amphi LEO<\/span><\/strong><\/td>\n<\/tr>\n<tr>\n<td style=\"width: 10%;\">9h45 &#8211; 10h45<\/td>\n<td class=\"gris\" style=\"text-align: center;\" colspan=\"2\">\n<h6>Plen\u00e1rio 1.<br \/>\n\u00ab\u00a0<em>Les m\u00e9dias, une source pour \u00e9crire l\u2019histoire ?<\/em>\u00ab\u00a0<\/h6>\n<p><strong> Aline Helg<\/strong> (Universit\u00e9 de Gen\u00e8ve)<br \/>\n<em>Moderadora : <\/em><strong>Yeny Serrano <\/strong>(Universit\u00e9 de Strasbourg \/ IUT Robert Schuman)<br \/>\n<strong><span style=\"color: #0066b3;\">Amphi LEO<\/span><\/strong><\/td>\n<\/tr>\n<tr>\n<td style=\"width: 10%;\">10h45 &#8211; 11h15<\/td>\n<td class=\"beige\" style=\"width: 50%;\" colspan=\"2\"><strong>Pausa<\/strong><span style=\"font-size: 12pt;\"><br \/>\n<\/span><\/td>\n<\/tr>\n<tr>\n<td style=\"width: 10%;\">11h15 &#8211; 12h45<\/td>\n<td class=\"gris\">\n<h6 style=\"text-align: center;\">Atelier 1. Discours m\u00e9diatique au Br\u00e9sil<\/h6>\n<p style=\"text-align: center;\"><em>moderadora:<\/em> <strong>Paula Camila Mesti<\/strong> (Universidade Federal de S\u00e3o Carlos)<br \/>\n<strong>Salle LEO 003<\/strong><\/p>\n<hr \/>\n<p><strong>Tamires Bonani Conti<\/strong> (PPGL\/UFSCar &#8211; Brasil), <strong>Ligia Mara Boin Menossi de Ara\u00fajo<\/strong> (UFSCar &#8211; Brasil)<br \/>\n<em>\u201cVOLTA, LULA\u201d: as rela\u00e7\u00f5es de duelos e alian\u00e7as em charges pol\u00edticas<\/em><\/p>\n<hr \/>\n<p><strong>Luzmara Curcino<\/strong> (Universidade Federal de S\u00e3o Carlos)<br \/>\n<em>A m\u00eddia e suas formas de constru\u00e7\u00e3o do perfil de pol\u00edticos brasileiros: discursos e preconceitos sobre a fala, a escrita e a leitura<\/em><\/p>\n<hr \/>\n<p><strong>Maria Lucia de Paiva<\/strong> <strong>Jacobini<\/strong> (Pontif\u00edcia Universidade Cat\u00f3lica de Campinas),<br \/>\n<em>Personagens de uma crise permanente no Brasil: um olhar sobre as vozes exclu\u00eddas durante contexto de crise mundial<\/em><\/td>\n<td class=\"gris\">\n<h6 style=\"text-align: center;\">Atelier 2. Identit\u00e9s, images et st\u00e9r\u00e9otypes dans les m\u00e9dias<\/h6>\n<p style=\"text-align: center;\"><em>moderador: <\/em><strong>Claudio Ram\u00edrez<\/strong> (Universit\u00e9 Catholique de Louvain)<br \/>\n<strong>Salle LEO 004<\/strong><\/p>\n<hr \/>\n<p><strong>Bernardo Amigo Latorre<\/strong> (Universidad de Chile), <strong>Maria Cecilia Bravo<\/strong> (Universidad de Chile)<br \/>\n<em>Estereotipos de g\u00e9nero en la televisi\u00f3n chilena: la diversidad postergada<\/em><\/p>\n<hr \/>\n<p><strong>Pablo Segovia Lacoste<\/strong> (Universidad de Concepci\u00f3n)<br \/>\n<em>La mediatizaci\u00f3n del \u201cconflicto mapuche\u201d en la prensa escrita chilena: un acercamiento desde el an\u00e1lisis del discurso<\/em><\/p>\n<hr \/>\n<p><strong>Priscila Pilatowsky<\/strong> (Institut des Hautes Etudes de l\u2019Am\u00e9rique Latine)<br \/>\n<em>La r\u00e9volution en papier : Propagande graphique au Mexique (1937-1940)<\/em><\/td>\n<\/tr>\n<tr>\n<td style=\"width: 10%;\">12h45 &#8211; 14h15<\/td>\n<td colspan=\"2\"><strong>Almo\u00e7o<\/strong><\/td>\n<\/tr>\n<tr>\n<td style=\"width: 10%;\">14h15 &#8211; 15h15<\/td>\n<td class=\"gris\" colspan=\"2\">\n<h6 style=\"text-align: center;\">Plen\u00e1rio 2.<br \/>\n\u00ab\u00a0<em>O verbo, o corpo e a voz do povo na m\u00eddia brasileira contempor\u00e2nea<\/em>\u00ab\u00a0<\/h6>\n<p style=\"text-align: center;\"><strong>Carlos Piovezani <\/strong>(UFSCar \/ FAPESP 20016\/04024-0)<br \/>\n<em>Pr\u00e9sidence de table :<\/em><strong> Dar\u00edo Rodr\u00edguez <\/strong>(CREDA \u2013 Paris 3)<em><strong><br \/>\n<\/strong><\/em><strong><span style=\"color: #0066b3;\">Amphi LEO<\/span><\/strong><em><strong><br \/>\n<\/strong><\/em><\/p>\n<\/td>\n<\/tr>\n<tr>\n<td style=\"width: 10%;\">15h15 &#8211; 15h45<\/td>\n<td style=\"width: 45%;\" colspan=\"2\"><strong>Pausa<\/strong><span style=\"font-size: 12pt;\"><br \/>\n<\/span><\/td>\n<\/tr>\n<tr>\n<td style=\"width: 10%;\">15h45 &#8211; 17h15<\/td>\n<td class=\"gris\" style=\"width: 45%; text-align: left;\">\n<h6 style=\"text-align: center;\">Atelier 3. Cuba dans la presse \u00e9trang\u00e8re<\/h6>\n<p style=\"text-align: center;\"><em>moderadora: <\/em><strong>Yeny Serrano <\/strong>(Universit\u00e9 de Strasbourg \/ IUT Robert Schuman)<br \/>\n<strong>Salle LEO 003<\/strong><\/p>\n<hr \/>\n<p style=\"text-align: left;\"><strong>Mar\u00eda Delia Mac\u00edas Parra<\/strong> (Universidad de Oviedo)<br \/>\n<em>La prensa espa\u00f1ola ante la realidad social cubana durante la \u201ccrisis de las embajadas\u201d<br \/>\n<\/em><\/p>\n<hr \/>\n<p style=\"text-align: left;\"><strong>Henry Hern\u00e1ndez Bayter<\/strong> (Universit\u00e9 Charles de Gaulle \u2013 Lille 3)<br \/>\n<em>Les nouvelles relations entre Cuba et les Etats-Unis : \u00e9tude contrastive de la presse \u00e9crite de deux c\u00f4t\u00e9s des 90 milles <\/em><\/p>\n<\/td>\n<td class=\"gris\" style=\"width: 45%; text-align: left;\">\n<h6 style=\"text-align: center;\">Atelier 4. Discours et m\u00e9dias en Argentine<\/h6>\n<p style=\"text-align: center;\"><em>moderador: <\/em><strong>Pablo Segovia Lacoste <\/strong>(Universidad de Concepci\u00f3n)<br \/>\n<strong>Salle LEO 004<\/strong><\/p>\n<hr \/>\n<p><strong>Mar\u00eda Cecilia Reviglio<\/strong> (Universidad Nacional de Rosario), <strong>Alejandro Sambrana<\/strong> (Universidad Nacional de Rosario)<br \/>\n<em>Nuevos medios, discursos y pol\u00edtica: La presencia de los pol\u00edticos en la red y las respuestas de su electorado en \u00e9pocas de campa\u00f1a en una ciudad argentina<\/em><\/p>\n<hr \/>\n<p style=\"text-align: left;\"><strong>Dar\u00edo Rodr\u00edguez<\/strong> (CREDA\/IHEAL)<br \/>\n<em>La construction du \u00ab charisme m\u00e9diatique \u00bb. Le cas de Carlos Menem (1989-1999) en Argentine<br \/>\n<\/em><\/p>\n<\/td>\n<\/tr>\n<tr>\n<td style=\"width: 10%;\">17h15 &#8211;\u00a0 18h45<\/td>\n<td class=\"gris\" colspan=\"2\">\n<h6 style=\"text-align: center;\">Lan\u00e7amento publica\u00e7\u00f5es<\/h6>\n<p style=\"text-align: center;\">\u00ab <em>Leaders et leadership dans les d\u00e9mocraties contemporaines<\/em> \u00bb, Morgan Donot, Dar\u00edo Rodr\u00edguez, Yeny Serrano (coord.), Strasbourg : PUS, 2016.<br \/>\n\u00ab <em>Discours, identit\u00e9 et leadership pr\u00e9sidentiel en Am\u00e9rique latine<\/em> \u00bb, Morgan Donot, Christian Le Bart, Yeny Serrano (coord.), Paris : L\u2019Harmattan.<br \/>\n<em>Coment\u00e1rio: <\/em><strong><strong>Sophie Moirand <\/strong><\/strong>(Universit\u00e9 Sorbonne nouvelle, Clesthia \u2013 Cediscor)<strong><strong><br \/>\n<span style=\"color: #0066b3;\">Amphi LEO<\/span><br \/>\n<\/strong><\/strong><\/p>\n<\/td>\n<\/tr>\n<tr>\n<td style=\"width: 10%;\">18h45 &#8211; 20h15<\/td>\n<td style=\"width: 45%;\" colspan=\"2\">\n<p style=\"text-align: center;\"><strong>COQUETEL<br \/>\n<span style=\"color: #0066b3;\">Salle LEO 006<\/span><br \/>\n<\/strong><\/p>\n<\/td>\n<\/tr>\n<\/tbody>\n<\/table>\n<p>&nbsp;<\/p>\n<table class=\"calendar\" style=\"width: 90%;\" border=\"1px\">\n<tbody>\n<tr>\n<td class=\"naranja\"><\/td>\n<td class=\"naranja\" style=\"text-align: center;\" colspan=\"2\">\n<h3><strong>19 de janeiro 2017<\/strong><\/h3>\n<\/td>\n<\/tr>\n<tr>\n<td style=\"width: 10%;\">Encontro 9h15<\/td>\n<td style=\"width: 45%;\" colspan=\"2\">\n<p style=\"text-align: center;\"><strong>Visita guiada ao Parlamento europeu <\/strong><\/p>\n<p style=\"text-align: center;\">(1, avenue du Pr\u00e9sident Robert Schuman, F-67070 Strasbourg cedex)<\/p>\n<p style=\"text-align: center;\"><strong>Tranway E<\/strong> &#8211; direction Robertsau Boecklin \u2013 <strong>Parada \u00ab Parlement Europ\u00e9en \u00bb<\/strong><\/p>\n<\/td>\n<\/tr>\n<tr>\n<td style=\"width: 10%;\">12h45 &#8211; 14h15<\/td>\n<td colspan=\"2\"><strong>Almo\u00e7o<\/strong><\/td>\n<\/tr>\n<tr>\n<td style=\"width: 10%;\">14h15 &#8211; 15h15<\/td>\n<td class=\"gris\" style=\"width: 45%; text-align: left;\" colspan=\"2\">\n<h6 style=\"text-align: center;\">Plen\u00e1rio 3.<br \/>\n\u00ab\u00a0<em>El discurso del periodismo latinoamericano tiene que ser menos ilustrado y matem\u00e1tico en el siglo XXI<\/em>\u00ab\u00a0<\/h6>\n<p style=\"text-align: center;\"><strong>Jairo Lugo-Ocando <\/strong>(University of Leeds)<br \/>\n<em>Moderadora:<\/em> <strong>Yeny Serrano <\/strong>(Universit\u00e9 de Strasbourg \/ IUT Robert Schuman)<br \/>\n<strong><span style=\"color: #0066b3;\">Amphi LEO<\/span><\/strong><\/p>\n<\/td>\n<\/tr>\n<tr>\n<td style=\"width: 10%;\">15h15 &#8211; 15h45<\/td>\n<td style=\"width: 45%;\" colspan=\"2\"><strong>Pausa<\/strong><\/td>\n<\/tr>\n<tr>\n<td style=\"width: 10%;\">15h45 &#8211; 17h15<\/td>\n<td class=\"gris\" style=\"width: 45%;\">\n<h6 style=\"text-align: center;\">Atelier 5. Discours m\u00e9diatiques au \/ sur le Br\u00e9sil<\/h6>\n<p style=\"text-align: center;\"><em>moderador: <\/em><strong>Carlos Piovezani <\/strong>(UFSCar)<br \/>\n<strong>Salle LEO 003<\/strong><\/p>\n<hr \/>\n<p><strong>Cidicley Miranda Dos Santos<\/strong> (Universit\u00e9 Fran\u00e7ois Rabelais de Tours)<br \/>\n<em>La mise en feuilleton de l&rsquo;information : l&rsquo;histoire d&rsquo;amour de la guenon Capitu dans le Jornal Nacional de la TV Globo<\/em><\/p>\n<hr \/>\n<p><strong> Gilmar Adolfo<\/strong><strong> Hermes<\/strong> (Universit\u00e9 F\u00e9d\u00e9rale de Pelotas)<br \/>\n<em>Vers\u00e3o Jornal\u00edstica do Projeto G\u00eanesis<\/em><\/p>\n<hr \/>\n<p><strong>Camila Ribeiro<\/strong> (Universit\u00e9 de Picardie Jules Verne)<br \/>\n<em>La construction sociale de la r\u00e9alit\u00e9 br\u00e9silienne par un journal fran\u00e7ais<\/em><\/td>\n<td class=\"gris\" style=\"width: 45%;\">\n<h6 style=\"text-align: center;\">Atelier 6. M\u00e9moire et conflits dans le discours m\u00e9diatique<\/h6>\n<p style=\"text-align: center;\"><em>moderadora: <\/em><strong>Eglantine Samouth <\/strong>(Universit\u00e9 de la R\u00e9union, DIRE)<br \/>\n<strong>Salle LEO 004<\/strong><\/p>\n<hr \/>\n<p><strong>Gauthier Alexandre Herrera<\/strong> (Universit\u00e9 Panth\u00e9on-Assas Paris 2)<br \/>\n<em>La construction m\u00e9diatique des victimes et des h\u00e9ros du conflit colombien, le pass\u00e9 et l\u2019avenir du r\u00e9cit national<\/em><\/p>\n<hr \/>\n<p><strong>Ana Mar\u00eda Corrarello<\/strong> (Universidad de Buenos Aires)<br \/>\n<em>Actualizaci\u00f3n de t\u00f3picos y usos del pasado en la publicaci\u00f3n medi\u00e1tica del di\u00e1logo Fidel-Ch\u00e1vez tras la conspiraci\u00f3n militar del 2002. (Granma, 28-3-2014) <\/em><\/td>\n<\/tr>\n<tr>\n<td style=\"width: 10%;\"><\/td>\n<td colspan=\"2\"><\/td>\n<\/tr>\n<tr>\n<td style=\"width: 10%;\">&nbsp;<\/p>\n<p>17h30 &#8211; 19h<\/td>\n<td class=\"gris\" colspan=\"2\">\n<h6 style=\"text-align: center;\">Mesa redonda<br \/>\n\u00ab\u00a0<em>Medios y actualidad pol\u00edtica en Am\u00e9rica Latina<\/em>\u00ab\u00a0<\/h6>\n<p style=\"text-align: center;\"><strong>Hugo Passerello Luna<\/strong> (journaliste ind\u00e9pendant)<br \/>\n<strong>H\u00e9l\u00e8ne Roux<\/strong> (chercheure associ\u00e9e \u00e0 l&rsquo;UMR \u00ab\u00a0D\u00e9veloppement et soci\u00e9t\u00e9s\u00a0\u00bb, Paris 1)<br \/>\n<strong>Beno\u00eet Hervieu <\/strong>(journaliste ind\u00e9pendant<strong>,<\/strong> charg\u00e9 de communication au Comede, enseignant \u00e0 l&rsquo;IHEAL)<br \/>\n<em>Moderador<\/em> : <strong>Jairo Lugo-Ocando<\/strong> (University of Leeds)<br \/>\n<strong><span style=\"color: #0066b3;\">Amphi LEO<\/span><\/strong><\/p>\n<\/td>\n<\/tr>\n<tr>\n<td style=\"width: 10%;\">20h<\/td>\n<td style=\"text-align: center;\" colspan=\"2\"><strong>Jantar no centro da cidade<br \/>\n<\/strong><strong>Restaurante \u201cLa Bourse Brasserie\u201d<\/strong><br \/>\n1, Place du Mar\u00e9chal de Lattre de Tassigny &#8211; F67000 \u2013 Strasbourg<br \/>\nTranway A \/ D \u2013 Parada \u00ab\u00a0Etoile\/Bourse\u00a0\u00bb ou \u00ab\u00a0Porte de l\u2019Hopital\u00a0\u00bb<\/td>\n<\/tr>\n<\/tbody>\n<\/table>\n<p>&nbsp;<\/p>\n<table class=\"calendar\" style=\"width: 90%;\" border=\"1px\">\n<tbody>\n<tr>\n<td class=\"naranja\"><\/td>\n<td class=\"naranja\" style=\"text-align: center; width: 100%;\" colspan=\"2\">\n<h3><strong>20 de janeiro 2017<\/strong><\/h3>\n<\/td>\n<\/tr>\n<tr>\n<td style=\"width: 10%;\">9h45 &#8211; 10h45<\/td>\n<td class=\"gris\" style=\"width: 90%; text-align: center;\" colspan=\"2\">\n<h6 style=\"text-align: center;\">Plen\u00e1rio 4.<br \/>\n\u00ab\u00a0<em>Producci\u00f3n semi\u00f3tico-discursiva del miedo en las narrativas sobre la pobreza y el desarrollo en la prensa colombiana<\/em>\u00ab\u00a0<\/h6>\n<p><strong>Neyla Graciela Pardo Abril<\/strong> (Universidad Nacional de Colombia)<br \/>\n<em>Moderadora: <\/em><strong>Eglantine Samouth<\/strong> (Universit\u00e9 de la R\u00e9union, DIRE)<br \/>\n<strong><span style=\"color: #0066b3;\">Amphi LEO<br \/>\n<\/span><\/strong><\/td>\n<\/tr>\n<tr>\n<td style=\"width: 10%;\">10h45 &#8211; 11h15<\/td>\n<td style=\"width: 90%;\" colspan=\"2\"><strong>Pausa<\/strong><\/td>\n<\/tr>\n<tr>\n<td style=\"width: 10%;\">11h15 &#8211; 12h45<\/td>\n<td class=\"gris\" style=\"width: 30.0331%;\">\n<h6 style=\"text-align: center;\">Atelier 7. M\u00e9dias, dictature et m\u00e9moire<\/h6>\n<p style=\"text-align: center;\"><em>moderadora: <\/em><strong>Morgan Donot<\/strong> (CREDA \u2013 Paris 3 \u2013 Sorbonne nouvelle)<br \/>\n<strong>Salle LEO 003<\/strong><\/p>\n<hr \/>\n<p><strong>Ana Soledad Montero<\/strong> (Universit\u00e9 de Buenos Aires, Universit\u00e9 de San Martin)<br \/>\n<em>Disputas medi\u00e1ticas en torno al objeto discursivo \u201cdictadura c\u00edvico-militar\u201d en la Argentina reciente<\/em><\/p>\n<hr \/>\n<p><strong>Antoine Faure<\/strong> (Universit\u00e9 Finis Terrae)<br \/>\n<em>L&rsquo;histoire comme fiction t\u00e9l\u00e9vis\u00e9e. \u00ab\u00a0Los Archivos del Cardenal\u00a0\u00bb (2011-2014) et la m\u00e9moire du r\u00e9gime autoritaire chilien (1973-1990)<\/em><\/td>\n<td class=\"gris\" style=\"width: 29.9669%;\">\n<h6 style=\"text-align: center;\">Atelier 8. Nouveaux m\u00e9dias au Br\u00e9sil<\/h6>\n<p style=\"text-align: center;\"><em>moderador:<\/em> <strong>Ailin Nacucchio<\/strong> (Paris 3 &#8211; Sorbonne nouvelle)<br \/>\n<strong>Salle LEO 004<\/strong><\/p>\n<hr \/>\n<p><strong>Solange Kurpiel<\/strong> (Universit\u00e9 Lumi\u00e8re Lyon 2, Universidade Federal do Paran\u00e1)<br \/>\n<em>Les outsiders de la production d&rsquo;information en ligne et la reconfiguration du paysage m\u00e9diatique au Br\u00e9sil<\/em><\/p>\n<hr \/>\n<p><strong>Paula Camila Mesti<\/strong> (Universidade Federal de S\u00e3o Carlos)<br \/>\n<em>As novas pr\u00e1ticas midi\u00e1ticas e o processo de Incorpora\u00e7\u00e3o de eth\u00e9 discursivos<\/em><\/td>\n<\/tr>\n<tr>\n<td style=\"width: 10%;\">12h45 &#8211; 14h15<\/td>\n<td style=\"width: 90%;\" colspan=\"2\"><strong>Almo\u00e7o<\/strong><\/td>\n<\/tr>\n<tr>\n<td style=\"width: 10%;\">14h15 &#8211; 15h15<\/td>\n<td class=\"gris\" style=\"text-align: center; width: 90%;\" colspan=\"2\">\n<h6 style=\"text-align: center;\">Plen\u00e1rio 5.<br \/>\n\u00ab <em>Dire l\u2019actualit\u00e9 aujourd\u2019hui : \u00e9l\u00e9ments pour un parcours transdisciplinaire dans l\u2019analyse du discours des m\u00e9dias \u00bb<\/em><\/h6>\n<p><strong>Sophie Moirand <\/strong>(Universit\u00e9 Sorbonne nouvelle, Clesthia \u2013 Cediscor)<em><br \/>\nModeradora: <\/em><strong>Morgan Donot <\/strong>(CREDA \u2013 Paris 3 \u2013 Sorbonne nouvelle)<br \/>\n<strong><span style=\"color: #0066b3;\">Amphi LEO<\/span><\/strong><\/td>\n<\/tr>\n<tr>\n<td style=\"width: 10%;\">15h15 &#8211; 15h45<\/td>\n<td style=\"text-align: center; width: 90%;\" colspan=\"2\"><strong>Conclu\u00e7\u00e3o col\u00f3quio<\/strong><br \/>\n<strong>ADAL<br \/>\n<\/strong><strong><span style=\"color: #0066b3;\">Amphi LEO<\/span><\/strong><\/td>\n<\/tr>\n<tr>\n<td style=\"width: 10%;\">15h45 &#8211; 16h<\/td>\n<td class=\"gris\" style=\"width: 90%;\" colspan=\"2\"><strong>Pausa<\/strong><\/td>\n<\/tr>\n<tr>\n<td style=\"width: 10%;\">16h &#8211; 17h30<\/td>\n<td style=\"text-align: center; width: 90%;\" colspan=\"2\">\n<h6 style=\"text-align: center;\">Assembleia Geral Asocia\u00e7\u00e3o ADAL<\/h6>\n<p>Membres ADAL<br \/>\n<strong><span style=\"color: #0066b3;\">Salle LEO 003<\/span><\/strong><\/td>\n<\/tr>\n<\/tbody>\n<\/table>\n<p>&nbsp;<\/p>\n","protected":false},"excerpt":{"rendered":"<p>18 de janeiro 2017 8h45 &#8211; 9h15 Recep\u00e7\u00e3o 9h15 &#8211; 9h45 Abertura do Col\u00f3quio Yeny Serrano (IUT Robert Schuman \/ ADAL) Morgan Donot (Pr\u00e9sidente ADAL) Jay Rowell (Vice-pr\u00e9sident &#8211; D\u00e9l\u00e9gu\u00e9 Recherche &#8211; Universit\u00e9 de Strasbourg) Franz Luthi (Chef du d\u00e9partement Information \u2013 Communication &#8211; IUT Robert Schuman) Amphi LEO 9h45 &#8211; 10h45 Plen\u00e1rio 1. \u00ab\u00a0Les &hellip; <a href=\"https:\/\/adalassociation.org\/colloquemedias2017\/br\/programabr\/\" class=\"more-link\">Continuer la lecture de <span class=\"screen-reader-text\">Programa<\/span> <span class=\"meta-nav\">&rarr;<\/span><\/a><\/p>\n","protected":false},"author":1,"featured_media":0,"parent":0,"menu_order":0,"comment_status":"closed","ping_status":"closed","template":"","meta":{"footnotes":""},"class_list":["post-448","page","type-page","status-publish","hentry"],"_links":{"self":[{"href":"https:\/\/adalassociation.org\/colloquemedias2017\/wp-json\/wp\/v2\/pages\/448","targetHints":{"allow":["GET"]}}],"collection":[{"href":"https:\/\/adalassociation.org\/colloquemedias2017\/wp-json\/wp\/v2\/pages"}],"about":[{"href":"https:\/\/adalassociation.org\/colloquemedias2017\/wp-json\/wp\/v2\/types\/page"}],"author":[{"embeddable":true,"href":"https:\/\/adalassociation.org\/colloquemedias2017\/wp-json\/wp\/v2\/users\/1"}],"replies":[{"embeddable":true,"href":"https:\/\/adalassociation.org\/colloquemedias2017\/wp-json\/wp\/v2\/comments?post=448"}],"version-history":[{"count":44,"href":"https:\/\/adalassociation.org\/colloquemedias2017\/wp-json\/wp\/v2\/pages\/448\/revisions"}],"predecessor-version":[{"id":663,"href":"https:\/\/adalassociation.org\/colloquemedias2017\/wp-json\/wp\/v2\/pages\/448\/revisions\/663"}],"wp:attachment":[{"href":"https:\/\/adalassociation.org\/colloquemedias2017\/wp-json\/wp\/v2\/media?parent=448"}],"curies":[{"name":"wp","href":"https:\/\/api.w.org\/{rel}","templated":true}]}}