{"id":297,"date":"2016-04-26T15:55:34","date_gmt":"2016-04-26T14:55:34","guid":{"rendered":"http:\/\/colloquemedias2017.org\/?page_id=297"},"modified":"2018-10-18T15:03:50","modified_gmt":"2018-10-18T14:03:50","slug":"inscricoes","status":"publish","type":"page","link":"https:\/\/adalassociation.org\/colloquemedias2017\/br\/inscricoes\/","title":{"rendered":"Inscri\u00e7\u00f5es"},"content":{"rendered":"<h2><a href=\"#\" target=\"_new&quot;\">1. Formul\u00e1rio de inscri\u00e7\u00e3o<\/a><\/h2>\n<p>Para fazer um pedido de inscri\u00e7\u00e3o, por favor, <a href=\"#\">clique no link<\/a> a seguir e preencha o formul\u00e1rio, depois volte a esta p\u00e1gina para continuar o procedimento.<br \/> <a id=\"reg\"><\/a><\/p>\n<h2>Tabela de valores para inscri\u00e7\u00e3o*<\/h2>\n<table style=\"border-color: #000000;\" border=\"1px\">\n<tbody>\n<tr>\n<td style=\"width: 249.85px; border-color: #000000;\"><\/td>\n<td style=\"width: 160.083px; border-color: #000000; text-align: center;\"><strong>Antes de 31 <\/strong><\/p>\n<p><strong>de outubro de 2016<\/strong><\/p>\n<p><strong>\u00a0<\/strong><\/td>\n<td style=\"width: 160.067px; border-color: #000000; text-align: center;\"><strong>Depois de 01 de <\/strong><\/p>\n<p><strong>novembro de 2016<\/strong><\/p>\n<p><strong>\u00a0<\/strong><\/td>\n<\/tr>\n<tr>\n<td style=\"width: 249.85px; border-color: #000000;\"><strong>\u00a0 Estudantes \/ doutorandos **<br \/>\n<\/strong><\/td>\n<td style=\"text-align: center; width: 160.083px; border-color: #000000;\">100\u00a0\u20ac<\/td>\n<td style=\"text-align: center; width: 160.067px; border-color: #000000;\">130\u00a0\u20ac<\/td>\n<\/tr>\n<tr>\n<td style=\"width: 249.85px; border-color: #000000;\"><strong>\u00a0 Docentes \/ pesquisadores \/ Outros<br \/>\n<\/strong><\/td>\n<td style=\"text-align: center; width: 160.083px; border-color: #000000;\">120\u00a0\u20ac<\/td>\n<td style=\"text-align: center; width: 160.067px; border-color: #000000;\">150\u00a0\u20ac<\/td>\n<\/tr>\n<\/tbody>\n<\/table>\n<p>*O valor da inscri\u00e7\u00e3o inclui o acesso \u00e0s sess\u00f5es do col\u00f3quio, suporte t\u00e9cnico aos participantes do evento, pausas (coffee breaks), coquetel de boas-vindas e as refei\u00e7\u00f5es (sob inscri\u00e7\u00e3o pr\u00e9via).<\/p>\n<p>** Para os estudantes e doutorandos (as) da universidade de Estrasburgo a inscri\u00e7\u00e3o \u00e9 gratuita, mas obrigat\u00f3ria. As refei\u00e7\u00f5es n\u00e3o est\u00e3o inclu\u00eddas.<\/p>\n<p>&nbsp;<br \/>\n<a id=\"pay\"><\/a><\/p>\n<h2>3. Formas de pagamento<\/h2>\n<h3>Transfer\u00eancia banc\u00e1ria \/ Paypal<\/h3>\n<blockquote>\n<h3>Transfer\u00eancia banc\u00e1ria:<\/h3>\n<p>N\u00famero da conta: 00010128316<br \/> IBAN: FR76 3000 4008 9500 0101 2831 626<br \/> BIC: BNPAFRPPPGB<br \/> Banco: BNP Paribas<\/p>\n<\/blockquote>\n<h3>PayPal :<\/h3>\n","protected":false},"excerpt":{"rendered":"<p>1. Formul\u00e1rio de inscri\u00e7\u00e3o Para fazer um pedido de inscri\u00e7\u00e3o, por favor, clique no link a seguir e preencha o formul\u00e1rio, depois volte a esta p\u00e1gina para continuar o procedimento. Tabela de valores para inscri\u00e7\u00e3o* Antes de 31 de outubro de 2016 \u00a0 Depois de 01 de novembro de 2016 \u00a0 \u00a0 Estudantes \/ doutorandos &hellip; <a href=\"https:\/\/adalassociation.org\/colloquemedias2017\/br\/inscricoes\/\" class=\"more-link\">Continuer la lecture de <span class=\"screen-reader-text\">Inscri\u00e7\u00f5es<\/span> <span class=\"meta-nav\">&rarr;<\/span><\/a><\/p>\n","protected":false},"author":1,"featured_media":0,"parent":0,"menu_order":0,"comment_status":"closed","ping_status":"closed","template":"","meta":{"footnotes":""},"class_list":["post-297","page","type-page","status-publish","hentry"],"_links":{"self":[{"href":"https:\/\/adalassociation.org\/colloquemedias2017\/wp-json\/wp\/v2\/pages\/297","targetHints":{"allow":["GET"]}}],"collection":[{"href":"https:\/\/adalassociation.org\/colloquemedias2017\/wp-json\/wp\/v2\/pages"}],"about":[{"href":"https:\/\/adalassociation.org\/colloquemedias2017\/wp-json\/wp\/v2\/types\/page"}],"author":[{"embeddable":true,"href":"https:\/\/adalassociation.org\/colloquemedias2017\/wp-json\/wp\/v2\/users\/1"}],"replies":[{"embeddable":true,"href":"https:\/\/adalassociation.org\/colloquemedias2017\/wp-json\/wp\/v2\/comments?post=297"}],"version-history":[{"count":9,"href":"https:\/\/adalassociation.org\/colloquemedias2017\/wp-json\/wp\/v2\/pages\/297\/revisions"}],"predecessor-version":[{"id":852,"href":"https:\/\/adalassociation.org\/colloquemedias2017\/wp-json\/wp\/v2\/pages\/297\/revisions\/852"}],"wp:attachment":[{"href":"https:\/\/adalassociation.org\/colloquemedias2017\/wp-json\/wp\/v2\/media?parent=297"}],"curies":[{"name":"wp","href":"https:\/\/api.w.org\/{rel}","templated":true}]}}