{"id":294,"date":"2016-01-11T11:36:32","date_gmt":"2016-01-11T10:36:32","guid":{"rendered":"http:\/\/colloquemedias2017.org\/?page_id=294"},"modified":"2018-10-18T15:01:42","modified_gmt":"2018-10-18T14:01:42","slug":"inscripciones","status":"publish","type":"page","link":"https:\/\/adalassociation.org\/colloquemedias2017\/es\/inscripciones\/","title":{"rendered":"Inscripciones"},"content":{"rendered":"<h2><a href=\"#\" target=\"_new&quot;\">1. Formulario de inscripci\u00f3n<\/a><\/h2>\n<p>Para iniciar el proceso de inscripci\u00f3n, por favor, llene el formulario de <a href=\"#\" target=\"_new&quot;\">este enlace -desactivado-.<\/a> Despu\u00e9s debe continuar aqu\u00ed.<br \/>\n<a id=\"reg\"><\/a><\/p>\n<h2>Cuotas de inscripci\u00f3n*<\/h2>\n<table style=\"border-color: #000000;\" border=\"1px\">\n<tbody>\n<tr>\n<td style=\"width: 249.85px; border-color: #000000;\"><\/td>\n<td style=\"width: 160.083px; border-color: #000000; text-align: center;\"><strong>Inscripci\u00f3n antes del<\/strong><\/p>\n<p><strong>31 de octubre de 2016<\/strong><\/p>\n<p><strong>\u00a0<\/strong><\/td>\n<td style=\"width: 160.067px; border-color: #000000; text-align: center;\"><strong>Inscripci\u00f3n a partir del<\/strong><\/p>\n<p><strong>1ro de noviembre 2016<\/strong><\/p>\n<p><strong>\u00a0<\/strong><\/td>\n<\/tr>\n<tr>\n<td style=\"width: 249.85px; border-color: #000000;\"><strong>\u00a0 Estudiantes \/ Doctorandos**<br \/>\n<\/strong><\/td>\n<td style=\"text-align: center; width: 160.083px; border-color: #000000;\">100\u00a0\u20ac<\/td>\n<td style=\"text-align: center; width: 160.067px; border-color: #000000;\">130\u00a0\u20ac<\/td>\n<\/tr>\n<tr>\n<td style=\"width: 249.85px; border-color: #000000;\"><strong>\u00a0 Docentes \/ Investigadores \/ Otros<br \/>\n<\/strong><\/td>\n<td style=\"text-align: center; width: 160.083px; border-color: #000000;\">120\u00a0\u20ac<\/td>\n<td style=\"text-align: center; width: 160.067px; border-color: #000000;\">150\u00a0\u20ac<\/td>\n<\/tr>\n<\/tbody>\n<\/table>\n<p>*La cuota de inscripci\u00f3n incluye la acreditaci\u00f3n y libre acceso a las sesiones del coloquio, material del evento, las pausas (coffee breaks), el c\u00f3ctel de bienvenida, y los almuerzos (inscripci\u00f3n previa obligatoria).<\/p>\n<p>** Para los estudiantes y doctorandos de la Universidad de Estrasburgo la inscripci\u00f3n es gratuita pero obligatoria. Los almuerzos no est\u00e1n incluidos.<br \/>\n<a id=\"pay\"><\/a><\/p>\n<h2>3. Formas de pago<\/h2>\n<h3>Transferencia bancaria \/ Paypal<\/h3>\n<blockquote>\n<h3>Transferencia bancaria:<\/h3>\n<p>N\u00famero de cuenta: 00010128316<br \/>\nIBAN: FR76 3000 4008 9500 0101 2831 626<br \/>\nBIC: BNPAFRPPPGB<br \/>\nBanco: BNP Paribas<\/p><\/blockquote>\n<h3>PayPal :<\/h3>\n","protected":false},"excerpt":{"rendered":"<p>1. Formulario de inscripci\u00f3n Para iniciar el proceso de inscripci\u00f3n, por favor, llene el formulario de este enlace -desactivado-. Despu\u00e9s debe continuar aqu\u00ed. Cuotas de inscripci\u00f3n* Inscripci\u00f3n antes del 31 de octubre de 2016 \u00a0 Inscripci\u00f3n a partir del 1ro de noviembre 2016 \u00a0 \u00a0 Estudiantes \/ Doctorandos** 100\u00a0\u20ac 130\u00a0\u20ac \u00a0 Docentes \/ Investigadores \/ &hellip; <a href=\"https:\/\/adalassociation.org\/colloquemedias2017\/es\/inscripciones\/\" class=\"more-link\">Continuer la lecture de <span class=\"screen-reader-text\">Inscripciones<\/span> <span class=\"meta-nav\">&rarr;<\/span><\/a><\/p>\n","protected":false},"author":1,"featured_media":0,"parent":0,"menu_order":0,"comment_status":"closed","ping_status":"closed","template":"","meta":{"footnotes":""},"class_list":["post-294","page","type-page","status-publish","hentry"],"_links":{"self":[{"href":"https:\/\/adalassociation.org\/colloquemedias2017\/wp-json\/wp\/v2\/pages\/294","targetHints":{"allow":["GET"]}}],"collection":[{"href":"https:\/\/adalassociation.org\/colloquemedias2017\/wp-json\/wp\/v2\/pages"}],"about":[{"href":"https:\/\/adalassociation.org\/colloquemedias2017\/wp-json\/wp\/v2\/types\/page"}],"author":[{"embeddable":true,"href":"https:\/\/adalassociation.org\/colloquemedias2017\/wp-json\/wp\/v2\/users\/1"}],"replies":[{"embeddable":true,"href":"https:\/\/adalassociation.org\/colloquemedias2017\/wp-json\/wp\/v2\/comments?post=294"}],"version-history":[{"count":11,"href":"https:\/\/adalassociation.org\/colloquemedias2017\/wp-json\/wp\/v2\/pages\/294\/revisions"}],"predecessor-version":[{"id":851,"href":"https:\/\/adalassociation.org\/colloquemedias2017\/wp-json\/wp\/v2\/pages\/294\/revisions\/851"}],"wp:attachment":[{"href":"https:\/\/adalassociation.org\/colloquemedias2017\/wp-json\/wp\/v2\/media?parent=294"}],"curies":[{"name":"wp","href":"https:\/\/api.w.org\/{rel}","templated":true}]}}