{"id":286,"date":"2016-04-26T15:41:05","date_gmt":"2016-04-26T14:41:05","guid":{"rendered":"http:\/\/colloquemedias2017.org\/?page_id=286"},"modified":"2018-10-18T14:48:11","modified_gmt":"2018-10-18T13:48:11","slug":"inscriptions","status":"publish","type":"page","link":"https:\/\/adalassociation.org\/colloquemedias2017\/fr\/inscriptions\/","title":{"rendered":"Inscriptions"},"content":{"rendered":"<h2><a href=\"#\" target=\"_new&quot;\">1. Formulaire d\u2019inscription<\/a><\/h2>\n<p>Pour faire une demande d&rsquo;inscription, veuillez s&rsquo;il vous pla\u00eet, remplir le formulaire en suivant <a href=\"#\" >&#8211; lien d\u00e9sactiv\u00e9 -,<\/a>\u00a0 puis continuez la proc\u00e9dure ici.<br \/>\n<a id=\"reg\"><\/a><\/p>\n<h2>2. Frais d\u2019inscription*<\/h2>\n<p>&nbsp;<\/p>\n<table style=\"border-color: #000000;\" border=\"1px\">\n<tbody>\n<tr>\n<td style=\"width: 249.85px; border-color: #000000;\"><\/td>\n<td style=\"width: 160.083px; border-color: #000000; text-align: center;\"><strong>Paiement avant le<\/strong><\/p>\n<p><strong>31 octobre 2016<\/strong><\/p>\n<p><strong>\u00a0<\/strong><\/td>\n<td style=\"width: 160.067px; border-color: #000000; text-align: center;\"><strong>Paiement \u00e0 partir du<\/strong><\/p>\n<p><strong>1er novembre 2016<\/strong><\/p>\n<p><strong>\u00a0<\/strong><\/td>\n<\/tr>\n<tr>\n<td style=\"width: 249.85px; border-color: #000000;\"><strong>\u00a0 \u00c9tudiants \/ Doctorants** <\/strong><\/td>\n<td style=\"text-align: center; width: 160.083px; border-color: #000000;\">100\u00a0\u20ac<\/td>\n<td style=\"text-align: center; width: 160.067px; border-color: #000000;\">130\u00a0\u20ac<\/td>\n<\/tr>\n<tr>\n<td style=\"width: 249.85px; border-color: #000000;\"><strong>\u00a0 Chercheurs \/ Enseignants \/ Autres<\/strong><\/td>\n<td style=\"text-align: center; width: 160.083px; border-color: #000000;\">120\u00a0\u20ac<\/td>\n<td style=\"text-align: center; width: 160.067px; border-color: #000000;\">150\u00a0\u20ac<\/td>\n<\/tr>\n<\/tbody>\n<\/table>\n<p>*L\u2019inscription comprend l\u2019assistance au colloque, le soutien logistique des communications, les pauses-caf\u00e9, le cocktail de bienvenue et les d\u00e9jeuners (sur inscription pr\u00e9alable).<\/p>\n<p>** Pour les \u00e9tudiant-e-s et doctorant-e-s de l\u2019universit\u00e9 de Strasbourg l\u2019inscription est gratuite, mais obligatoire. Les d\u00e9jeuners ne sont pas pris en charge<br \/>\n<a id=\"pay\"><\/a><\/p>\n<h2>3. Modalit\u00e9s de paiement<\/h2>\n<h3>Transfert bancaire \/ Ch\u00e8que \/ Paypal<\/h3>\n<blockquote>\n<h3>Transfert bancaire:<\/h3>\n<p>Num\u00e9ro du compte: 00010128316<br \/>\nIBAN: FR76 3000 4008 9500 0101 2831 626<br \/>\nBIC: BNPAFRPPPGB<br \/>\nBanque: BNP Paribas<\/p>\n<p>&nbsp;<\/p>\n<p><strong>Ch\u00e8que :<\/strong><\/p>\n<p>Association ADAL<br \/>\nInstitut des Am\u00e9riques, 8e \u00e9tage, Bureau ADAL<br \/>\n60 boulevard du Lyc\u00e9e<br \/>\n92170 Vanves<br \/>\nFrance<\/p>\n<p>&nbsp;<\/p>\n<h3>Paypal<\/h3>\n<\/blockquote>\n","protected":false},"excerpt":{"rendered":"<p>1. Formulaire d\u2019inscription Pour faire une demande d&rsquo;inscription, veuillez s&rsquo;il vous pla\u00eet, remplir le formulaire en suivant &#8211; lien d\u00e9sactiv\u00e9 -,\u00a0 puis continuez la proc\u00e9dure ici. 2. Frais d\u2019inscription* &nbsp; Paiement avant le 31 octobre 2016 \u00a0 Paiement \u00e0 partir du 1er novembre 2016 \u00a0 \u00a0 \u00c9tudiants \/ Doctorants** 100\u00a0\u20ac 130\u00a0\u20ac \u00a0 Chercheurs \/ Enseignants &hellip; <a href=\"https:\/\/adalassociation.org\/colloquemedias2017\/fr\/inscriptions\/\" class=\"more-link\">Continuer la lecture de <span class=\"screen-reader-text\">Inscriptions<\/span> <span class=\"meta-nav\">&rarr;<\/span><\/a><\/p>\n","protected":false},"author":1,"featured_media":0,"parent":0,"menu_order":0,"comment_status":"closed","ping_status":"closed","template":"","meta":{"footnotes":""},"class_list":["post-286","page","type-page","status-publish","hentry"],"_links":{"self":[{"href":"https:\/\/adalassociation.org\/colloquemedias2017\/wp-json\/wp\/v2\/pages\/286","targetHints":{"allow":["GET"]}}],"collection":[{"href":"https:\/\/adalassociation.org\/colloquemedias2017\/wp-json\/wp\/v2\/pages"}],"about":[{"href":"https:\/\/adalassociation.org\/colloquemedias2017\/wp-json\/wp\/v2\/types\/page"}],"author":[{"embeddable":true,"href":"https:\/\/adalassociation.org\/colloquemedias2017\/wp-json\/wp\/v2\/users\/1"}],"replies":[{"embeddable":true,"href":"https:\/\/adalassociation.org\/colloquemedias2017\/wp-json\/wp\/v2\/comments?post=286"}],"version-history":[{"count":15,"href":"https:\/\/adalassociation.org\/colloquemedias2017\/wp-json\/wp\/v2\/pages\/286\/revisions"}],"predecessor-version":[{"id":850,"href":"https:\/\/adalassociation.org\/colloquemedias2017\/wp-json\/wp\/v2\/pages\/286\/revisions\/850"}],"wp:attachment":[{"href":"https:\/\/adalassociation.org\/colloquemedias2017\/wp-json\/wp\/v2\/media?parent=286"}],"curies":[{"name":"wp","href":"https:\/\/api.w.org\/{rel}","templated":true}]}}