{"id":21,"date":"2015-12-15T11:51:51","date_gmt":"2015-12-15T10:51:51","guid":{"rendered":"http:\/\/colloquemedias2017.org\/?page_id=21"},"modified":"2020-09-23T10:47:45","modified_gmt":"2020-09-23T09:47:45","slug":"accueil","status":"publish","type":"page","link":"https:\/\/adalassociation.org\/colloquemedias2017\/fr\/accueil\/","title":{"rendered":"Accueil"},"content":{"rendered":"<h5 style=\"text-align: center;\">Date limite pour l\u2019envoi des propositions de communication : <a media=\"print and (resolution:300dpi)\">7 mars 2016<\/a> \u00e0 <u>colloque.medias@colloquemedias2017.org<\/u><\/h5>\n<h1>Les m\u00e9dias et l\u2019Am\u00e9rique latine 2017<\/h1>\n<h2>Propri\u00e9t\u00e9 \u2013 Discours \u2013 R\u00e9ception<\/h2>\n<p style=\"text-align: justify;\">Apr\u00e8s trois journ\u00e9es d\u2019\u00e9tudes et un premier <a href=\"\/colloqueleaders2014\">colloque international en 2014<\/a>, le groupe ADAL organise son deuxi\u00e8me colloque international, consacr\u00e9 aux m\u00e9dias en et sur l\u2019Am\u00e9rique latine.<br \/>\nEn effet, les m\u00e9dias (presse, cin\u00e9ma, radio, t\u00e9l\u00e9vision, internet) suscitent l\u2019int\u00e9r\u00eat non seulement des chercheurs \u2013 qui interrogent leur fonctionnement \u2013 mais \u00e9galement des pouvoirs politiques et \u00e9conomiques &#8211; qui cherchent bien souvent \u00e0 les influencer, \u00e0 les ma\u00eetriser ou \u00e0 les contr\u00f4ler. Les m\u00e9dias font aussi l\u2019objet d\u2019appropriation par des citoyens cherchant \u00e0 se rendre visibles, \u00e0 soutenir des causes, \u00e0 mobiliser les populations, etc.<br \/>\nCes probl\u00e9matiques se posent-elles de mani\u00e8re diff\u00e9rente en Am\u00e9rique latine&nbsp;? Les particularit\u00e9s historiques, culturelles, \u00e9conomiques du continent am\u00e8nent-elles les m\u00e9dias de masse \u00e0 fonctionner diff\u00e9remment du reste du monde&nbsp;? L\u2019objectif de ce colloque est de r\u00e9unir des chercheurs provenant de diverses disciplines autour des m\u00e9dias en Am\u00e9rique latine et sur l\u2019Am\u00e9rique latine. Il s\u2019agira non seulement d\u2019\u00e9tudier les m\u00e9dias de cette r\u00e9gion, mais aussi d\u2019observer comment les m\u00e9dias du monde regardent l\u2019Am\u00e9rique latine et ses m\u00e9dias. En outre, ce colloque sera l&rsquo;occasion de revisiter les travaux classiques sur les m\u00e9dias \u00e0 la lumi\u00e8re de nouvelles pratiques, mais aussi d&rsquo;\u00e9changer autour de questions telles que l&rsquo;\u00e9conomie des m\u00e9dias, leurs discours, ou encore leur r\u00e9ception.<\/p>\n<p><a href=\"\/colloquemedias2017\/appel-a-communication\/\">Lire l\u2019appel \u00e0 communication<\/a><\/p>\n","protected":false},"excerpt":{"rendered":"<p>Date limite pour l\u2019envoi des propositions de communication : 7 mars 2016 \u00e0 colloque.medias@colloquemedias2017.org Les m\u00e9dias et l\u2019Am\u00e9rique latine 2017 Propri\u00e9t\u00e9 \u2013 Discours \u2013 R\u00e9ception Apr\u00e8s trois journ\u00e9es d\u2019\u00e9tudes et un premier colloque international en 2014, le groupe ADAL organise son deuxi\u00e8me colloque international, consacr\u00e9 aux m\u00e9dias en et sur l\u2019Am\u00e9rique latine. En effet, les &hellip; <a href=\"https:\/\/adalassociation.org\/colloquemedias2017\/fr\/accueil\/\" class=\"more-link\">Continuer la lecture de <span class=\"screen-reader-text\">Accueil<\/span> <span class=\"meta-nav\">&rarr;<\/span><\/a><\/p>\n","protected":false},"author":1,"featured_media":0,"parent":0,"menu_order":0,"comment_status":"closed","ping_status":"closed","template":"","meta":{"footnotes":""},"class_list":["post-21","page","type-page","status-publish","hentry"],"_links":{"self":[{"href":"https:\/\/adalassociation.org\/colloquemedias2017\/wp-json\/wp\/v2\/pages\/21","targetHints":{"allow":["GET"]}}],"collection":[{"href":"https:\/\/adalassociation.org\/colloquemedias2017\/wp-json\/wp\/v2\/pages"}],"about":[{"href":"https:\/\/adalassociation.org\/colloquemedias2017\/wp-json\/wp\/v2\/types\/page"}],"author":[{"embeddable":true,"href":"https:\/\/adalassociation.org\/colloquemedias2017\/wp-json\/wp\/v2\/users\/1"}],"replies":[{"embeddable":true,"href":"https:\/\/adalassociation.org\/colloquemedias2017\/wp-json\/wp\/v2\/comments?post=21"}],"version-history":[{"count":9,"href":"https:\/\/adalassociation.org\/colloquemedias2017\/wp-json\/wp\/v2\/pages\/21\/revisions"}],"predecessor-version":[{"id":934,"href":"https:\/\/adalassociation.org\/colloquemedias2017\/wp-json\/wp\/v2\/pages\/21\/revisions\/934"}],"wp:attachment":[{"href":"https:\/\/adalassociation.org\/colloquemedias2017\/wp-json\/wp\/v2\/media?parent=21"}],"curies":[{"name":"wp","href":"https:\/\/api.w.org\/{rel}","templated":true}]}}