{"id":2,"date":"2015-12-15T09:56:34","date_gmt":"2015-12-15T08:56:34","guid":{"rendered":"http:\/\/colloquemedias2017.org\/?page_id=2"},"modified":"2020-09-23T11:24:09","modified_gmt":"2020-09-23T10:24:09","slug":"appel-a-communications","status":"publish","type":"page","link":"https:\/\/adalassociation.org\/colloquemedias2017\/fr\/appel-a-communications\/","title":{"rendered":"Appel \u00e0 communications"},"content":{"rendered":"<p style=\"text-align: left;\"><a href=\"\/colloquemedias2017\/appel-a-communications\/appel_colloque_medias-al\/\" rel=\"attachment wp-att-11\">Version pdf<\/a><\/p>\n<h1 style=\"text-align: center;\">Les m\u00e9dias et l\u2019Am\u00e9rique latine<\/h1>\n<h2 style=\"text-align: center;\">Propri\u00e9t\u00e9 &#8211; Discours &#8211; R\u00e9ception<\/h2>\n<h3 style=\"text-align: center;\"><em>Colloque International<\/em><br \/>\n<em> IUT Robert Schuman &#8211; Universit\u00e9 de Strasbourg<\/em><br \/>\n<em> Strasbourg, 18 au 20 janvier 2017<\/em><\/h3>\n<p style=\"text-align: justify;\">Les XXe et XXIe si\u00e8cles ont montr\u00e9 l\u2019importance croissante qu\u2019ont les m\u00e9dias dans les soci\u00e9t\u00e9s latino-am\u00e9ricaines. On peut par exemple citer la couverture par la cha\u00eene Telesur du coup d\u2019\u00c9tat contre le pr\u00e9sident du Honduras, Manuel Zelaya, en 2009, alors que les autres m\u00e9dias gardaient le silence. Dans un autre contexte, les m\u00e9dias traditionnels au Venezuela ont \u00e9t\u00e9 accus\u00e9s d\u2019avoir \u00e9t\u00e9 complaisants vis-\u00e0-vis des auteurs du coup d\u2019\u00c9tat contre le pr\u00e9sident Hugo Ch\u00e1vez en 2002. En Colombie, on reproche aux m\u00e9dias traditionnels de passer sous silence la situation des victimes de la violence paramilitaire et des forces arm\u00e9es de l\u2019\u00c9tat. Plus r\u00e9cemment, le pr\u00e9sident du Venezuela, Nicolas Maduro, a d\u00e9nonc\u00e9 l\u2019attitude des grands m\u00e9dias colombiens qui, selon lui, attisaient le conflit frontalier entre ce pays et la Colombie en diffusant de fausses informations. Mesurant l\u2019importance des m\u00e9dias, certains gouvernements d\u2019Am\u00e9rique latine ont ainsi publi\u00e9 ou modifi\u00e9 des lois concernant les m\u00e9dias. Tel est le cas de la loi 26.533, ou \u00ab Ley de medios \u00bb<sup><a href=\"https:\/\/www.argentina.gob.ar\/pais\/94-ley-de-servicios-de-comunicacion-audiovisual.php\">1<\/a><\/sup> , promulgu\u00e9e en Argentine en 2009 par la pr\u00e9sidente Cristina Fern\u00e1ndez de Kirchner pour remplacer la loi de radiodiffusion pr\u00e9c\u00e9dente, en vigueur depuis la dictature militaire. La loi de responsabilit\u00e9 sociale en radio et t\u00e9l\u00e9vision (\u00ab Ley resorte \u00bb<sup><a href=\"https:\/\/www.leyresorte.gob.ve\/ley-resorte\/\">2<\/a><\/sup> ), approuv\u00e9e en 2004 au Venezuela, en est un autre exemple.<\/p>\n<p style=\"text-align: justify;\">On constate en effet que le r\u00f4le des m\u00e9dias de masse (presse, radio, t\u00e9l\u00e9vision, internet) dans la soci\u00e9t\u00e9 int\u00e9resse depuis des d\u00e9cennies non seulement les chercheurs (pour un aper\u00e7u, voir par exemple : Balle, 2011 ; Breton, Proulx, 2002 ; Herman, 2002 ; Rieffel, 2005 ; Sabucedo, Rodr\u00edguez, 1997), mais \u00e9galement un grand nombre de personnalit\u00e9s politiques, de groupes d\u2019int\u00e9r\u00eats et d\u2019organisations citoyennes. Alors que les premiers ont surtout cherch\u00e9 \u00e0 comprendre jusqu\u2019\u00e0 quel point les contenus diffus\u00e9s par les m\u00e9dias peuvent influencer le comportement des individus, les seconds ont plut\u00f4t cherch\u00e9 \u00e0 instrumentaliser leurs relations avec les journalistes ou les dirigeants des m\u00e9dias pour les rendre favorables \u00e0 leur cause. Par ailleurs, en p\u00e9riode de crise, de conflit ou encore en temps de guerre, les m\u00e9dias peuvent devenir des \u00ab armes \u00bb de communication (Allan, Zelizer, 2004 ; Barreto, Borja, Serrano, L\u00f3pez, 2009 ; Bernays, 2007 ; Carruthers, 2011 ; Charaudeau, Lochard, Soulages, Fernandez, Croll, 2001 ; Charon, Mercier, 2004) et la mani\u00e8re dont certains sujets ou certains groupes sociaux sont trait\u00e9s par les journalistes et les m\u00e9dias est souvent d\u00e9nonc\u00e9e. On accuse les professionnels de l\u2019information de donner une repr\u00e9sentation biais\u00e9e et r\u00e9ductrice de la \u00ab r\u00e9alit\u00e9 \u00bb, d\u2019attiser les conflits et les guerres ou encore de rendre invisibles certains sujets et certains acteurs sociaux (Herman, Chomsky, 2003 ; Iyengar, 1991 ; Pardo Abril, 2008).<\/p>\n<p style=\"text-align: justify;\">Quoi qu\u2019il en soit, on reconna\u00eet l\u2019influence des m\u00e9dias sur la construction des agendas politiques et sur la \u00ab lecture \u00bb de la r\u00e9alit\u00e9 qu\u2019ils proposent. Avec l\u2019essor des nouvelles technologies, on s\u2019int\u00e9resse \u00e9galement \u00e0 la fa\u00e7on dont les citoyens influencent l\u2019agenda des m\u00e9dias traditionnels gr\u00e2ce aux m\u00e9dias alternatifs et aux \u00ab nouveaux \u00bb m\u00e9dias (Internet) (Charon, 2007 ; Charron, 1995 ; Coutant, Stenger, 2012 ; Gurevitch, Coleman, Blumler, 2009 ; Heaton, Millette, Proulx, Muse, 2012 ; Mathien, 2006). De m\u00eame, des interrogations sur la mani\u00e8re dont les r\u00e9cepteurs des m\u00e9dias s\u2019approprient, d\u00e9codent, n\u00e9gocient ou rejettent les messages m\u00e9diatiques ont fait l\u2019objet d\u2019\u00e9tudes empiriques et de r\u00e9flexions th\u00e9oriques (Breton, Proulx, 2002 ; Jou\u00ebt, 2000 ; Ologeanu-Taddei, Staii, 2009).<\/p>\n<p style=\"text-align: justify;\">Ces questions concernant les m\u00e9dias se posent-elles de mani\u00e8re diff\u00e9rente en Am\u00e9rique latine ? Les particularit\u00e9s historiques, culturelles, \u00e9conomiques du continent am\u00e8nent-elles les m\u00e9dias de masse \u00e0 fonctionner diff\u00e9remment du reste du monde ? L\u2019objectif de ce colloque est ainsi de r\u00e9unir des chercheurs, provenant de diverses disciplines, autour des m\u00e9dias en Am\u00e9rique latine et sur l\u2019Am\u00e9rique latine. En d\u2019autres termes, il s\u2019agira non seulement d\u2019analyser les m\u00e9dias en Am\u00e9rique latine, mais aussi d\u2019observer comment les m\u00e9dias du monde regardent l\u2019Am\u00e9rique latine et ses m\u00e9dias.<\/p>\n<p style=\"text-align: justify;\">Dans cette perspective, plusieurs axes sont propos\u00e9s, de mani\u00e8re non exhaustive :<\/p>\n<ul style=\"text-align: justify;\">\n<li>\n<h3>Propri\u00e9t\u00e9 et internationalisation des m\u00e9dias<\/h3>\n<\/li>\n<\/ul>\n<p style=\"text-align: justify;\">Il convient de s\u2019interroger sur les diff\u00e9rences entre les grands groupes m\u00e9diatiques priv\u00e9s et les m\u00e9dias qui se pr\u00e9sentent comme plus d\u00e9mocratiques. On voit par exemple de plus en plus d\u2019initiatives citoyennes consistant \u00e0 mettre en place des m\u00e9dias alternatifs, communautaires, qui donnent la parole \u00e0 ceux qui sont exclus des m\u00e9dias traditionnels. Des initiatives \u00e9tatiques ont aussi vu le jour. De grands m\u00e9dias qui revendiquent une ligne \u00e9ditoriale diff\u00e9rente \u00e0 celle des entreprises m\u00e9diatiques traditionnelles jouent d\u00e9sormais un r\u00f4le important sur la sc\u00e8ne politique. Nous pensons notamment au cas de la cha\u00eene Telesur ou encore aux partenariats comme celui de Telesur et Russia Today. Les versions en espagnol de certaines cha\u00eenes de t\u00e9l\u00e9vision comme la cha\u00eene chinoise CCTV montrent aussi l\u2019int\u00e9r\u00eat que portent d\u2019autres r\u00e9gions du monde aux pays d\u2019Am\u00e9rique latine. Ainsi, ces m\u00e9dias qui revendiquent une ligne \u00e9ditoriale partisane fonctionnent avec des mod\u00e8les \u00e9conomiques autres que celui qui consiste \u00e0 financer les m\u00e9dias par la publicit\u00e9 ou par la redevance. Ces nouveaux mod\u00e8les c\u00f4toient les m\u00e9dias traditionnels, publics ou priv\u00e9s, et posent de nouvelles questions quant \u00e0 leur r\u00f4le, leur mode de financement, leur relation aux pouvoirs publics, la place qu\u2019ils donnent \u00e0 la parole citoyenne. En d\u2019autres termes, ils mettent en question \u00ab l\u2019objectivit\u00e9 \u00bb des m\u00e9dias traditionnels.<\/p>\n<ul style=\"text-align: justify;\">\n<li>\n<h3>Discours des m\u00e9dias \/ Analyse des contenus m\u00e9diatiques<\/h3>\n<\/li>\n<\/ul>\n<p style=\"text-align: justify;\">On pourra s\u2019int\u00e9resser par ailleurs aux \u00ab contenus \u00bb m\u00e9diatiques eux-m\u00eames, autrement dit, aux discours des m\u00e9dias. Trouveront ici leur place les contributions analysant la fa\u00e7on dont les m\u00e9dias repr\u00e9sentent et\/ou interpr\u00e8tent la \u00ab r\u00e9alit\u00e9 \u00bb latino-am\u00e9ricaine. Comment ces derniers rendent-ils compte, par exemple :<\/p>\n<p style=\"padding-left: 30px; text-align: justify;\">\u2713de la polarisation politique (comme par exemple au Venezuela, au Mexique ou en Colombie, entre autres) ?<br \/>\n\u2713de la diversit\u00e9 sociale (ethnique, de genre, etc.) ?<br \/>\n\u2713de la pauvret\u00e9 et des probl\u00e8mes qui peuvent en d\u00e9couler (exclusion, marginalisation, d\u00e9linquance, etc.) ?<br \/>\n\u2713des normes et des valeurs sociales (celles invoqu\u00e9es, par exemple, lors des d\u00e9bats sur la d\u00e9p\u00e9nalisation de l\u2019avortement ou sur le droit au mariage pour les couples homosexuels dans de nombreux pays d\u2019Am\u00e9rique latine) ?<\/p>\n<p style=\"text-align: justify;\">On pourra se demander, au-del\u00e0, dans quelle mesure les m\u00e9dias, en tant que producteurs de discours, jouent un r\u00f4le dans la construction de ces r\u00e9alit\u00e9s sociales (Searle, 1998 ; Moirand, 2008).<br \/>\nCe colloque sera \u00e9galement l\u2019occasion de s\u2019interroger sur la question de l\u2019\u00e9v\u00e9nement. En effet, ce dernier nous parvient, en premier lieu, par le biais des m\u00e9dias. On accueillera donc dans cet axe les contributions \u00e9tudiant le traitement m\u00e9diatique d\u2019un \u00e9v\u00e9nement, qu\u2019il s\u2019agisse d\u2019un \u00e9v\u00e9nement \u00e9ph\u00e9m\u00e8re (une \u00e9lection, le d\u00e9c\u00e8s d\u2019une personnalit\u00e9 politique, un coup d&rsquo;\u00c9tat, etc.), ou d\u2019un \u00ab macro-\u00e9v\u00e9nement \u00bb, s\u2019inscrivant dans la longue dur\u00e9e (tel que le conflit arm\u00e9 en Colombie). Dans cette perspective, on pourra s\u2019interroger sur le r\u00f4le du discours m\u00e9diatique dans la construction de la m\u00e9moire collective et de l\u2019histoire imm\u00e9diate (Langue, 2003 ; Krieg, 2000 ; Moirand, 2007 ; Calabrese, 2013).<br \/>\nLes propositions pourront porter tant sur le discours d\u2019information que sur le discours fictionnel des m\u00e9dias (on pense par exemple aux Telenovelas et autres s\u00e9ries qui remportent beaucoup de succ\u00e8s depuis quelques ann\u00e9es en Am\u00e9rique latine et dans le reste du monde). Elles traiteront soit du discours des m\u00e9dias latino-am\u00e9ricains, soit du discours des m\u00e9dias d\u2019autres r\u00e9gions du monde sur l\u2019Am\u00e9rique latine.<\/p>\n<ul style=\"text-align: justify;\">\n<li>\n<h3>R\u00e9ception des m\u00e9dias<\/h3>\n<\/li>\n<\/ul>\n<p style=\"text-align: justify;\">Le troisi\u00e8me axe envisag\u00e9 dans ce colloque correspond \u00e0 la r\u00e9ception des discours m\u00e9diatiques, p\u00f4le le moins d\u00e9velopp\u00e9 dans les \u00e9tudes communicationnelles. Quels que soient les m\u00e9dias, traditionnels ou nouveaux, nous cherchons \u00e0 interroger la probl\u00e9matique de leur r\u00e9ception, en nous centrant sur les rapports entre les discours m\u00e9diatiques et leur public. En effet, le public au sens large est partie prenante de l\u2019information en tant que co-producteur de la signification. L\u2019offre d\u2019informations soumise prend aujourd\u2019hui une telle ampleur qu\u2019il nous semble pertinent de nous int\u00e9resser \u00e0 deux sous-axes (non exhaustifs) : d\u2019une part, les attitudes et les pratiques des individus face aux contenus transmis par les diff\u00e9rents m\u00e9dias et, d\u2019autre part, les diff\u00e9rentes m\u00e9thodes permettant d\u2019\u00e9tudier la probl\u00e9matique de la r\u00e9ception des m\u00e9dias par les individus. Les contributions, provenant tant des sciences de l\u2019information et de la communication, de la sociologie, de l\u2019ethnographie de la r\u00e9ception, de la psychologie sociale, que de l\u2019histoire entre autres, pourront se centrer sur les pratiques et la construction du sens des r\u00e9cepteurs, les ancrages sociaux de la r\u00e9ception et les \u00e9volutions qu\u2019impliquent les nouveaux m\u00e9dias. \u00c0 savoir, la multiplicit\u00e9 des m\u00e9dias a-t-elle modifi\u00e9 les pratiques des individus ? La t\u00e9l\u00e9vision, la radio, la presse \u00e9crite, et plus r\u00e9cemment internet, n\u00e9cessitent-ils, respectivement, des mobilisations cognitives diff\u00e9rentes de la part des r\u00e9cepteurs ?<\/p>\n<h3 style=\"text-align: justify;\">Organisation<\/h3>\n<p style=\"text-align: justify;\">Les propositions peuvent \u00eatre envoy\u00e9es en fran\u00e7ais, en espagnol ou en portugais \u00e0 colloque.medias@colloquemedias2017.org en un fichier word anonymis\u00e9, contenant uniquement le titre de la proposition, un r\u00e9sum\u00e9 de 500 mots maximum, 5 mots-cl\u00e9s et 5 r\u00e9f\u00e9rences bibliographiques. Le corps de l\u2019email devra inclure le nom de l\u2019auteur(e), son rattachement institutionnel et sa discipline, son adresse mail et le titre de la proposition.<\/p>\n<p style=\"text-align: justify;\">La langue officielle du colloque est le fran\u00e7ais, mais les communications pourront \u00e9galement \u00eatre pr\u00e9sent\u00e9es en espagnol et en portugais. Dans ce cas, il sera demand\u00e9 aux intervenants de se doter d\u2019un support power point en fran\u00e7ais.<\/p>\n<p style=\"text-align: justify;\">\u00c0 l\u2019issue de cet \u00e9v\u00e9nement, une s\u00e9lection d\u2019articles sera publi\u00e9e sous la forme d\u2019ouvrages ou revues, sur support imprim\u00e9 et \/ ou \u00e9lectronique. \u00c0 cet effet, un texte complet de 20 000 signes sera demand\u00e9 aux auteurs accept\u00e9s pour le 30 novembre 2016. \u00c0 l\u2019issue du colloque, une deuxi\u00e8me expertise sera effectu\u00e9e par le comit\u00e9 pour publication.<\/p>\n<h3>Calendrier :<\/h3>\n<ul>\n<li><strong>7 mars 2016 :<\/strong> envoi des propositions \u00e0 colloque.medias@colloquemedias2017.org<\/li>\n<li><strong>Juin 2016 :<\/strong> r\u00e9ponse aux propositions.<\/li>\n<li><strong>Octobre 2016 :<\/strong> ouverture des inscriptions.<\/li>\n<li><strong>30 novembre 2016 :<\/strong> remise du texte complet.<\/li>\n<li><strong>18 au 20 janvier 2017 :<\/strong> d\u00e9roulement du colloque.<\/li>\n<\/ul>\n<h3>Conf\u00e9renciers confirm\u00e9s :<\/h3>\n<p>Wander EMEDIATO (Universidade Federal de Minas Gerais)<br \/>\nAline HELG (Universit\u00e9 de Gen\u00e8ve)<br \/>\nJairo LUGO-OCANDO (University of Leeds)<br \/>\nSophie MOIRAND (Sorbonne nouvelle \u2013 Paris 3 \u2013 Syled-Cediscor)<br \/>\nNeyla Graciela PARDO ABRIL (Universidad Nacional de Colombia)<\/p>\n<h3>Comit\u00e9 d\u2019organisation :<\/h3>\n<p>Morgan DONOT (CREDA \u2013 Paris 3 \u2013 Sorbonne nouvelle)<br \/>\nWander EMEDIATO (Universidade Federal de Minas Gerais)<br \/>\nAilin NACUCCHIO (EHESS)<br \/>\nClaudio RAMIREZ (Universit\u00e9 Catholique de Louvain \u2013 K.U. Leuven)<br \/>\nEglantine SAMOUTH (Universit\u00e9 de la R\u00e9union, DIRE\/CEDITEC)<br \/>\nYeny SERRANO (Universit\u00e9 de Strasbourg \u2013 LISEC)<\/p>\n<p style=\"padding-left: 30px;\">Avec la collaboration des \u00e9tudiant-e-s de communication de l\u2019IUT Robert Schuman :<br \/>\nThibaut MENUGE, Mannel OUARTI, Micha\u00ebl WISS, khedidja ZEROUALI, Maximilein SZREDNICKI<\/p>\n<h3>Comit\u00e9 scientifique :<\/h3>\n<p>Cl\u00e9mentine BERJAUD (Universit\u00e9 Paris 1 Panth\u00e9on-Sorbonne)<br \/>\nHenri BOYER (Universit\u00e9 Montpellier III \u2013 Dipralang)<br \/>\nEmmanuelle CHEVRY (Universit\u00e9 de Strasbourg \u2013 LISEC)<br \/>\nMorgan DONOT (CREDA \u2013 Paris 3 \u2013 Sorbonne nouvelle)<br \/>\nWander EMEDIATO (Universidade Federal de Minas Gerais)<br \/>\nErika GUEVARA (Universit\u00e9 Paris 8)<br \/>\nAline HELG (Universit\u00e9 de Gen\u00e8ve)<br \/>\nMyriam HERNANDEZ (Universit\u00e9 Lille 3 \u2013 CEDITEC)<br \/>\nSophie KENNEL (Universit\u00e9 de Strasbourg \u2013 LISEC)<br \/>\nAlice KRIEG-PLANQUE (UPEC \u2013 CEDITEC)<br \/>\nJean-Marc LEBLANC (UPEC \u2013 CEDITEC)<br \/>\nDominique MAINGUENEAU (Paris IV Sorbonne \u2013 STIH)<br \/>\nSophie MOIRAND (Sorbonne nouvelle \u2013 Paris 3 \u2013 Syled-Cediscor)<br \/>\nAilin NACUCCHIO (EHESS)<br \/>\nNeyla Graciela PARDO ABRIL (Universidad Nacional de Colombia)<br \/>\nRicardo PE\u00d1AFIEL (Universit\u00e9 du Qu\u00e9bec \u00e0 Montr\u00e9al)<br \/>\nCarlos PIOVEZANI (Universidade Federal de S\u00e3o Carlos)<br \/>\nClaudio RAMIREZ (Universit\u00e9 Catholique de Louvain \u2013 K.U. Leuven)<br \/>\nDar\u00edo RODRIGUEZ (CREDA \u2013 Paris 3 \u2013 Sorbonne nouvelle)<br \/>\nEglantine SAMOUTH (Universit\u00e9 de la R\u00e9union, DIRE\/CEDITEC)<br \/>\nPablo SEGOVIA (Universidad de Playa Ancha)<br \/>\nYeny SERRANO (Universit\u00e9 de Strasbourg \u2013LISEC)<br \/>\nPhilippe VIALLON (Universit\u00e9 de Strasbourg \u2013 LISEC)<\/p>\n<h3>Institutions partenaires :<\/h3>\n<ul>\n<li>Association ADAL (Analyse des Discours de l\u2019Am\u00e9rique Latine) :&nbsp;<a href=\"\/\">https:\/\/adalassociation.org<\/a><\/li>\n<li>IUT Robert Schuman :&nbsp;<a href=\"https:\/\/iutrs.unistra.fr\/\">https:\/\/iutrs.unistra.fr<\/a><\/li>\n<li>D\u00e9partement Information Communication \u2013 IUT Robert Schuman<\/li>\n<li>Chaire UNESCO sur les pratiques journalistiques et m\u00e9diatiques<\/li>\n<li>LISEC (Laboratoire Interuniversitaires des Sciences de l\u2019\u00c9ducation et de la Communication) : <a href=\"https:\/\/www.lisec-recherche.eu\/\">www.lisec-recherche.eu<\/a><\/li>\n<li>CEDITEC (Centre d\u2019\u00e9tude des discours, images, textes, \u00e9crits, communication) :&nbsp;<a href=\"https:\/\/ceditec.u-pec.fr\/\">https:\/\/ceditec.u-pec.fr<\/a><\/li>\n<li>Parlamento europeu: &nbsp;<a href=\"https:\/\/www.europarl.europa.eu\/portal\/pt\">https:\/\/www.europarl.europa.eu\/portal\/pt<\/a><\/li>\n<li>DIRE (D\u00e9placements, Identit\u00e9s, Regards, \u00c9critures): <a href=\"https:\/\/dire.univ-reunion.fr\">https:\/\/dire.univ-reunion.fr<\/a><\/li>\n<\/ul>\n<h3><a href=\"\/colloquemedias2017\/bibliographie\/\">Bibliographie indicative propos\u00e9e par le comit\u00e9 d\u2019organisation<\/a><\/h3>\n<p>&nbsp;<\/p>\n<p><a href=\"\/colloquemedias2017\/appel-a-communications\/appel_colloque_medias-al\/\" rel=\"attachment wp-att-11\">Version pdf<\/a><\/p>\n","protected":false},"excerpt":{"rendered":"<p>Version pdf Les m\u00e9dias et l\u2019Am\u00e9rique latine Propri\u00e9t\u00e9 &#8211; Discours &#8211; R\u00e9ception Colloque International IUT Robert Schuman &#8211; Universit\u00e9 de Strasbourg Strasbourg, 18 au 20 janvier 2017 Les XXe et XXIe si\u00e8cles ont montr\u00e9 l\u2019importance croissante qu\u2019ont les m\u00e9dias dans les soci\u00e9t\u00e9s latino-am\u00e9ricaines. On peut par exemple citer la couverture par la cha\u00eene Telesur du &hellip; <a href=\"https:\/\/adalassociation.org\/colloquemedias2017\/fr\/appel-a-communications\/\" class=\"more-link\">Continuer la lecture de <span class=\"screen-reader-text\">Appel \u00e0 communications<\/span> <span class=\"meta-nav\">&rarr;<\/span><\/a><\/p>\n","protected":false},"author":1,"featured_media":0,"parent":0,"menu_order":0,"comment_status":"closed","ping_status":"open","template":"","meta":{"footnotes":""},"class_list":["post-2","page","type-page","status-publish","hentry"],"_links":{"self":[{"href":"https:\/\/adalassociation.org\/colloquemedias2017\/wp-json\/wp\/v2\/pages\/2","targetHints":{"allow":["GET"]}}],"collection":[{"href":"https:\/\/adalassociation.org\/colloquemedias2017\/wp-json\/wp\/v2\/pages"}],"about":[{"href":"https:\/\/adalassociation.org\/colloquemedias2017\/wp-json\/wp\/v2\/types\/page"}],"author":[{"embeddable":true,"href":"https:\/\/adalassociation.org\/colloquemedias2017\/wp-json\/wp\/v2\/users\/1"}],"replies":[{"embeddable":true,"href":"https:\/\/adalassociation.org\/colloquemedias2017\/wp-json\/wp\/v2\/comments?post=2"}],"version-history":[{"count":18,"href":"https:\/\/adalassociation.org\/colloquemedias2017\/wp-json\/wp\/v2\/pages\/2\/revisions"}],"predecessor-version":[{"id":967,"href":"https:\/\/adalassociation.org\/colloquemedias2017\/wp-json\/wp\/v2\/pages\/2\/revisions\/967"}],"wp:attachment":[{"href":"https:\/\/adalassociation.org\/colloquemedias2017\/wp-json\/wp\/v2\/media?parent=2"}],"curies":[{"name":"wp","href":"https:\/\/api.w.org\/{rel}","templated":true}]}}