{"id":437,"date":"2013-06-24T09:11:18","date_gmt":"2013-06-24T07:11:18","guid":{"rendered":"http:\/\/colloqueleaders2014.adalassociation.org\/?page_id=437"},"modified":"2014-08-21T18:23:31","modified_gmt":"2014-08-21T16:23:31","slug":"inicio-pt","status":"publish","type":"page","link":"https:\/\/adalassociation.org\/colloqueleaders2014\/inicio-pt","title":{"rendered":"In\u00edcio"},"content":{"rendered":"<p><a href=\"http:\/\/adal.studentenweb.org\/colloqueleaders2014\/inscricoes\/\"><strong>Inscri\u00e7\u00e3o on-line<\/strong><\/a><\/p>\n<p><a href=\"http:\/\/adal.studentenweb.org\/colloqueleaders2014\/programa-2\/\"><strong>Programa da confer\u00eancia<\/strong><\/a><\/p>\n<p><strong><span id=\"result_box\" lang=\"pt\">Apresenta\u00e7\u00e3o<\/span><\/strong><br \/>\nA origem deste congresso reside na ideia de que a figura do l\u00edder se constr\u00f3i e se manifesta no discurso. A lideran\u00e7a associada a ele \u00e9, ao mesmo tempo, um produto desse processo e fonte para uma nova cria\u00e7\u00e3o. O evento tem como objetivo\u00a0favorecer o di\u00e1logo entre investigadores de horizontes geogr\u00e1ficos diversos e de disciplinas variadas sobre a tem\u00e1tica do l\u00edder e sobre o conceito de lideran\u00e7a a partir de uma perspectiva comparativa. Trata-se de questionar as formas pelas quais os l\u00edderes e as lideran\u00e7as surgem e se desenvolvem em um processo de co-constru\u00e7\u00e3o discursiva que envolve diversos atores sociais: os pr\u00f3prios l\u00edderes, assim como os meios de comunica\u00e7\u00e3o, a inst\u00e2ncia cidad\u00e3 e a comunidade cient\u00edfica.<\/p>\n<p><a href=\"http:\/\/adal.studentenweb.org\/colloqueleaders2014\/category\/chamadas-para-trabalhos\/\"><strong>Chamada integral<\/strong><\/a><\/p>\n","protected":false},"excerpt":{"rendered":"<p>Inscri\u00e7\u00e3o on-line Programa da confer\u00eancia Apresenta\u00e7\u00e3o A origem deste congresso reside na ideia de que a figura do l\u00edder se constr\u00f3i e se manifesta no discurso. A lideran\u00e7a associada a ele \u00e9, ao mesmo tempo, um produto desse processo e fonte para uma nova cria\u00e7\u00e3o. O evento tem como objetivo\u00a0favorecer o di\u00e1logo entre investigadores de&hellip; <a class=\"more-link\" href=\"https:\/\/adalassociation.org\/colloqueleaders2014\/inicio-pt\">Continue reading <span class=\"screen-reader-text\">In\u00edcio<\/span><\/a><\/p>\n","protected":false},"author":1,"featured_media":0,"parent":0,"menu_order":0,"comment_status":"closed","ping_status":"closed","template":"","meta":{"footnotes":""},"class_list":["post-437","page","type-page","status-publish","hentry","entry"],"_links":{"self":[{"href":"https:\/\/adalassociation.org\/colloqueleaders2014\/wp-json\/wp\/v2\/pages\/437","targetHints":{"allow":["GET"]}}],"collection":[{"href":"https:\/\/adalassociation.org\/colloqueleaders2014\/wp-json\/wp\/v2\/pages"}],"about":[{"href":"https:\/\/adalassociation.org\/colloqueleaders2014\/wp-json\/wp\/v2\/types\/page"}],"author":[{"embeddable":true,"href":"https:\/\/adalassociation.org\/colloqueleaders2014\/wp-json\/wp\/v2\/users\/1"}],"replies":[{"embeddable":true,"href":"https:\/\/adalassociation.org\/colloqueleaders2014\/wp-json\/wp\/v2\/comments?post=437"}],"version-history":[{"count":9,"href":"https:\/\/adalassociation.org\/colloqueleaders2014\/wp-json\/wp\/v2\/pages\/437\/revisions"}],"predecessor-version":[{"id":1133,"href":"https:\/\/adalassociation.org\/colloqueleaders2014\/wp-json\/wp\/v2\/pages\/437\/revisions\/1133"}],"wp:attachment":[{"href":"https:\/\/adalassociation.org\/colloqueleaders2014\/wp-json\/wp\/v2\/media?parent=437"}],"curies":[{"name":"wp","href":"https:\/\/api.w.org\/{rel}","templated":true}]}}