{"id":432,"date":"2013-06-24T09:11:18","date_gmt":"2013-06-24T07:11:18","guid":{"rendered":"http:\/\/colloqueleaders2014.adalassociation.org\/?page_id=432"},"modified":"2014-08-21T18:20:52","modified_gmt":"2014-08-21T16:20:52","slug":"inicio-es","status":"publish","type":"page","link":"https:\/\/adalassociation.org\/colloqueleaders2014\/inicio-es","title":{"rendered":"Inicio"},"content":{"rendered":"<p><a href=\"http:\/\/adal.studentenweb.org\/colloqueleaders2014\/inscripciones\/\"><strong>Inscripci\u00f3n en l\u00ednea<\/strong><\/a><\/p>\n<p><a href=\"http:\/\/adal.studentenweb.org\/colloqueleaders2014\/programa\/\"><strong>Programa del coloquio<\/strong><\/a><\/p>\n<p><strong>Presentaci\u00f3n<\/strong><br \/>\nLa idea que origina este coloquio se basa en el hecho de que la figura del l\u00edder se construye y se manifiesta en el discurso y de que el liderazgo es producto de esta construcci\u00f3n discursiva, adem\u00e1s de ser la fuente de una nueva creaci\u00f3n. Es as\u00ed como el objetivo del coloquio es el de proponer un encuentro de investigadores de or\u00edgenes geogr\u00e1ficos diversos y de disciplinas variadas con el fin de abordar la problem\u00e1tica de la figura de l\u00edder y del concepto de liderazgo desde una perspectiva comparativa. En este sentido se trata de cuestionar las diversas formas en las que los l\u00edderes y los liderazgos emergen y evolucionan en el marco de un proceso de co-construcci\u00f3n discursiva que implica a diversos actores de la sociedad: los l\u00edderes, los medios de comunicaci\u00f3n, la ciudadan\u00eda e incluso la comunidad cient\u00edfica.<\/p>\n<p><a href=\"http:\/\/adal.studentenweb.org\/colloqueleaders2014\/category\/convocatoria\/\"><strong>Convocatoria<\/strong><\/a><\/p>\n","protected":false},"excerpt":{"rendered":"<p>Inscripci\u00f3n en l\u00ednea Programa del coloquio Presentaci\u00f3n La idea que origina este coloquio se basa en el hecho de que la figura del l\u00edder se construye y se manifiesta en el discurso y de que el liderazgo es producto de esta construcci\u00f3n discursiva, adem\u00e1s de ser la fuente de una nueva creaci\u00f3n. Es as\u00ed como&hellip; <a class=\"more-link\" href=\"https:\/\/adalassociation.org\/colloqueleaders2014\/inicio-es\">Continue reading <span class=\"screen-reader-text\">Inicio<\/span><\/a><\/p>\n","protected":false},"author":1,"featured_media":0,"parent":0,"menu_order":0,"comment_status":"closed","ping_status":"closed","template":"","meta":{"footnotes":""},"class_list":["post-432","page","type-page","status-publish","hentry","entry"],"_links":{"self":[{"href":"https:\/\/adalassociation.org\/colloqueleaders2014\/wp-json\/wp\/v2\/pages\/432","targetHints":{"allow":["GET"]}}],"collection":[{"href":"https:\/\/adalassociation.org\/colloqueleaders2014\/wp-json\/wp\/v2\/pages"}],"about":[{"href":"https:\/\/adalassociation.org\/colloqueleaders2014\/wp-json\/wp\/v2\/types\/page"}],"author":[{"embeddable":true,"href":"https:\/\/adalassociation.org\/colloqueleaders2014\/wp-json\/wp\/v2\/users\/1"}],"replies":[{"embeddable":true,"href":"https:\/\/adalassociation.org\/colloqueleaders2014\/wp-json\/wp\/v2\/comments?post=432"}],"version-history":[{"count":9,"href":"https:\/\/adalassociation.org\/colloqueleaders2014\/wp-json\/wp\/v2\/pages\/432\/revisions"}],"predecessor-version":[{"id":1132,"href":"https:\/\/adalassociation.org\/colloqueleaders2014\/wp-json\/wp\/v2\/pages\/432\/revisions\/1132"}],"wp:attachment":[{"href":"https:\/\/adalassociation.org\/colloqueleaders2014\/wp-json\/wp\/v2\/media?parent=432"}],"curies":[{"name":"wp","href":"https:\/\/api.w.org\/{rel}","templated":true}]}}