{"id":428,"date":"2013-06-24T09:11:18","date_gmt":"2013-06-24T07:11:18","guid":{"rendered":"http:\/\/colloqueleaders2014.adalassociation.org\/?page_id=428"},"modified":"2014-09-12T21:09:37","modified_gmt":"2014-09-12T19:09:37","slug":"accueil-fr","status":"publish","type":"page","link":"https:\/\/adalassociation.org\/colloqueleaders2014\/accueil-fr","title":{"rendered":"Accueil"},"content":{"rendered":"<p><a href=\"http:\/\/adal.studentenweb.org\/colloqueleaders2014\/inscription\/\"><strong>Inscription en ligne<\/strong><\/a><\/p>\n<p><strong><a href=\"http:\/\/adal.studentenweb.org\/colloqueleaders2014\/programme-2\/\">Programme du colloque<\/a><\/strong><\/p>\n<p><strong>Pr\u00e9sentation<\/strong><br \/> \u00c0 l\u2019origine de ce colloque, il y a l\u2019id\u00e9e que la figure du leader se construit et se manifeste en discours et que le leadership qui lui est associ\u00e9 est un produit de cette construction tout en \u00e9tant la source d\u2019une nouvelle cr\u00e9ation. Ce colloque a donc pour objectif de croiser des regards de chercheurs d\u2019horizons g\u00e9ographiques et disciplinaires divers sur la probl\u00e9matique de la figure du leader et de la notion de leadership et ce, dans une perspective comparatiste. Il s\u2019agit de s\u2019interroger sur les fa\u00e7ons dont les leaders et les leaderships \u00e9mergent et \u00e9voluent dans un processus de co-construction discursive, impliquant divers acteurs de la soci\u00e9t\u00e9 : les leaders eux-m\u00eames, mais aussi les m\u00e9dias, l\u2019instance citoyenne et m\u00eame la communaut\u00e9 scientifique.<\/p>\n<p><a href=\"http:\/\/adal.studentenweb.org\/colloqueleaders2014\/category\/appel-a-communications\/\"><strong>Appel \u00e0 communications<\/strong><\/a><\/p>\n","protected":false},"excerpt":{"rendered":"<p>Inscription en ligne Programme du colloque Pr\u00e9sentation \u00c0 l\u2019origine de ce colloque, il y a l\u2019id\u00e9e que la figure du leader se construit et se manifeste en discours et que le leadership qui lui est associ\u00e9 est un produit de cette construction tout en \u00e9tant la source d\u2019une nouvelle cr\u00e9ation. Ce colloque a donc pour&hellip; <a class=\"more-link\" href=\"https:\/\/adalassociation.org\/colloqueleaders2014\/accueil-fr\">Continue reading <span class=\"screen-reader-text\">Accueil<\/span><\/a><\/p>\n","protected":false},"author":1,"featured_media":0,"parent":0,"menu_order":0,"comment_status":"closed","ping_status":"closed","template":"","meta":{"footnotes":""},"class_list":["post-428","page","type-page","status-publish","hentry","entry"],"_links":{"self":[{"href":"https:\/\/adalassociation.org\/colloqueleaders2014\/wp-json\/wp\/v2\/pages\/428","targetHints":{"allow":["GET"]}}],"collection":[{"href":"https:\/\/adalassociation.org\/colloqueleaders2014\/wp-json\/wp\/v2\/pages"}],"about":[{"href":"https:\/\/adalassociation.org\/colloqueleaders2014\/wp-json\/wp\/v2\/types\/page"}],"author":[{"embeddable":true,"href":"https:\/\/adalassociation.org\/colloqueleaders2014\/wp-json\/wp\/v2\/users\/1"}],"replies":[{"embeddable":true,"href":"https:\/\/adalassociation.org\/colloqueleaders2014\/wp-json\/wp\/v2\/comments?post=428"}],"version-history":[{"count":15,"href":"https:\/\/adalassociation.org\/colloqueleaders2014\/wp-json\/wp\/v2\/pages\/428\/revisions"}],"predecessor-version":[{"id":1161,"href":"https:\/\/adalassociation.org\/colloqueleaders2014\/wp-json\/wp\/v2\/pages\/428\/revisions\/1161"}],"wp:attachment":[{"href":"https:\/\/adalassociation.org\/colloqueleaders2014\/wp-json\/wp\/v2\/media?parent=428"}],"curies":[{"name":"wp","href":"https:\/\/api.w.org\/{rel}","templated":true}]}}