{"id":218,"date":"2023-02-08T13:53:11","date_gmt":"2023-02-08T13:53:11","guid":{"rendered":"https:\/\/adalassociation.org\/colloqueadal2024\/?page_id=218"},"modified":"2023-08-29T14:37:39","modified_gmt":"2023-08-29T14:37:39","slug":"convocatoria","status":"publish","type":"page","link":"https:\/\/adalassociation.org\/colloqueadal2024\/convocatoria\/","title":{"rendered":"Convocatoria"},"content":{"rendered":"\n<h2 class=\"wp-block-heading\"><strong>Coloquio internacional de la asociaci\u00f3n ADAL<\/strong><\/h2>\n\n\n\n<p><strong>Del 24 al 26 de enero de 2024<\/strong><\/p>\n\n\n\n<p>En Am\u00e9rica Latina, la segunda d\u00e9cada del 2000 ha sido testigo de la emergencia o exacerbaci\u00f3n de fen\u00f3menos clim\u00e1ticos, medioambientales y sanitarios cuyo efecto ha sido el de intensificar situaciones de tensi\u00f3n, derivadas de la brecha social, econ\u00f3mica y digital. Adem\u00e1s, la migraci\u00f3n transfronteriza se ha convertido en una realidad que afecta a todo el continente; es el caso de Venezuela, con seis millones de emigrantes en otros pa\u00edses latinoamericanos<a href=\"#_ftn1\" id=\"_ftnref1\">[1]<\/a>, o de Colombia<a href=\"#_ftn2\" id=\"_ftnref2\">[2]<\/a>, donde, seg\u00fan la cifras estatales, cinco millones de ciudadanos han abandonado su pa\u00eds<a href=\"#_ftn3\" id=\"_ftnref3\">[3]<\/a>. Todas las fronteras del continente se han visto afectadas por el aumento de los flujos migratorios &#8211; del Caribe y tambi\u00e9n de \u00c1frica-. Esto ha desembocado, entre otras cosas, en xenofobia entre los migrantes y la poblaci\u00f3n de los pa\u00edses de acogida. Tal situaci\u00f3n encuentra su g\u00e9nesis, no solamente, en derivas pol\u00edticas, tales como la impunidad y las violaciones de los derechos humanos, sino tambi\u00e9n en condiciones sociales, marcadas por la pobreza, la violencia, la precariedad laboral, y los discursos securitarios, negacionistas o xen\u00f3fobos que afectan a todo el subcontinente y generan una din\u00e1mica pol\u00edtica que oscila, a lo largo de dos d\u00e9cadas, entre la elecci\u00f3n de gobiernos denominados de izquierdas y de derechas.&nbsp;<\/p>\n\n\n\n<p>Adicionalmente a este panorama, la pandemia de COVID-19 ha agravado las condiciones de cientos de miles de trabajadores precarios, desempleados (casi el 10% en promedio<a href=\"#_ftn4\" id=\"_ftnref4\">[4]<\/a>) y trabajadores informales (el 53%, seg\u00fan la OIT), etc. Estas poblaciones enfrentaron el confinamiento sanitario sin miras a beneficiar de cualquier tipo de ayuda gubernamental y sin perspectivas de sustento exterior. La dif\u00edcil situaci\u00f3n social pre y post pand\u00e9mica ha constituido el escenario de movilizaciones colectivas de los m\u00e1s pobres y de reivindicaciones de ampliaci\u00f3n de derechos -por ejemplo, para las minor\u00edas sexuales, las comunidades ind\u00edgenas y afrodescendientes, entre otras-. Protestas y revueltas sociales en varios pa\u00edses del continente<a href=\"#_ftn5\" id=\"_ftnref5\">[5]<\/a>, como por ejemplo en Chile (2019-2021) o Colombia (2019-2021), anuncian una fuerza social que exige cambios estructurales.<\/p>\n\n\n\n<p>En este contexto, han surgido diferentes discursos. Por un lado, los de los sucesivos gobiernos que se han visto obligados a responder por sus actos y a justificarlos, y, por otro lado, los de los diversos actores sociales que se imponen como leg\u00edtimos portavoces de un escenario pol\u00edtico del que, sin embargo, fueron marginados (Corten, Huart y Pe\u00f1afiel, 2012). Se produce as\u00ed un flujo discursivo, a cada lado, con el objetivo de argumentar y legitimar la acci\u00f3n desplegada. Aunque dichos enunciados forman parte de un contexto espec\u00edfico, crean condiciones para una movilizaci\u00f3n y una acci\u00f3n m\u00e1s amplias con respecto a las nuevas realidades sociales y pol\u00edticas. Ahora bien, los discursos de estos actores entran en competencia en la lucha por imponer su interpretaci\u00f3n de la realidad y su concepci\u00f3n de la &#8220;verdad&#8221;. As\u00ed, al proponerse como la piedra angular para entender la crisis (o las crisis), estos discursos participan a su vez en la construcci\u00f3n de la realidad.<\/p>\n\n\n\n<p>Al considerar que la representaci\u00f3n de lo real del mundo pol\u00edtico y social se construye en y a trav\u00e9s del discurso, este coloquio internacional pretende esclarecer c\u00f3mo los discursos institucionales y no institucionales, individuales y colectivos, participan en la construcci\u00f3n de diferentes realidades en Am\u00e9rica Latina frente a estos acontecimientos.&nbsp;Se trata de observar c\u00f3mo las distintas construcciones discursivas obedecen a condiciones sociohist\u00f3ricas (Maingueneau, 2016) y se anclan en la realidad a trav\u00e9s de procesos discursivos espec\u00edficos. Se manifiestan, por ejemplo, en el uso de f\u00f3rmulas (Krieg-Planque, 2009) y ponen de relieve el proceso de denominaci\u00f3n y designaci\u00f3n que operan para alcanzar un objetivo (Cislaru, Gu\u00e9rin, Norim, N\u00e9e, 2007).<\/p>\n\n\n\n<p>Se pretende observar tanto los discursos considerados como institucionales [<em>Instituere<\/em>] &#8211; el conjunto de discursos que pueden considerarse en diversos grados, como los discursos &#8220;autorizados&#8221; que emanan de una instituci\u00f3n (Oger y Ollivier-Yaniv, 2003), &#8211; como los discursos no institucionales &#8211; los de los actores sociales que producen discursos sobre s\u00ed mismos y sobre sus condiciones de existencia.&nbsp;<\/p>\n\n\n\n<p>Si tomamos la definici\u00f3n de &#8220;actos de instituci\u00f3n&#8221; como una forma de acto de denominaci\u00f3n mediante el cual se significa algo a alguien (Bourdieu, 2015), el acto de comunicaci\u00f3n institucional participa en la construcci\u00f3n de la realidad, al tiempo que es un producto de esa misma realidad. En este sentido, las propuestas de comunicaci\u00f3n deber\u00e1n inscribirse en uno de los dos <strong>ejes siguientes<\/strong>:<\/p>\n\n\n\n<p><strong>1) Los discursos medi\u00e1ticos, institucionales o institucionalizados relacionados con fen\u00f3menos naturales (clim\u00e1ticos, medioambientales, sanitarios, etc.) o con crisis pol\u00edticas que dan forma al &#8220;acontecimiento&#8221; mediante la dispersi\u00f3n material (Foucault, 1971): &nbsp;<\/strong><\/p>\n\n\n\n<ul class=\"wp-block-list\">\n<li>\u00bfC\u00f3mo comunican los Estados y\/o los medios de comunicaci\u00f3n (tradicionales, alternativos, <em>pure players<\/em>) en respuesta a las graves crisis generadas por la pandemia o por los fen\u00f3menos clim\u00e1ticos?<\/li>\n\n\n\n<li>\u00bfQu\u00e9 tipo de discurso han utilizado los dirigentes con la voluntad de influir, orientar o condicionar determinados comportamientos de los ciudadanos?<\/li>\n\n\n\n<li>\u00bfDe qu\u00e9 manera los discursos pol\u00edticos sobre el medio ambiente en Am\u00e9rica Latina y el Caribe han tenido lugar en la construcci\u00f3n de acontecimientos? \u00bfC\u00f3mo pueden caracterizarse?<\/li>\n\n\n\n<li>\u00bfC\u00f3mo se puede calificar un discurso de &#8220;populista&#8221; y cu\u00e1les son los debates relacionados con las situaciones de crisis (migratoria, de seguridad, jur\u00eddica, de derechos humanos, etc.) en Am\u00e9rica Latina?<\/li>\n\n\n\n<li>\u00bfC\u00f3mo reflejan los discursos sobre el desarrollo y el futuro pol\u00edtico del continente la discusi\u00f3n en torno a los viejos paradigmas del mundo bipolar (la amenaza comunista, el enemigo interno, la ideolog\u00eda, el imperialismo, etc.)?<\/li>\n<\/ul>\n\n\n\n<p><strong>2) Discursos que circulan en el espacio p\u00fablico y que, sin embargo, se consideran o son considerados como &#8220;no institucionalizados&#8221; por su oposici\u00f3n a los discursos institucionales. El objetivo es observar, frente al paradigma institucional dominante, los discursos de los movimientos sociales (de v\u00edctimas, minor\u00edas, sectores invisibilizados, etc.) y su proceso de legitimaci\u00f3n:<\/strong><\/p>\n\n\n\n<ul class=\"wp-block-list\">\n<li>\u00bfDe qu\u00e9 manera han abierto las redes sociales digitales (RSD) una &#8220;ventana de oportunidades&#8221; (Tarrow, Sydney, 1994), desde un punto de vista enunciativo, para la acci\u00f3n de los movimientos sociales? \u00bfC\u00f3mo se han apropiado los ciudadanos de determinados canales de comunicaci\u00f3n que circulan por estas redes y c\u00f3mo han adaptado su estrategia discursiva para expresarse, organizarse, movilizarse o ser eficaces?&nbsp;<\/li>\n\n\n\n<li>\u00bfC\u00f3mo moviliza el discurso sobre el cambio clim\u00e1tico en Am\u00e9rica Latina a j\u00f3venes activistas, comunidades ind\u00edgenas, opositores al pensamiento \u00fanico, etc., con la esperanza de preservar el planeta y en la lucha contra el calentamiento global?<\/li>\n\n\n\n<li>\u00bfC\u00f3mo reactiva el discurso pol\u00edtico, materializado en un g\u00e9nero discursivo concreto (como el discurso pol\u00edtico o digital), la noci\u00f3n de activismo y reconocimiento (Honneth Axel, 1992) al generar nuevas figuras pol\u00edticas medi\u00e1ticas?<\/li>\n\n\n\n<li>O, por el contrario, \u00bfen qu\u00e9 medida las acciones directas espont\u00e1neas (Corten, Huart y Pe\u00f1afiel, 2012) -como los \u201cestallidos\u201d o los levantamientos populares- logran establecer nuevas subjetivaciones pol\u00edticas y nuevas posibilidades para posiciones sociales y enunciativas invisibilizadas?<\/li>\n\n\n\n<li>\u00bfC\u00f3mo se manifiestan los procesos de captura y subversi\u00f3n (Maingueneau, 2016) como mecanismo de comunicaci\u00f3n para organizar la pragm\u00e1tica de la oposici\u00f3n, encajando en una l\u00f3gica simb\u00f3lica propicia para el debate democr\u00e1tico?<\/li>\n<\/ul>\n\n\n\n<hr class=\"wp-block-separator has-alpha-channel-opacity\"\/>\n\n\n\n<p><strong>Organizaci\u00f3n<\/strong><\/p>\n\n\n\n<p>Las propuestas pueden enviarse en franc\u00e9s, espa\u00f1ol o portugu\u00e9s a <a href=\"http:\/\/adal@colloque-adal2024.org\">adal@colloque-adal2024.org<\/a> a trav\u00e9s de un archivo an\u00f3nimo en formato word, con el t\u00edtulo de la propuesta, un resumen de 500 palabras presentando la problem\u00e1tica, la metodolog\u00eda, las hip\u00f3tesis o resultados esperados, cinco palabras clave y cinco referencias bibliogr\u00e1ficas. El cuerpo del correo electr\u00f3nico debe incluir el nombre del autor, la afiliaci\u00f3n institucional y la disciplina, la direcci\u00f3n de correo electr\u00f3nico y el t\u00edtulo de la propuesta. <\/p>\n\n\n\n<p>La lengua oficial del coloquio es el franc\u00e9s, pero tambi\u00e9n podr\u00e1n presentarse comunicaciones en espa\u00f1ol y portugu\u00e9s. En ese caso, se pedir\u00e1 a los ponentes que realicen una presentaci\u00f3n en Power Point en franc\u00e9s. Al final del evento, se publicar\u00e1 una selecci\u00f3n de art\u00edculos en forma de libro colectivo o n\u00famero tem\u00e1tico de revista, en formato impreso y\/o electr\u00f3nico.<\/p>\n\n\n\n<hr class=\"wp-block-separator has-alpha-channel-opacity\"\/>\n\n\n\n<p><strong>Calendario<\/strong>:<\/p>\n\n\n\n<ul class=\"wp-block-list\">\n<li><strong>8 de febrero de 2023<\/strong>: apertura de la convocatoria<\/li>\n\n\n\n<li><strong><mark style=\"background-color:#fcb900\" class=\"has-inline-color\">30 de abril de 2023<\/mark><\/strong>: cierre de la convocatoria y env\u00edo de propuestas al correo electr\u00f3nico <a href=\"http:\/\/adal@colloque-adal2024.org\">adal@colloque-adal2024.org<\/a><\/li>\n\n\n\n<li><strong>30 de junio de 2023<\/strong>: respuesta a las propuestas<\/li>\n\n\n\n<li><strong>15 de septiembre de 2023:<\/strong> apertura de las inscripciones<\/li>\n\n\n\n<li><strong>Del 24 al 26 de enero de 2024<\/strong>: coloquio\n<ul class=\"wp-block-list\">\n<li><\/li>\n<\/ul>\n<\/li>\n<\/ul>\n\n\n\n<hr class=\"wp-block-separator has-alpha-channel-opacity\"\/>\n\n\n\n<p class=\"has-small-font-size\"><a href=\"#_ftnref1\" id=\"_ftn1\">[1]<\/a> Cifras al mes de diciembre de 2022&nbsp;: <a href=\"https:\/\/www.imf.org\/es\/News\/Articles\/2022\/12\/06\/cf-venezuelas-migrants-bring-economic-opportunity-to-latin-america\">https:\/\/www.imf.org\/es\/News\/Articles\/2022\/12\/06\/cf-venezuelas-migrants-bring-economic-opportunity-to-latin-america<\/a> &nbsp;<\/p>\n\n\n\n<p class=\"has-small-font-size\"><a href=\"#_ftnref2\" id=\"_ftn2\">[2]<\/a> <a href=\"https:\/\/www.oecd-ilibrary.org\/sites\/3894985a-fr\/index.html?itemId=\/content\/component\/3894985a-fr#indicator-d1e59446\">https:\/\/www.oecd-ilibrary.org\/sites\/3894985a-fr\/index.html?itemId=\/content\/component\/3894985a-fr#indicator-d1e59446 <\/a>&nbsp;<\/p>\n\n\n\n<p class=\"has-small-font-size\"><a id=\"_ftn3\" href=\"#_ftnref3\">[3]<\/a> Las cifras para Colombia oscilan entre 5 y 8 millones de colombianos que viven en el extranjero. Fuente: Congreso de la Rep\u00fablica de Colombia. <a href=\"https:\/\/www.camara.gov.co\/presupuesto-y-censo-necesarios-para-atender-migrantes-colombianos\">https:\/\/www.camara.gov.co\/presupuesto-y-censo-necesarios-para-atender-migrantes-colombianos<\/a>&nbsp;&nbsp;<\/p>\n\n\n\n<p class=\"has-small-font-size\"><a href=\"#_ftnref4\" id=\"_ftn4\">[4]<\/a> <a href=\"https:\/\/www.ilo.org\/global\/about-the-ilo\/newsroom\/news\/WCMS_836226\/lang--fr\/index.htm\">https:\/\/www.ilo.org\/global\/about-the-ilo\/newsroom\/news\/WCMS_836226\/lang&#8211;fr\/index.htm<\/a><\/p>\n\n\n\n<p class=\"has-small-font-size\"><a href=\"#_ftnref5\" id=\"_ftn5\">[5]<\/a> Argentina, Costa-Rica, Brasil, Ecuador, Bolivia, Per\u00fa, Venezuela y Nicaragua fueron escenario de manifestaciones ciudadanas entre 2019 y 2020. Lo mismo sucedi\u00f3 en Cuba, Paraguay, Guatemala y el Salvador en 2021.<\/p>\n\n\n\n<hr class=\"wp-block-separator has-alpha-channel-opacity\"\/>\n\n\n\n<p><strong>Bibliografia indicativa<\/strong>&nbsp;<\/p>\n\n\n\n<p>Alexandre, M. F.; Resende, V. de M., (2010), \u00ab&nbsp;Representa\u00e7\u00e3o discursiva da pobreza extrema \u2013 an\u00e1lise discursiva cr\u00edtica de um testemunho publicado em editorial da revista Cais&nbsp;\u00bb. <em>Revista Latinoamericana de Estudios del Discurso<\/em>, 10 (2), p. 87-105, 2010.<\/p>\n\n\n\n<p>Alvarez-Leguizamon, S., (2005), <em>Trabajo y producci\u00f3n de la pobreza en latinoam\u00e9rica y El Caribe&nbsp;: estructuras, discursos y actores<\/em>, Bunos Aires, Consejo latinoamericano de ciencias sociales (CLASCO)<\/p>\n\n\n\n<p>Araujo, I. F., &amp; Cortes, G. R. de O., (2021), \u00ab&nbsp;O rompimento da barragem Brumadinho&nbsp;: disputa de sentidos nas tramas discursivas do Twitter&nbsp;\u00bb, Revista Eletr\u00f4nica <em>Interfaces<\/em>, 12 (1). https:\/\/revistas.unicentro.br\/index.php\/revista_interfaces\/article\/view\/6536. <em>&nbsp;<\/em><\/p>\n\n\n\n<p>Brum, C.&nbsp;; Cavalheiro de Jesus, S., (2015), \u00ab Mito, diversidade cultural e educa\u00e7\u00e3o&nbsp;: notas sobre a invisibilidade guarani no Rio Grande do Sul e algumas estrat\u00e9gias nativas de supera\u00e7\u00e3o&nbsp;\u00bb, <em>Horizontes Antropol\u00f3gicos<\/em> [En ligne], 44. http:\/\/journals.openedition.org\/ horizontes\/1020<\/p>\n\n\n\n<p>Brunner, P.&nbsp;; Pordeus-Ribeiro,&nbsp;(2020) \u00ab&nbsp;<em>In\u00e9galit\u00e9(s)<\/em>&nbsp;dans le discours de la presse fran\u00e7aise&nbsp;: usages discursifs et dimensions s\u00e9mantiques d\u2019un mot&nbsp;\u00bb, <em>Corela<\/em> [En linge], 18 &nbsp;(2), http:\/\/journals.openedition.org\/corela\/12798.<\/p>\n\n\n\n<p>Butler, J.,&nbsp;(2004), <em>Le pouvoir des mots&nbsp;<\/em>-politique du performatif-, \u00e9ditions Amsterdam, Paris.<\/p>\n\n\n\n<p>Corten, A.&nbsp;; Huart, C. et Pe\u00f1afiel R. (2012). <em>L\u2019interpellation pl\u00e9b\u00e9ienne en Am\u00e9rique latine. Violence, actions directes et virage \u00e0 gauche<\/em>, Paris\/Montr\u00e9al, Karthala\/PUQ.<\/p>\n\n\n\n<p>Cislaru, G., Gu\u00e9rin, O., Morim, K., N\u00e9e, E. (2007). <em>L\u2019acte de nommer&nbsp;: Une dynamique entre langue et discours<\/em>. Presses Sorbonne Nouvelle. Paris.<\/p>\n\n\n\n<p>Cusso, R., G. C., (dir) (2008), Dossier \u00ab&nbsp;Du discours politique au discours expert&nbsp;\u00bb, <em>Mots. Les langages du politique<\/em>, 88.&nbsp;<\/p>\n\n\n\n<p>Emediato, W., (2020).&nbsp; \u00ab&nbsp;Os enquadres discursivos do acontecimento migrat\u00f3rio: narrativiza\u00e7\u00e3o, banaliza\u00e7\u00e3o e estigmatiza\u00e7\u00e3o \/ The discursive frameworks of the migratory event: narrativization, trivialization and stigmatization&nbsp;\u00bb, <em>Revista De Estudos Da Linguagem<\/em>, 28, p. 597-618.&nbsp;&nbsp;&nbsp;&nbsp;&nbsp;&nbsp;<\/p>\n\n\n\n<p>Fairclough, N., (1995), <em>Critical Discourse Analysis. The critical study of langage.<\/em> Langman Publishing, New York.<\/p>\n\n\n\n<p>Foucault, M., (1971), <em>L\u2019ordre du discours<\/em>, -Le\u00e7on inaugurale au Coll\u00e8ge de France prononc\u00e9e le 2 d\u00e9cembre 1970-, \u00c9ditions Gallimard, Mayenne.<\/p>\n\n\n\n<p>Gaudichaud, F., (2019), \u00ab&nbsp;Am\u00e9rique latine&nbsp;: les gouvernements &#8220;progressistes&#8221; dans leur labyrinthe&nbsp;\u00bb, <em>Recherches Internationales<\/em>, L\u2019Am\u00e9rique latine en bascule, 115, p. &nbsp;61-81.<\/p>\n\n\n\n<p>Grigoletto, E., (2005), \u00ab&nbsp;Do lugar social ao discursivo&nbsp;: o imbricamento de diferentes posi\u00e7\u00f5es sujeito&nbsp;\u00bb. In&nbsp;: Anais do II Semin\u00e1rio de Estudos em An\u00e1lise do Discurso. Porto Alegre&nbsp;: UFRGS.<\/p>\n\n\n\n<p>Krieg-Planque, A., (2009), La notion de \u201cformule\u201d en analyse du discours&nbsp;: cadre th\u00e9orique et m\u00e9thodologique, Presses Universitaires de Franche-Comt\u00e9.<\/p>\n\n\n\n<p>Krieg-Planque, A., (2012), Analyser les discours institutionnels, Paris, A.&nbsp;Colin, coll.&nbsp;ICOM, s\u00e9rie Discours et communication.<\/p>\n\n\n\n<p>Honneth, A., (1992), <em>La Lutte pour la reconnaissance,<\/em> traduit de l\u2019allemand par Pierre Rusch, Paris, Gallimard.<\/p>\n\n\n\n<p>Lara, G. M. P., (2017), Abrindo as portas: a voz dos imigrantes e refugiados, in&nbsp;: <em>Cadernos de Linguages e Sociedade<\/em>, 18, p. 28-48.<\/p>\n\n\n\n<p>Londei, D.&nbsp;;&nbsp; Moirand, S.&nbsp;; Reboul-Tour\u00e9, S. et Reggiani, L. (dir.) (2013),&nbsp;Dire l\u2019\u00e9v\u00e9nement&nbsp;: langage, m\u00e9moire, soci\u00e9t\u00e9. Paris&nbsp;: Presses Sorbonne Nouvelle. 356 p.<\/p>\n\n\n\n<p>Maingueneau, D., (2002), Les rapports des organisations internationales&nbsp;: un discours constituant ?&nbsp;<em>Les mots du pouvoir. Sens et non-sens de la rh\u00e9torique internationale<\/em>, G.&nbsp;Rist&nbsp;\u00e9d.,&nbsp;<em>Nouveaux cahiers de l\u2019IUED<\/em>, Paris, Presses universitaires de France (Enjeux, n<sup>o<\/sup>&nbsp;13), p.&nbsp;119-132.<\/p>\n\n\n\n<p>Maingueneau, D. (2013), Post-scriptum. Le rapport de la Banque mondiale. Quelques r\u00e9flexions d\u2019un analyste du discours,&nbsp;<em>Les discours sur l\u2019\u00e9conomie<\/em>, M.&nbsp;Temmar, J.&nbsp;Angermuller, F.&nbsp;Lebaron&nbsp;\u00e9d., Paris, PUF (CURAPP), p.&nbsp;175-190.<\/p>\n\n\n\n<p>Monte, M. et Oger, C., (2015), La construction de l\u2019autorit\u00e9 en contexte. L\u2019effacement du dissensus dans les discours institutionnels,&nbsp;<em>Mots. Les langages du politique<\/em>, 107, p. &nbsp;5-18. http:\/\/journals.openedition.org\/mots\/21847.<\/p>\n\n\n\n<p>Moirand. S.&nbsp;; Reboul-Tour\u00e9, S&nbsp;; Londei, D et Reggiani, L. (dir.) (2013),&nbsp; <em>Dire l\u2019\u00e9v\u00e9nement. Langage, m\u00e9moire, soci\u00e9t\u00e9<\/em>, Paris, Presses Sorbonne Nouvelle.<\/p>\n\n\n\n<p>Moirand, S. (2016), \u00ab&nbsp;De l\u2019in\u00e9galit\u00e9 objectivis\u00e9e \u00e0 l\u2019in\u00e9galit\u00e9 ressentie et aux peurs qu\u2019elle suscite&nbsp;: les r\u00e9fugi\u00e9s pris au pi\u00e8ge de l\u2019identit\u00e9&nbsp;\u00bb, <em>Revista de Estudos da Linguagem, <\/em>24 (3), http:\/\/www.periodicos.letras.ufmg.br\/index.php\/relin\/article\/view\/10812.<\/p>\n\n\n\n<p>Najar, S. (2013), <em>Les r\u00e9seaux sociaux sur internet \u00e0 l&#8217;heure des transitions d\u00e9mocratiques<\/em>, Tunis : IRMC ; Paris : Karthala.<\/p>\n\n\n\n<p>Oger, C.&nbsp;; Ollivier-Yaniv, C. (2003), \u00ab&nbsp;Analyse du discours institutionnel&nbsp;et sociologie compr\u00e9hensive&nbsp;: vers une anthropologie des discours institutionnels&nbsp;\u00bb,&nbsp;<em>Mots. Les langages du politique<\/em>, 71, p. &nbsp;125-145, <a href=\"http:\/\/mots.revues.org\/8423\">http:\/\/mots.revues.org\/8423<\/a>.<\/p>\n\n\n\n<p>Oger, C., (2021).&nbsp;<em>Faire r\u00e9f\u00e9rence. La construction de l\u2019autorit\u00e9 dans le discours des <\/em><em>institutions<\/em>&nbsp;(Paris&nbsp;: Editions EHESS).<\/p>\n\n\n\n<p>Paveau, M.-A. (2017), \u00ab&nbsp;Le discours des vuln\u00e9rables. Proposition th\u00e9orique et politique&nbsp;\u00bb,&nbsp;<em>Cadernos de Linguagem e Sociedade<\/em>, 18 (1), p. 135-157.<\/p>\n\n\n\n<p>Piovezani, C.; Soares, T., (2018), \u00ab&nbsp;Ret\u00f3rica do preconceito: uma an\u00e1lise de discursos sobre vozes marginais&nbsp;\u00bb. <em>EID&amp;A &#8211; Revista Eletr\u00f4nica de Estudos Integrados em Discurso e Argumenta\u00e7\u00e3o<\/em>, Ilh\u00e9us, 15, p. 58-70, jan.\/jun.2018.<\/p>\n\n\n\n<p>Tarrow, S. (1994), <em>El Poder en Movimiento.&nbsp; Los movimientos sociales, La acci\u00f3n colectiva y la pol\u00edtica<\/em>. Ed. Alianza Universidad. Cambridge University Press.<\/p>\n\n\n\n<p>Zoppi-Fontana, M., (2014), <em>Cidad\u00e3os Modernos:discurso e representa\u00e7\u00e3o pol\u00edtica<\/em>. Campinas: Editora da Unicamp.<em><\/em><\/p>\n","protected":false},"excerpt":{"rendered":"<p>Coloquio internacional de la asociaci\u00f3n ADAL Del 24 al 26 de enero de 2024 En Am\u00e9rica Latina, la segunda d\u00e9cada del 2000 ha sido testigo de la emergencia o exacerbaci\u00f3n de fen\u00f3menos clim\u00e1ticos, medioambientales y sanitarios cuyo efecto ha sido el de intensificar situaciones de tensi\u00f3n, derivadas de la brecha social, econ\u00f3mica y digital. Adem\u00e1s, &hellip; <\/p>\n<p class=\"link-more\"><a href=\"https:\/\/adalassociation.org\/colloqueadal2024\/convocatoria\/\" class=\"more-link\">Continue reading<span class=\"screen-reader-text\"> &#8220;Convocatoria&#8221;<\/span><\/a><\/p>\n","protected":false},"author":1,"featured_media":0,"parent":0,"menu_order":0,"comment_status":"closed","ping_status":"closed","template":"","meta":{"footnotes":""},"class_list":["post-218","page","type-page","status-publish","hentry"],"_links":{"self":[{"href":"https:\/\/adalassociation.org\/colloqueadal2024\/wp-json\/wp\/v2\/pages\/218","targetHints":{"allow":["GET"]}}],"collection":[{"href":"https:\/\/adalassociation.org\/colloqueadal2024\/wp-json\/wp\/v2\/pages"}],"about":[{"href":"https:\/\/adalassociation.org\/colloqueadal2024\/wp-json\/wp\/v2\/types\/page"}],"author":[{"embeddable":true,"href":"https:\/\/adalassociation.org\/colloqueadal2024\/wp-json\/wp\/v2\/users\/1"}],"replies":[{"embeddable":true,"href":"https:\/\/adalassociation.org\/colloqueadal2024\/wp-json\/wp\/v2\/comments?post=218"}],"version-history":[{"count":11,"href":"https:\/\/adalassociation.org\/colloqueadal2024\/wp-json\/wp\/v2\/pages\/218\/revisions"}],"predecessor-version":[{"id":347,"href":"https:\/\/adalassociation.org\/colloqueadal2024\/wp-json\/wp\/v2\/pages\/218\/revisions\/347"}],"wp:attachment":[{"href":"https:\/\/adalassociation.org\/colloqueadal2024\/wp-json\/wp\/v2\/media?parent=218"}],"curies":[{"name":"wp","href":"https:\/\/api.w.org\/{rel}","templated":true}]}}