{"id":17,"date":"2023-01-31T16:13:09","date_gmt":"2023-01-31T16:13:09","guid":{"rendered":"https:\/\/adalassociation.org\/colloqueadal2024\/?page_id=17"},"modified":"2024-01-08T14:17:20","modified_gmt":"2024-01-08T14:17:20","slug":"inicio-br","status":"publish","type":"page","link":"https:\/\/adalassociation.org\/colloqueadal2024\/inicio-br\/","title":{"rendered":"In\u00edcio"},"content":{"rendered":"<div class=\"wp-block-image\">\n<figure class=\"aligncenter size-large\"><img loading=\"lazy\" decoding=\"async\" width=\"724\" height=\"1024\" src=\"https:\/\/adalassociation.org\/colloqueadal2024\/wp-content\/uploads\/2024\/01\/Colloque-ADAL-2024-724x1024.jpg\" alt=\"Colloque ADAL 2024\" class=\"wp-image-557\" srcset=\"https:\/\/adalassociation.org\/colloqueadal2024\/wp-content\/uploads\/2024\/01\/Colloque-ADAL-2024-724x1024.jpg 724w, https:\/\/adalassociation.org\/colloqueadal2024\/wp-content\/uploads\/2024\/01\/Colloque-ADAL-2024-212x300.jpg 212w, https:\/\/adalassociation.org\/colloqueadal2024\/wp-content\/uploads\/2024\/01\/Colloque-ADAL-2024-768x1086.jpg 768w, https:\/\/adalassociation.org\/colloqueadal2024\/wp-content\/uploads\/2024\/01\/Colloque-ADAL-2024-1086x1536.jpg 1086w, https:\/\/adalassociation.org\/colloqueadal2024\/wp-content\/uploads\/2024\/01\/Colloque-ADAL-2024-1448x2048.jpg 1448w, https:\/\/adalassociation.org\/colloqueadal2024\/wp-content\/uploads\/2024\/01\/Colloque-ADAL-2024.jpg 1587w\" sizes=\"auto, (max-width: 724px) 100vw, 724px\" \/><figcaption class=\"wp-element-caption\">Colloque ADAL 2024<\/figcaption><\/figure>\n<\/div>\n\n\n<h2 class=\"wp-block-heading\"><strong>Discursos institucionais e n\u00e3o institucionais na Am\u00e9rica Latina contempor\u00e2nea<\/strong><\/h2>\n\n\n\n<h2 class=\"wp-block-heading\"><strong>Dizer o acontecimento em tempos de crise<\/strong><\/h2>\n\n\n\n<p><strong>Col\u00f3quio internacional da associa\u00e7\u00e3o ADAL <\/strong><strong>(An\u00e1lise de discursos da Am\u00e9rica Latina)<\/strong><\/p>\n\n\n\n<p><strong>24 a 26 de janeiro de 2024<\/strong><\/p>\n\n\n\n<p>Na Am\u00e9rica Latina, a segunda d\u00e9cada dos anos 2000 encerrou-se com o aparecimento e a exacerba\u00e7\u00e3o de fen\u00f4menos clim\u00e1ticos, ambientais e sanit\u00e1rios que revelaram tens\u00f5es j\u00e1 existentes, como a fratura social, econ\u00f4mica e digital. Al\u00e9m disso, a migra\u00e7\u00e3o transfronteiri\u00e7a tornou-se uma realidade em todo o continente; \u00e9 o caso particular da Venezuela, com seis milh\u00f5es de migrantes em outros pa\u00edses latino-americanos<a href=\"#_ftn1\" id=\"_ftnref1\">[1]<\/a>, ou ainda da Col\u00f4mbia<a href=\"#_ftn2\" id=\"_ftnref2\">[2]<\/a>, cujo governo contabiliza cinco milh\u00f5es de cidad\u00e3os que deixaram o pa\u00eds<a href=\"#_ftn3\" id=\"_ftnref3\">[3]<\/a>. Todas as fronteiras do continente foram atingidas pelos fluxos migrat\u00f3rios amplificados \u2013 vindos do Caribe mas tamb\u00e9m da \u00c1frica \u2013 que geraram, entre outros, fen\u00f4menos de xenofobia entre os migrantes e a popula\u00e7\u00e3o local. No cerne dessa situa\u00e7\u00e3o, encontram-se n\u00e3o somente condi\u00e7\u00f5es pol\u00edticas dif\u00edceis, como a impunidade e as viola\u00e7\u00f5es dos direitos humanos, mas tamb\u00e9m sociais, marcadas pela pobreza, viol\u00eancia, precariedade de emprego, discursos securit\u00e1rios, negacionistas ou xen\u00f3fobos, que afetam todo o subcontinente e provocam uma din\u00e2mica pol\u00edtica que oscila, ao longo das d\u00e9cadas, entre a elei\u00e7\u00e3o de governos ditos de esquerda e de direita.<\/p>\n\n\n\n<hr class=\"wp-block-separator has-alpha-channel-opacity\"\/>\n\n\n\n<p class=\"has-small-font-size\"><a href=\"#_ftnref1\" id=\"_ftn1\">[1]<\/a> N\u00fameros do m\u00eas de dezembro de 2022: <a href=\"https:\/\/www.imf.org\/es\/News\/Articles\/2022\/12\/06\/cf-venezuelas-migrants-bring-economic-opportunity-to-latin-america\">https:\/\/www.imf.org\/es\/News\/Articles\/2022\/12\/06\/cf-venezuelas-migrants-bring-economic-opportunity-to-latin-america<\/a><\/p>\n\n\n\n<p class=\"has-small-font-size\"><a href=\"#_ftnref2\" id=\"_ftn2\">[2]<\/a>&nbsp;<a href=\"https:\/\/www.oecd-ilibrary.org\/sites\/3894985a-fr\/index.html?itemId=\/content\/component\/3894985a-fr#indicator-d1e59446\">https:\/\/www.oecd-ilibrary.org\/sites\/3894985a-fr\/index.html?itemId=\/content\/component\/3894985a-fr#indicator-d1e59446<\/a><\/p>\n\n\n\n<p class=\"has-small-font-size\"><a href=\"#_ftnref3\" id=\"_ftn3\">[3]<\/a> Os n\u00fameros para a Col\u00f4mbia oscilam entre 5 e 8 milh\u00f5es de colombianos vivendo no exterior. Fonte: Congr\u00e8s de la R\u00e9publique de Colombie. <a href=\"https:\/\/www.camara.gov.co\/presupuesto-y-censo-necesarios-para-atender-migrantes-colombianos\">https:\/\/www.camara.gov.co\/presupuesto-y-censo-necesarios-para-atender-migrantes-colombianos<\/a><\/p>\n\n\n\n<p><strong><a href=\"https:\/\/adalassociation.org\/colloqueadal2024\/chamada-para-comunicacoes\/\">Chamada para comunica\u00e7\u00f5es<\/a><\/strong><\/p>\n","protected":false},"excerpt":{"rendered":"<p>Discursos institucionais e n\u00e3o institucionais na Am\u00e9rica Latina contempor\u00e2nea Dizer o acontecimento em tempos de crise Col\u00f3quio internacional da associa\u00e7\u00e3o ADAL (An\u00e1lise de discursos da Am\u00e9rica Latina) 24 a 26 de janeiro de 2024 Na Am\u00e9rica Latina, a segunda d\u00e9cada dos anos 2000 encerrou-se com o aparecimento e a exacerba\u00e7\u00e3o de fen\u00f4menos clim\u00e1ticos, ambientais e &hellip; <\/p>\n<p class=\"link-more\"><a href=\"https:\/\/adalassociation.org\/colloqueadal2024\/inicio-br\/\" class=\"more-link\">Continue reading<span class=\"screen-reader-text\"> &#8220;In\u00edcio&#8221;<\/span><\/a><\/p>\n","protected":false},"author":1,"featured_media":262,"parent":0,"menu_order":0,"comment_status":"closed","ping_status":"closed","template":"","meta":{"footnotes":""},"class_list":["post-17","page","type-page","status-publish","has-post-thumbnail","hentry"],"_links":{"self":[{"href":"https:\/\/adalassociation.org\/colloqueadal2024\/wp-json\/wp\/v2\/pages\/17","targetHints":{"allow":["GET"]}}],"collection":[{"href":"https:\/\/adalassociation.org\/colloqueadal2024\/wp-json\/wp\/v2\/pages"}],"about":[{"href":"https:\/\/adalassociation.org\/colloqueadal2024\/wp-json\/wp\/v2\/types\/page"}],"author":[{"embeddable":true,"href":"https:\/\/adalassociation.org\/colloqueadal2024\/wp-json\/wp\/v2\/users\/1"}],"replies":[{"embeddable":true,"href":"https:\/\/adalassociation.org\/colloqueadal2024\/wp-json\/wp\/v2\/comments?post=17"}],"version-history":[{"count":6,"href":"https:\/\/adalassociation.org\/colloqueadal2024\/wp-json\/wp\/v2\/pages\/17\/revisions"}],"predecessor-version":[{"id":581,"href":"https:\/\/adalassociation.org\/colloqueadal2024\/wp-json\/wp\/v2\/pages\/17\/revisions\/581"}],"wp:featuredmedia":[{"embeddable":true,"href":"https:\/\/adalassociation.org\/colloqueadal2024\/wp-json\/wp\/v2\/media\/262"}],"wp:attachment":[{"href":"https:\/\/adalassociation.org\/colloqueadal2024\/wp-json\/wp\/v2\/media?parent=17"}],"curies":[{"name":"wp","href":"https:\/\/api.w.org\/{rel}","templated":true}]}}