{"id":13,"date":"2023-01-31T16:13:09","date_gmt":"2023-01-31T16:13:09","guid":{"rendered":"https:\/\/adalassociation.org\/colloqueadal2024\/?page_id=13"},"modified":"2024-01-08T13:48:13","modified_gmt":"2024-01-08T13:48:13","slug":"accueil","status":"publish","type":"page","link":"https:\/\/adalassociation.org\/colloqueadal2024\/accueil\/","title":{"rendered":"Accueil"},"content":{"rendered":"<div class=\"wp-block-image\">\n<figure class=\"aligncenter size-large\"><img loading=\"lazy\" decoding=\"async\" width=\"724\" height=\"1024\" src=\"https:\/\/adalassociation.org\/colloqueadal2024\/wp-content\/uploads\/2024\/01\/Colloque-ADAL-2024-724x1024.jpg\" alt=\"Colloque ADAL 2024\" class=\"wp-image-557\" srcset=\"https:\/\/adalassociation.org\/colloqueadal2024\/wp-content\/uploads\/2024\/01\/Colloque-ADAL-2024-724x1024.jpg 724w, https:\/\/adalassociation.org\/colloqueadal2024\/wp-content\/uploads\/2024\/01\/Colloque-ADAL-2024-212x300.jpg 212w, https:\/\/adalassociation.org\/colloqueadal2024\/wp-content\/uploads\/2024\/01\/Colloque-ADAL-2024-768x1086.jpg 768w, https:\/\/adalassociation.org\/colloqueadal2024\/wp-content\/uploads\/2024\/01\/Colloque-ADAL-2024-1086x1536.jpg 1086w, https:\/\/adalassociation.org\/colloqueadal2024\/wp-content\/uploads\/2024\/01\/Colloque-ADAL-2024-1448x2048.jpg 1448w, https:\/\/adalassociation.org\/colloqueadal2024\/wp-content\/uploads\/2024\/01\/Colloque-ADAL-2024.jpg 1587w\" sizes=\"auto, (max-width: 724px) 100vw, 724px\" \/><figcaption class=\"wp-element-caption\">Colloque ADAL 2024<\/figcaption><\/figure>\n<\/div>\n\n\n<p><strong>Colloque international de l\u2019association ADAL (Analyse des Discours de l\u2019Am\u00e9rique latine)<\/strong><\/p>\n\n\n\n<p><strong>24 au 26 janvier 2024<\/strong><\/p>\n\n\n\n<p class=\"has-text-align-left\">En Am\u00e9rique latine, la seconde d\u00e9cennie des ann\u00e9es 2000 s\u2019est sold\u00e9e par l\u2019irruption ou l\u2019exacerbation de ph\u00e9nom\u00e8nes climatiques, environnementaux et sanitaires, mettant en exergue des situations de tensions d\u00e9j\u00e0 existantes, comme la fracture sociale, \u00e9conomique et digitale. De plus, la migration transfrontali\u00e8re est devenue une r\u00e9alit\u00e9 qui touche l\u2019ensemble du continent&nbsp;; c\u2019est le cas particulier du Venezuela, avec six millions d\u2019\u00e9migr\u00e9s dans d\u2019autres pays latino-am\u00e9ricains<a id=\"_ftnref1\" href=\"#_ftn1\"><u><sup><u><sup>[1]<\/sup><\/u><\/sup><\/u><\/a>, ou de la Colombie<a id=\"_ftnref2\" href=\"#_ftn2\"><u><sup><u><sup>[2]<\/sup><\/u><\/sup><\/u><\/a> qui, selon l\u2019\u00c9tat, compte cinq millions de citoyens ayant quitt\u00e9 leur pays<a id=\"_ftnref3\" href=\"#_ftn3\"><u><sup><u><sup>[3]<\/sup><\/u><\/sup><\/u><\/a>. Toutes les fronti\u00e8res du continent ont \u00e9t\u00e9 touch\u00e9es par des flux migratoires accrus <strong>\u2013<\/strong> venus des Cara\u00efbes, mais aussi d\u2019Afrique <strong>\u2013<\/strong> g\u00e9n\u00e9rant, entre autres, des ph\u00e9nom\u00e8nes de x\u00e9nophobie entre les migrants et la population des pays d\u2019accueil. \u00c0 l\u2019origine de cette situation se trouvent non seulement des conditions politiques difficiles, comme l\u2019impunit\u00e9 et les violations des droits de la personne, mais aussi sociales, marqu\u00e9es par la pauvret\u00e9, la violence, la pr\u00e9carit\u00e9 de l\u2019emploi et des discours s\u00e9curitaires, n\u00e9gationnistes ou x\u00e9nophobes, touchant l\u2019ensemble du sous-continent et engendrant une dynamique politique qui oscille, au travers de deux d\u00e9cennies, entre l\u2019\u00e9lection de gouvernements qualifi\u00e9s de gauche et de droite.<\/p>\n\n\n\n<p><a href=\"https:\/\/adalassociation.org\/colloqueadal2024\/appel-a-communication\/\">Appel \u00e0 communications<\/a><\/p>\n\n\n\n<hr class=\"wp-block-separator has-alpha-channel-opacity\"\/>\n\n\n\n<p class=\"has-small-font-size\"><a href=\"#_ftnref1\" id=\"_ftn1\"><u><sup><u><sup>[1]<\/sup><\/u><\/sup><\/u><\/a> &nbsp;Chiffres au mois de d\u00e9cembre 2022&nbsp;: <a href=\"https:\/\/www.imf.org\/es\/News\/Articles\/2022\/12\/06\/cf-venezuelas-migrants-bring-economic-opportunity-to-latin-america\">https:\/\/www.imf.org\/es\/News\/Articles\/2022\/12\/06\/cf-venezuelas-migrants-bring-economic-opportunity-to-latin-america<\/a> &nbsp;<\/p>\n\n\n\n<p class=\"has-small-font-size\"><a href=\"#_ftnref2\" id=\"_ftn2\"><u><sup><u><sup>[2]<\/sup><\/u><\/sup><\/u><\/a> &nbsp;<a href=\"https:\/\/www.oecd-ilibrary.org\/sites\/3894985a-fr\/index.html?itemId=\/content\/component\/3894985a-fr#indicator-d1e59446\">https:\/\/www.oecd-ilibrary.org\/sites\/3894985a-fr\/index.html?itemId=\/content\/component\/3894985a-fr#indicator-d1e59446<\/a><\/p>\n\n\n\n<p class=\"has-small-font-size\"><a href=\"#_ftnref3\" id=\"_ftn3\"><u><sup><u><sup>[3]<\/sup><\/u><\/sup><\/u><\/a> &nbsp;Les chiffres pour la Colombie oscillent entre 5 et 8 millions de Colombiens vivant \u00e0 l\u2019\u00e9tranger. Source&nbsp;: Congr\u00e8s de la R\u00e9publique de Colombie. <a href=\"https:\/\/www.camara.gov.co\/presupuesto-y-censo-necesarios-para-atender-migrantes-colombianos\">https:\/\/www.camara.gov.co\/presupuesto-y-censo-necesarios-para-atender-migrantes-colombianos<\/a><\/p>\n","protected":false},"excerpt":{"rendered":"<p>Colloque international de l\u2019association ADAL (Analyse des Discours de l\u2019Am\u00e9rique latine) 24 au 26 janvier 2024 En Am\u00e9rique latine, la seconde d\u00e9cennie des ann\u00e9es 2000 s\u2019est sold\u00e9e par l\u2019irruption ou l\u2019exacerbation de ph\u00e9nom\u00e8nes climatiques, environnementaux et sanitaires, mettant en exergue des situations de tensions d\u00e9j\u00e0 existantes, comme la fracture sociale, \u00e9conomique et digitale. De plus, &hellip; <\/p>\n<p class=\"link-more\"><a href=\"https:\/\/adalassociation.org\/colloqueadal2024\/accueil\/\" class=\"more-link\">Continue reading<span class=\"screen-reader-text\"> &#8220;Accueil&#8221;<\/span><\/a><\/p>\n","protected":false},"author":1,"featured_media":262,"parent":0,"menu_order":0,"comment_status":"closed","ping_status":"closed","template":"","meta":{"footnotes":""},"class_list":["post-13","page","type-page","status-publish","has-post-thumbnail","hentry"],"_links":{"self":[{"href":"https:\/\/adalassociation.org\/colloqueadal2024\/wp-json\/wp\/v2\/pages\/13","targetHints":{"allow":["GET"]}}],"collection":[{"href":"https:\/\/adalassociation.org\/colloqueadal2024\/wp-json\/wp\/v2\/pages"}],"about":[{"href":"https:\/\/adalassociation.org\/colloqueadal2024\/wp-json\/wp\/v2\/types\/page"}],"author":[{"embeddable":true,"href":"https:\/\/adalassociation.org\/colloqueadal2024\/wp-json\/wp\/v2\/users\/1"}],"replies":[{"embeddable":true,"href":"https:\/\/adalassociation.org\/colloqueadal2024\/wp-json\/wp\/v2\/comments?post=13"}],"version-history":[{"count":8,"href":"https:\/\/adalassociation.org\/colloqueadal2024\/wp-json\/wp\/v2\/pages\/13\/revisions"}],"predecessor-version":[{"id":564,"href":"https:\/\/adalassociation.org\/colloqueadal2024\/wp-json\/wp\/v2\/pages\/13\/revisions\/564"}],"wp:featuredmedia":[{"embeddable":true,"href":"https:\/\/adalassociation.org\/colloqueadal2024\/wp-json\/wp\/v2\/media\/262"}],"wp:attachment":[{"href":"https:\/\/adalassociation.org\/colloqueadal2024\/wp-json\/wp\/v2\/media?parent=13"}],"curies":[{"name":"wp","href":"https:\/\/api.w.org\/{rel}","templated":true}]}}