{"id":128,"date":"2023-02-08T11:27:05","date_gmt":"2023-02-08T11:27:05","guid":{"rendered":"https:\/\/adalassociation.org\/colloqueadal2024\/?page_id=128"},"modified":"2023-10-09T14:13:45","modified_gmt":"2023-10-09T14:13:45","slug":"conferencistas-convidados","status":"publish","type":"page","link":"https:\/\/adalassociation.org\/colloqueadal2024\/conferencistas-convidados\/","title":{"rendered":"Conferencistas convidados"},"content":{"rendered":"\n<ul class=\"wp-block-list\">\n<li><strong>Patrick Charaudeau<\/strong> (Universit\u00e9 Sorbonne Paris Nord &#8211; CNRS-CERLIS, Universit\u00e9 Paris Cit\u00e9)<\/li>\n\n\n\n<li><strong>Wander Emediato<\/strong> (Universidade Federal de Minas Gerais, Br\u00e9sil<strong>)<\/strong><\/li>\n\n\n\n<li><strong>Maria Eugenia Flores Trevi\u00f1o<\/strong> (Universidad Aut\u00f3noma de Nuevo Le\u00f3n, Mexique)<\/li>\n\n\n\n<li><strong>Franck Gaudichaud <\/strong>(Universit\u00e9 Toulouse Jean Jaur\u00e8s \u2013 FRAMESPA)<\/li>\n\n\n\n<li><strong>Sophie Moirand <\/strong>(Universit\u00e9 Sorbonne Nouvelle)<\/li>\n\n\n\n<li><strong>Neyla Graciela Pardo Abril <\/strong>(Universidad Nacional de Colombia)<\/li>\n\n\n\n<li><strong>Ricardo Pe\u00f1afiel<\/strong> (Universit\u00e9 du Qu\u00e9bec \u00e0 Montr\u00e9al, Canada)<\/li>\n<\/ul>\n","protected":false},"excerpt":{"rendered":"","protected":false},"author":1,"featured_media":0,"parent":0,"menu_order":0,"comment_status":"closed","ping_status":"closed","template":"","meta":{"footnotes":""},"class_list":["post-128","page","type-page","status-publish","hentry"],"_links":{"self":[{"href":"https:\/\/adalassociation.org\/colloqueadal2024\/wp-json\/wp\/v2\/pages\/128","targetHints":{"allow":["GET"]}}],"collection":[{"href":"https:\/\/adalassociation.org\/colloqueadal2024\/wp-json\/wp\/v2\/pages"}],"about":[{"href":"https:\/\/adalassociation.org\/colloqueadal2024\/wp-json\/wp\/v2\/types\/page"}],"author":[{"embeddable":true,"href":"https:\/\/adalassociation.org\/colloqueadal2024\/wp-json\/wp\/v2\/users\/1"}],"replies":[{"embeddable":true,"href":"https:\/\/adalassociation.org\/colloqueadal2024\/wp-json\/wp\/v2\/comments?post=128"}],"version-history":[{"count":4,"href":"https:\/\/adalassociation.org\/colloqueadal2024\/wp-json\/wp\/v2\/pages\/128\/revisions"}],"predecessor-version":[{"id":433,"href":"https:\/\/adalassociation.org\/colloqueadal2024\/wp-json\/wp\/v2\/pages\/128\/revisions\/433"}],"wp:attachment":[{"href":"https:\/\/adalassociation.org\/colloqueadal2024\/wp-json\/wp\/v2\/media?parent=128"}],"curies":[{"name":"wp","href":"https:\/\/api.w.org\/{rel}","templated":true}]}}