{"id":108,"date":"2023-02-08T10:41:22","date_gmt":"2023-02-08T10:41:22","guid":{"rendered":"https:\/\/adalassociation.org\/colloqueadal2024\/?page_id=108"},"modified":"2023-08-29T14:36:23","modified_gmt":"2023-08-29T14:36:23","slug":"appel-a-communication","status":"publish","type":"page","link":"https:\/\/adalassociation.org\/colloqueadal2024\/appel-a-communication\/","title":{"rendered":"Appel \u00e0 communications"},"content":{"rendered":"\n<h2 class=\"wp-block-heading has-text-align-left\"><strong>Colloque international de l\u2019association ADAL<\/strong><\/h2>\n\n\n\n<p><strong>24 au 26 janvier 2024<\/strong><\/p>\n\n\n\n<p><\/p>\n\n\n\n<p>En Am\u00e9rique latine, la seconde d\u00e9cennie des ann\u00e9es 2000 s\u2019est sold\u00e9e par l\u2019irruption ou l\u2019exacerbation de ph\u00e9nom\u00e8nes climatiques, environnementaux et sanitaires, mettant en exergue des situations de tensions d\u00e9j\u00e0 existantes, comme la fracture sociale, \u00e9conomique et digitale. De plus, la migration transfrontali\u00e8re est devenue une r\u00e9alit\u00e9 qui touche l\u2019ensemble du continent&nbsp;; c\u2019est le cas particulier du Venezuela, avec six millions d\u2019\u00e9migr\u00e9s dans d\u2019autres pays latino-am\u00e9ricains<a href=\"#_ftn1\" id=\"_ftnref1\"><u><sup><u><sup>[1]<\/sup><\/u><\/sup><\/u><\/a>, ou de la Colombie<a href=\"#_ftn2\" id=\"_ftnref2\"><u><sup><u><sup>[2]<\/sup><\/u><\/sup><\/u><\/a> qui, selon l\u2019\u00c9tat, compte cinq millions de citoyens ayant quitt\u00e9 leur pays<a href=\"#_ftn3\" id=\"_ftnref3\"><u><sup><u><sup>[3]<\/sup><\/u><\/sup><\/u><\/a>. Toutes les fronti\u00e8res du continent ont \u00e9t\u00e9 touch\u00e9es par des flux migratoires accrus <strong>\u2013<\/strong> venus des Cara\u00efbes, mais aussi d\u2019Afrique <strong>\u2013<\/strong> g\u00e9n\u00e9rant, entre autres, des ph\u00e9nom\u00e8nes de x\u00e9nophobie entre les migrants et la population des pays d\u2019accueil. \u00c0 l\u2019origine de cette situation se trouvent non seulement des conditions politiques difficiles, comme l\u2019impunit\u00e9 et les violations des droits de la personne, mais aussi sociales, marqu\u00e9es par la pauvret\u00e9, la violence, la pr\u00e9carit\u00e9 de l\u2019emploi et des discours s\u00e9curitaires, n\u00e9gationnistes ou x\u00e9nophobes, touchant l\u2019ensemble du sous-continent et engendrant une dynamique politique qui oscille, au travers de deux d\u00e9cennies, entre l\u2019\u00e9lection de gouvernements qualifi\u00e9s de gauche et de droite.<\/p>\n\n\n\n<p>En outre, la pand\u00e9mie de COVID-19 a aggrav\u00e9 les conditions des centaines de milliers de travailleurs pr\u00e9caires, des ch\u00f4meurs (presque 10&nbsp;% en moyenne<a href=\"#_ftn4\" id=\"_ftnref4\"><u><sup><u><sup>[4]<\/sup><\/u><\/sup><\/u><\/a>), des travailleurs informels (53&nbsp;% selon l\u2019OIT), etc. Ces populations ont subi les confinements sans b\u00e9n\u00e9ficier de l\u2019aide gouvernementale et sans avoir la possibilit\u00e9 de sortir pour chercher leur subsistance quotidienne. La difficile situation sociale pr\u00e9 et post-pand\u00e9mie est le sc\u00e9nario des mobilisations collectives des plus d\u00e9munis et des demandes d\u2019\u00e9largissement des droits <strong>\u2013<\/strong> pour les minorit\u00e9s sexuelles, les communaut\u00e9s indig\u00e8nes et afro-descendantes, entre autres. Protestations et r\u00e9voltes sociales dans plusieurs pays du continent<a href=\"#_ftn5\" id=\"_ftnref5\"><u><sup><u><sup>[5]<\/sup><\/u><\/sup><\/u><\/a>, comme au Chili (2019-2021), par exemple, ou en Colombie (2019-2021), annoncent une force sociale qui r\u00e9clame des changements structuraux.<\/p>\n\n\n\n<p>Dans ce contexte, diff\u00e9rents discours ont \u00e9merg\u00e9. D\u2019une part, ceux de divers acteurs sociaux qui s\u2019imposent comme locuteurs l\u00e9gitimes d\u2019une sc\u00e8ne politique de laquelle ils \u00e9taient pourtant marginalis\u00e9s (Corten, Huart et Pe\u00f1afiel, 2012)&nbsp;; et, d\u2019autre part, ceux des gouvernements successifs qui ont \u00e9t\u00e9 oblig\u00e9s de r\u00e9pondre de leurs actes et de justifier leurs actions. Un flux discursif s\u2019op\u00e8re ainsi de part et d\u2019autre dans l\u2019objectif d\u2019argumenter et de justifier leur \u00ab&nbsp;l\u00e9gitimit\u00e9&nbsp;\u00bb dans l\u2019action d\u00e9ploy\u00e9e. Bien que ces \u00e9nonc\u00e9s s\u2019inscrivent dans un contexte sp\u00e9cifique, ils cr\u00e9ent des conditions de mobilisation et d\u2019action plus \u00e9largies vis-\u00e0-vis de nouvelles r\u00e9alit\u00e9s sociales et politiques. Or les discours de ces acteurs entrent en comp\u00e9tition dans la lutte pour imposer leur interpr\u00e9tation de la r\u00e9alit\u00e9 et leur conception de la \u00ab&nbsp;v\u00e9rit\u00e9&nbsp;\u00bb. Ainsi, en se proposant comme cl\u00e9 de vo\u00fbte pour la compr\u00e9hension de la crise (ou des crises), ces discours participent \u00e0 leur tour \u00e0 la construction de la r\u00e9alit\u00e9.<\/p>\n\n\n\n<p>En consid\u00e9rant que la repr\u00e9sentation du r\u00e9el du monde politique et social est construite dans et par le discours, ce colloque international cherche \u00e0 \u00e9tablir un \u00e9clairage sur la mani\u00e8re dont les discours institutionnels et non institutionnels, individuels et collectifs, participent \u00e0 la construction des diff\u00e9rentes r\u00e9alit\u00e9s en Am\u00e9rique latine face \u00e0 ces \u00e9v\u00e9nements. Il s\u2019agit d\u2019observer comment les diverses constructions discursives ob\u00e9issent \u00e0 des conditions socio-historiques et sont ancr\u00e9es dans la r\u00e9alit\u00e9 \u00e0 partir de proc\u00e9d\u00e9s discursifs sp\u00e9cifiques. Ceux-l\u00e0 se manifestent, par exemple, par l\u2019utilisation de <em>formules <\/em>(Krieg-Planque, 2009) et mettent en \u00e9vidence le processus de nomination et de d\u00e9signation qui op\u00e8rent afin d\u2019atteindre un but (Cislaru, Gu\u00e9rin, Norim, N\u00e9e, 2007).<\/p>\n\n\n\n<p>Il est donc question \u00e0 la fois d\u2019observer les discours consid\u00e9r\u00e9s comme institutionnels&nbsp;[<em>Instituere<\/em>] \u2013 l\u2019ensemble des discours que l\u2019on peut consid\u00e9rer \u00e0 des degr\u00e9s divers comme des discours \u00ab&nbsp;autoris\u00e9s&nbsp;\u00bb \u00e9manant d\u2019une institution (Oger et Ollivier-Yaniv, 2003), \u2013 et les discours non institutionnels \u2013 ceux des acteurs sociaux qui produisent des discours sur eux-m\u00eames et sur leurs conditions d\u2019existence.<\/p>\n\n\n\n<p>En prenant la d\u00e9finition des \u00ab&nbsp;actes d\u2019institution&nbsp;\u00bb comme une sorte d\u2019acte de nomination par lequel on signifie quelque chose \u00e0 quelqu\u2019un (Bourdieu, 2015) l\u2019acte de communication institutionnel participe \u00e0 la construction de la r\u00e9alit\u00e9, tout en \u00e9tant un produit de cette m\u00eame r\u00e9alit\u00e9. Dans ce sens, les propositions de communication devront s\u2019inscrire dans l\u2019un des deux <strong>axes suivants&nbsp;<\/strong>:<\/p>\n\n\n\n<p><strong>1<\/strong>. <strong>Les discours m\u00e9diatiques, institutionnels ou institutionnalis\u00e9s, en lien avec des ph\u00e9nom\u00e8nes naturels (climatiques, environnementaux, sanitaires, etc.) ou avec des crises politiques, donnant forme \u00e0 \u00ab&nbsp;l\u2019\u00e9v\u00e9nement&nbsp;\u00bb au travers de la dispersion mat\u00e9rielle (Foucault, 1971)&nbsp;:<\/strong><\/p>\n\n\n\n<ul class=\"wp-block-list\">\n<li>Comment les \u00c9tats et \/ ou les m\u00e9dias (traditionnels, alternatifs, <em>pure players<\/em>) communiquent-ils en r\u00e9ponse aux graves crises g\u00e9n\u00e9r\u00e9es par la pand\u00e9mie ou par les ph\u00e9nom\u00e8nes climatiques&nbsp;?<\/li>\n\n\n\n<li>Quels genres de discours les dirigeants ont-ils utilis\u00e9 dans leur volont\u00e9 d\u2019influencer, d\u2019orienter ou de conditionner certains comportements des citoyens&nbsp;?<\/li>\n\n\n\n<li>En quoi les discours politiques sur l\u2019environnement en Am\u00e9rique latine et aux Cara\u00efbes ont-ils pris place dans la construction \u00e9v\u00e9nementielle&nbsp;? Comment peut-on les caract\u00e9riser&nbsp;?<\/li>\n\n\n\n<li>En quoi un discours peut-il \u00eatre qualifi\u00e9 de \u00ab&nbsp;populiste&nbsp;\u00bb et quels sont les d\u00e9bats en lien avec les situations de crises (migratoires, s\u00e9curitaires, juridiques, relatives aux droits de la personne, etc.) en Am\u00e9rique latine ?<\/li>\n\n\n\n<li>Comment les discours sur le d\u00e9veloppement et l\u2019avenir politique du continent refl\u00e8tent-ils la discussion autour des anciens paradigmes du monde bipolaire (la menace communiste, l\u2019ennemi interne, l\u2019id\u00e9ologie, l\u2019imp\u00e9rialisme, etc.)&nbsp;?<\/li>\n<\/ul>\n\n\n\n<p><strong>2. Les discours circulant dans l\u2019espace public et qui, n\u00e9anmoins, se consid\u00e8rent ou sont consid\u00e9r\u00e9s comme \u00ab&nbsp;non institutionnalis\u00e9s&nbsp;\u00bb du fait de leur opposition aux discours institutionnels. Il s\u2019agit d\u2019observer, vis-\u00e0-vis du paradigme institutionnel dominant, les discours des mouvements sociaux (des victimes, des minorit\u00e9s, des secteurs invisibilis\u00e9es, etc.) et leur processus de construction de l\u00e9gitimit\u00e9&nbsp;:<\/strong><\/p>\n\n\n\n<ul class=\"wp-block-list\">\n<li>En quoi les r\u00e9seaux sociaux num\u00e9riques (RSN) ont-ils ouvert une \u00ab&nbsp;fen\u00eatre d\u2019opportunit\u00e9&nbsp;\u00bb (Tarrow, Sydney, 1994), d\u2019un point de vue \u00e9nonciatif, propice \u00e0 l\u2019action des mouvements sociaux&nbsp;? Comment les citoyens se sont-ils appropri\u00e9s certains canaux de communication et comment ont-ils adapt\u00e9 leur strat\u00e9gie discursive pour s\u2019exprimer, s\u2019organiser, se mobiliser ou \u00eatre efficaces&nbsp;?<\/li>\n\n\n\n<li>Comment le discours sur le changement climatique en Am\u00e9rique latine mobilise-t-il des jeunes militants, des communaut\u00e9s autochtones, des opposants \u00e0 la pens\u00e9e unique, etc., dans l\u2019espoir de pr\u00e9server la plan\u00e8te et de lutter contre le r\u00e9chauffement climatique&nbsp;?<\/li>\n\n\n\n<li>Comment le discours politique, mat\u00e9rialis\u00e9 dans un genre discursif particulier (tel que le discours politique ou num\u00e9rique), r\u00e9active la notion de militance et de reconnaissance (Honneth Axel, 1992) en g\u00e9n\u00e9rant de nouvelles figures politiques m\u00e9diatiques&nbsp;?<\/li>\n\n\n\n<li>Ou, \u00e0 l\u2019inverse, comment des actions directes spontan\u00e9es (Corten, Huart et Pe\u00f1afiel, 2012) \u2013&nbsp;comme les \u00ab&nbsp;<em>estallidos<\/em>&nbsp;\u00bb (explosions sociales) ou les soul\u00e8vements populaires&nbsp;\u2013 parviennent-elles \u00e0 instaurer de nouvelles subjectivations politiques et de nouvelles conditions de possibilit\u00e9 pour des positions sociales et \u00e9nonciatives invisibilis\u00e9es&nbsp;?<\/li>\n\n\n\n<li>En quoi les processus de captation et de subversion (Maingueneau, 2016) se manifestent-ils comme m\u00e9canismes de communication pour organiser l\u2019opposition, en s\u2019ins\u00e9rant dans une logique symbolique propice \u00e0 la discussion d\u00e9mocratique&nbsp;?<\/li>\n<\/ul>\n\n\n\n<hr class=\"wp-block-separator has-alpha-channel-opacity\"\/>\n\n\n\n<p><strong>Organisation<\/strong><\/p>\n\n\n\n<p>Les propositions peuvent \u00eatre envoy\u00e9es en fran\u00e7ais, en espagnol ou en portugais \u00e0 <a href=\"http:\/\/adal@colloque-adal2024.org\">adal@colloque-adal2024.org<\/a> via un fichier <em>word<\/em> anonymis\u00e9, contenant uniquement le titre de la proposition, un r\u00e9sum\u00e9 de 500 mots (bibliographie non comprise) avec la probl\u00e9matique, la m\u00e9thodologie, les hypoth\u00e8ses ou r\u00e9sultats qui seront d\u00e9velopp\u00e9s, cinq mots-cl\u00e9s et cinq r\u00e9f\u00e9rences bibliographiques. Le corps de l\u2019email devra inclure le nom de l\u2019auteur(e), son rattachement institutionnel et sa discipline, son adresse mail et le titre de la proposition.<\/p>\n\n\n\n<p>La langue officielle du colloque est le fran\u00e7ais, mais les communications pourront \u00e9galement \u00eatre pr\u00e9sent\u00e9es en espagnol et en portugais. Dans ce cas, il sera demand\u00e9 aux intervenants de se doter d\u2019un support <em>Power Point<\/em> en fran\u00e7ais. \u00c0 l\u2019issue de cet \u00e9v\u00e9nement, une s\u00e9lection d\u2019articles sera publi\u00e9e sous la forme d\u2019ouvrages ou de revues, sur support imprim\u00e9 et \/ ou \u00e9lectronique.<\/p>\n\n\n\n<hr class=\"wp-block-separator has-alpha-channel-opacity\"\/>\n\n\n\n<p><strong>Calendrier&nbsp;:<\/strong><\/p>\n\n\n\n<ul class=\"wp-block-list\">\n<li><strong>8 f\u00e9vrier 2023&nbsp;: <\/strong>appel \u00e0 communication<\/li>\n\n\n\n<li><strong><mark style=\"background-color:#fcb900\" class=\"has-inline-color\">30 avril 2023&nbsp;: <\/mark><\/strong>cl\u00f4ture de l\u2019appel etenvoi des propositions \u00e0 <a href=\"http:\/\/adal@colloque-adal2024.org\">adal@colloque-adal2024.org<\/a>&nbsp;<\/li>\n\n\n\n<li><strong>30 juin 2023&nbsp;: <\/strong>r\u00e9ponse aux propositions.<\/li>\n\n\n\n<li><strong>15 septembre 20<\/strong><strong>23\u00a0:<\/strong> ouverture des inscriptions.<\/li>\n\n\n\n<li><strong>24 au 26 janvier 2024&nbsp;:<\/strong> d\u00e9roulement du colloque.<\/li>\n<\/ul>\n\n\n\n<hr class=\"wp-block-separator has-alpha-channel-opacity\"\/>\n\n\n\n<p class=\"has-small-font-size\"><a href=\"#_ftnref1\" id=\"_ftn1\"><u><sup><u><sup>[1]<\/sup><\/u><\/sup><\/u><\/a> &nbsp;Chiffres au mois de d\u00e9cembre 2022&nbsp;: <a href=\"https:\/\/www.imf.org\/es\/News\/Articles\/2022\/12\/06\/cf-venezuelas-migrants-bring-economic-opportunity-to-latin-america\">https:\/\/www.imf.org\/es\/News\/Articles\/2022\/12\/06\/cf-venezuelas-migrants-bring-economic-opportunity-to-latin-america<\/a> &nbsp;<\/p>\n\n\n\n<p class=\"has-small-font-size\"><a href=\"#_ftnref2\" id=\"_ftn2\"><u><sup><u><sup>[2]<\/sup><\/u><\/sup><\/u><\/a> &nbsp;<a href=\"https:\/\/www.oecd-ilibrary.org\/sites\/3894985a-fr\/index.html?itemId=\/content\/component\/3894985a-fr#indicator-d1e59446\">https:\/\/www.oecd-ilibrary.org\/sites\/3894985a-fr\/index.html?itemId=\/content\/component\/3894985a-fr#indicator-d1e59446<\/a><\/p>\n\n\n\n<p class=\"has-small-font-size\"><a href=\"#_ftnref3\" id=\"_ftn3\"><u><sup><u><sup>[3]<\/sup><\/u><\/sup><\/u><\/a> &nbsp;Les chiffres pour la Colombie oscillent entre 5 et 8 millions de Colombiens vivant \u00e0 l\u2019\u00e9tranger. Source&nbsp;: Congr\u00e8s de la R\u00e9publique de Colombie. <a href=\"https:\/\/www.camara.gov.co\/presupuesto-y-censo-necesarios-para-atender-migrantes-colombianos\">https:\/\/www.camara.gov.co\/presupuesto-y-censo-necesarios-para-atender-migrantes-colombianos<\/a><\/p>\n\n\n\n<p class=\"has-small-font-size\"><a href=\"#_ftnref4\" id=\"_ftn4\"><u><sup><u><sup>[4]<\/sup><\/u><\/sup><\/u><\/a> &nbsp;<a href=\"https:\/\/www.ilo.org\/global\/about-the-ilo\/newsroom\/news\/WCMS_836226\/lang--fr\/index.htm\">https:\/\/www.ilo.org\/global\/about-the-ilo\/newsroom\/news\/WCMS_836226\/lang&#8211;fr\/index.htm<\/a><\/p>\n\n\n\n<p class=\"has-small-font-size\"><a href=\"#_ftnref5\" id=\"_ftn5\"><u><sup><u><sup>[5]<\/sup><\/u><\/sup><\/u><\/a> &nbsp;L\u2019Argentine, le Costa-Rica, le Br\u00e9sil, l\u2019\u00c9quateur, la Bolivie, le P\u00e9rou, le Venezuela, le Nicaragua ont connu des manifestations citoyennes entre 2019 et 2020. Il en est de m\u00eame pour Cuba et le Paraguay, ainsi que le Guatemala et le Salvador en 2021.<\/p>\n\n\n\n<hr class=\"wp-block-separator has-alpha-channel-opacity\"\/>\n\n\n\n<p><strong>Bibliographie sugg\u00e9r\u00e9e<\/strong><\/p>\n\n\n\n<p>Alexandre, M. F.; Resende, V. de M., (2010), \u00ab&nbsp;Representa\u00e7\u00e3o discursiva da pobreza extrema \u2013 an\u00e1lise discursiva cr\u00edtica de um testemunho publicado em editorial da revista Cais&nbsp;\u00bb. <em>Revista Latinoamericana de Estudios del Discurso<\/em>, 10 (2), p. 87-105, 2010.<\/p>\n\n\n\n<p>Alvarez-Leguizamon, S., (2005), <em>Trabajo y producci\u00f3n de la pobreza en latinoam\u00e9rica y El Caribe&nbsp;: estructuras, discursos y actores<\/em>, Bunos Aires, Consejo latinoamericano de ciencias sociales (CLASCO)<\/p>\n\n\n\n<p>Araujo, I. F., &amp; Cortes, G. R. de O., (2021), \u00ab&nbsp;O rompimento da barragem Brumadinho&nbsp;: disputa de sentidos nas tramas discursivas do Twitter&nbsp;\u00bb, Revista Eletr\u00f4nica <em>Interfaces<\/em>, 12 (1). https:\/\/revistas.unicentro.br\/index.php\/revista_interfaces\/article\/view\/6536. <em>&nbsp;<\/em><em><\/em><\/p>\n\n\n\n<p>Brum, C.&nbsp;; Cavalheiro de Jesus, S., (2015), \u00ab Mito, diversidade cultural e educa\u00e7\u00e3o&nbsp;: notas sobre a invisibilidade guarani no Rio Grande do Sul e algumas estrat\u00e9gias nativas de supera\u00e7\u00e3o&nbsp;\u00bb, <em>Horizontes Antropol\u00f3gicos<\/em> [En ligne], 44. http:\/\/journals.openedition.org\/ horizontes\/1020<\/p>\n\n\n\n<p>Brunner, P.&nbsp;; Pordeus-Ribeiro,&nbsp;(2020) \u00ab&nbsp;<em>In\u00e9galit\u00e9(s)<\/em>&nbsp;dans le discours de la presse fran\u00e7aise&nbsp;: usages discursifs et dimensions s\u00e9mantiques d\u2019un mot&nbsp;\u00bb, <em>Corela<\/em> [En linge], 18 &nbsp;(2), http:\/\/journals.openedition.org\/corela\/12798.<\/p>\n\n\n\n<p>Butler, J.,&nbsp;(2004), <em>Le pouvoir des mots&nbsp;<\/em>-politique du performatif-, \u00e9ditions Amsterdam, Paris.<\/p>\n\n\n\n<p>Corten, A.&nbsp;; Huart, C. et Pe\u00f1afiel R. (2012). <em>L\u2019interpellation pl\u00e9b\u00e9ienne en Am\u00e9rique latine. Violence, actions directes et virage \u00e0 gauche<\/em>, Paris\/Montr\u00e9al, Karthala\/PUQ.<\/p>\n\n\n\n<p>Cislaru, G., Gu\u00e9rin, O., Morim, K., N\u00e9e, E. (2007). <em>L\u2019acte de nommer&nbsp;: Une dynamique entre langue et discours<\/em>. Presses Sorbonne Nouvelle. Paris.<\/p>\n\n\n\n<p>Cusso, R., G. C., (dir) (2008), Dossier \u00ab&nbsp;Du discours politique au discours expert&nbsp;\u00bb, <em>Mots. Les langages du politique<\/em>, 88.&nbsp;<\/p>\n\n\n\n<p>Emediato, W., (2020).&nbsp; \u00ab&nbsp;Os enquadres discursivos do acontecimento migrat\u00f3rio: narrativiza\u00e7\u00e3o, banaliza\u00e7\u00e3o e estigmatiza\u00e7\u00e3o \/ The discursive frameworks of the migratory event: narrativization, trivialization and stigmatization&nbsp;\u00bb, <em>Revista De Estudos Da Linguagem<\/em>, 28, p. 597-618.&nbsp;&nbsp;&nbsp;&nbsp;&nbsp;&nbsp;&nbsp;&nbsp;&nbsp;&nbsp;&nbsp;&nbsp;&nbsp;&nbsp;&nbsp;&nbsp;&nbsp;&nbsp;&nbsp;&nbsp;&nbsp;&nbsp;&nbsp;&nbsp;&nbsp;&nbsp;&nbsp;&nbsp;&nbsp;&nbsp;&nbsp;&nbsp;&nbsp;&nbsp;&nbsp;&nbsp;&nbsp;&nbsp;&nbsp;&nbsp;&nbsp;&nbsp;&nbsp;&nbsp;&nbsp;&nbsp;&nbsp;&nbsp;&nbsp;&nbsp;&nbsp;&nbsp;&nbsp;&nbsp;&nbsp;&nbsp;&nbsp;&nbsp;&nbsp;&nbsp;&nbsp;&nbsp;&nbsp;&nbsp;&nbsp;<\/p>\n\n\n\n<p>Fairclough, N., (1995), <em>Critical Discourse Analysis. <\/em><em>The critical study of langage.<\/em> Langman Publishing, New York.<\/p>\n\n\n\n<p>Foucault, M., (1971), <em>L\u2019ordre du discours<\/em>, -Le\u00e7on inaugurale au Coll\u00e8ge de France prononc\u00e9e le 2 d\u00e9cembre 1970-, \u00c9ditions Gallimard, Mayenne.<\/p>\n\n\n\n<p>Gaudichaud, F., (2019), \u00ab&nbsp;Am\u00e9rique latine&nbsp;: les gouvernements &#8220;progressistes&#8221; dans leur labyrinthe&nbsp;\u00bb, <em>Recherches Internationales<\/em>, L\u2019Am\u00e9rique latine en bascule, 115, p. &nbsp;61-81.<\/p>\n\n\n\n<p>Grigoletto, E., (2005), \u00ab&nbsp;Do lugar social ao discursivo&nbsp;: o imbricamento de diferentes posi\u00e7\u00f5es sujeito&nbsp;\u00bb. In&nbsp;: Anais do II Semin\u00e1rio de Estudos em An\u00e1lise do Discurso. Porto Alegre&nbsp;: UFRGS.<\/p>\n\n\n\n<p>Krieg-Planque, A., (2009), La notion de \u201cformule\u201d en analyse du discours&nbsp;: cadre th\u00e9orique et m\u00e9thodologique, Presses Universitaires de Franche-Comt\u00e9.<\/p>\n\n\n\n<p>Krieg-Planque, A., (2012), Analyser les discours institutionnels, Paris, A.&nbsp;Colin, coll.&nbsp;ICOM, s\u00e9rie Discours et communication.<\/p>\n\n\n\n<p>Honneth, A., (1992), <em>La Lutte pour la reconnaissance,<\/em> traduit de l\u2019allemand par Pierre Rusch, Paris, Gallimard.<\/p>\n\n\n\n<p>Lara, G. M. P., (2017), Abrindo as portas: a voz dos imigrantes e refugiados, in&nbsp;: <em>Cadernos de Linguages e Sociedade<\/em>, 18, p. 28-48.<\/p>\n\n\n\n<p>Londei, D.&nbsp;;&nbsp; Moirand, S.&nbsp;; Reboul-Tour\u00e9, S. et Reggiani, L. (dir.) (2013),&nbsp;<em>Dire l\u2019\u00e9v\u00e9nement&nbsp;: langage, m\u00e9moire, soci\u00e9t\u00e9<\/em>. Paris&nbsp;: Presses Sorbonne Nouvelle. 356 p.<\/p>\n\n\n\n<p>Maingueneau, D., (2002), Les rapports des organisations internationales&nbsp;: un discours constituant ?&nbsp;<em>Les mots du pouvoir. Sens et non-sens de la rh\u00e9torique internationale<\/em>, G.&nbsp;Rist&nbsp;\u00e9d.,&nbsp;<em>Nouveaux cahiers de l\u2019IUED<\/em>, Paris, Presses universitaires de France (Enjeux, n<sup>o<\/sup>&nbsp;13), p.&nbsp;119-132.<\/p>\n\n\n\n<p>Maingueneau, D. (2013), Post-scriptum. Le rapport de la Banque mondiale. Quelques r\u00e9flexions d\u2019un analyste du discours,&nbsp;<em>Les discours sur l\u2019\u00e9conomie<\/em>, M.&nbsp;Temmar, J.&nbsp;Angermuller, F.&nbsp;Lebaron&nbsp;\u00e9d., Paris, PUF (CURAPP), p.&nbsp;175-190.<\/p>\n\n\n\n<p>Monte, M. et Oger, C., (2015), La construction de l\u2019autorit\u00e9 en contexte. L\u2019effacement du dissensus dans les discours institutionnels,&nbsp;<em>Mots. Les langages du politique<\/em>, 107, p. &nbsp;5-18. http:\/\/journals.openedition.org\/mots\/21847.<\/p>\n\n\n\n<p>Moirand. S.&nbsp;; Reboul-Tour\u00e9, S&nbsp;; Londei, D et Reggiani, L. (dir.) (2013), <em>Dire l\u2019\u00e9v\u00e9nement. Langage, m\u00e9moire, soci\u00e9t\u00e9<\/em>, Paris, Presses Sorbonne Nouvelle.<\/p>\n\n\n\n<p>Moirand, S. (2016), \u00ab&nbsp;De l\u2019in\u00e9galit\u00e9 objectivis\u00e9e \u00e0 l\u2019in\u00e9galit\u00e9 ressentie et aux peurs qu\u2019elle suscite&nbsp;: les r\u00e9fugi\u00e9s pris au pi\u00e8ge de l\u2019identit\u00e9&nbsp;\u00bb, <em>Revista de Estudos da Linguagem, <\/em>24 (3), http:\/\/www.periodicos.letras.ufmg.br\/index.php\/relin\/article\/view\/10812.<\/p>\n\n\n\n<p>Najar, S. (2013), <em>Les r\u00e9seaux sociaux sur internet \u00e0 l&#8217;heure des transitions d\u00e9mocratiques<\/em>, Tunis : IRMC ; Paris : Karthala.<em><\/em><\/p>\n\n\n\n<p>Oger, C.&nbsp;; Ollivier-Yaniv, C. (2003), \u00ab&nbsp;Analyse du discours institutionnel&nbsp;et sociologie compr\u00e9hensive&nbsp;: vers une anthropologie des discours institutionnels&nbsp;\u00bb,&nbsp;<em>Mots. Les langages du politique<\/em>, 71, p. &nbsp;125-145, <a href=\"http:\/\/mots.revues.org\/8423\">http:\/\/mots.revues.org\/8423<\/a>.<\/p>\n\n\n\n<p>Oger, C., (2021).&nbsp;<em>Faire r\u00e9f\u00e9rence. La construction de l\u2019autorit\u00e9 dans le discours des <\/em><em>institutions<\/em>&nbsp;(Paris&nbsp;: Editions EHESS).<\/p>\n\n\n\n<p>Paveau, M.-A. (2017), \u00ab&nbsp;Le discours des vuln\u00e9rables. Proposition th\u00e9orique et politique&nbsp;\u00bb,&nbsp;<em>Cadernos de Linguagem e Sociedade<\/em>, 18 (1), p. 135-157.<\/p>\n\n\n\n<p>Piovezani, C.; Soares, T., (2018), \u00ab&nbsp;Ret\u00f3rica do preconceito: uma an\u00e1lise de discursos sobre vozes marginais&nbsp;\u00bb. <em>EID&amp;A &#8211; Revista Eletr\u00f4nica de Estudos Integrados em Discurso e Argumenta\u00e7\u00e3o<\/em>, Ilh\u00e9us, 15, p. 58-70, jan.\/jun.2018.<\/p>\n\n\n\n<p>Tarrow, S. (1994), <em>El Poder en Movimiento.&nbsp; Los movimientos sociales, La acci\u00f3n colectiva y la pol\u00edtica<\/em>. Ed. Alianza Universidad. Cambridge University Press.<\/p>\n\n\n\n<p>Zoppi-Fontana, M., (2014), <em>Cidad\u00e3os Modernos:discurso e representa\u00e7\u00e3o pol\u00edtica<\/em>. Campinas: Editora da Unicamp.<\/p>\n","protected":false},"excerpt":{"rendered":"<p>Colloque international de l\u2019association ADAL 24 au 26 janvier 2024 En Am\u00e9rique latine, la seconde d\u00e9cennie des ann\u00e9es 2000 s\u2019est sold\u00e9e par l\u2019irruption ou l\u2019exacerbation de ph\u00e9nom\u00e8nes climatiques, environnementaux et sanitaires, mettant en exergue des situations de tensions d\u00e9j\u00e0 existantes, comme la fracture sociale, \u00e9conomique et digitale. De plus, la migration transfrontali\u00e8re est devenue une &hellip; <\/p>\n<p class=\"link-more\"><a href=\"https:\/\/adalassociation.org\/colloqueadal2024\/appel-a-communication\/\" class=\"more-link\">Continue reading<span class=\"screen-reader-text\"> &#8220;Appel \u00e0 communications&#8221;<\/span><\/a><\/p>\n","protected":false},"author":1,"featured_media":0,"parent":0,"menu_order":0,"comment_status":"closed","ping_status":"closed","template":"","meta":{"footnotes":""},"class_list":["post-108","page","type-page","status-publish","hentry"],"_links":{"self":[{"href":"https:\/\/adalassociation.org\/colloqueadal2024\/wp-json\/wp\/v2\/pages\/108","targetHints":{"allow":["GET"]}}],"collection":[{"href":"https:\/\/adalassociation.org\/colloqueadal2024\/wp-json\/wp\/v2\/pages"}],"about":[{"href":"https:\/\/adalassociation.org\/colloqueadal2024\/wp-json\/wp\/v2\/types\/page"}],"author":[{"embeddable":true,"href":"https:\/\/adalassociation.org\/colloqueadal2024\/wp-json\/wp\/v2\/users\/1"}],"replies":[{"embeddable":true,"href":"https:\/\/adalassociation.org\/colloqueadal2024\/wp-json\/wp\/v2\/comments?post=108"}],"version-history":[{"count":13,"href":"https:\/\/adalassociation.org\/colloqueadal2024\/wp-json\/wp\/v2\/pages\/108\/revisions"}],"predecessor-version":[{"id":345,"href":"https:\/\/adalassociation.org\/colloqueadal2024\/wp-json\/wp\/v2\/pages\/108\/revisions\/345"}],"wp:attachment":[{"href":"https:\/\/adalassociation.org\/colloqueadal2024\/wp-json\/wp\/v2\/media?parent=108"}],"curies":[{"name":"wp","href":"https:\/\/api.w.org\/{rel}","templated":true}]}}