{"id":83,"date":"2018-03-20T11:00:29","date_gmt":"2018-03-20T11:00:29","guid":{"rendered":"http:\/\/colloqueadal2019\/?page_id=83"},"modified":"2019-01-20T16:08:31","modified_gmt":"2019-01-20T16:08:31","slug":"inicio-br","status":"publish","type":"page","link":"https:\/\/adalassociation.org\/colloqueadal2019\/inicio-br\/","title":{"rendered":"In\u00edcio"},"content":{"rendered":"<p>Dix ans sont pass\u00e9s depuis la cr\u00e9ation d\u2019<abbr title=\"An\u00e1lise do Discurso da Am\u00e9rica Latina\">ADAL<\/abbr> par un groupe de jeunes chercheurs pour constituer un r\u00e9seau d\u2019\u00e9changes autour des pays latino-am\u00e9ricains et des discours qui en \u00e9manent. Pendant ses dix ann\u00e9es d\u2019existence, l\u2019association <abbr title=\"An\u00e1lise do Discurso da Am\u00e9rica Latina\">ADAL<\/abbr> a organis\u00e9 trois journ\u00e9es d\u2019\u00e9tudes (2009, 2010, 2013), deux colloques internationaux (2014, 2017) et une quarantaine de s\u00e9minaires consacr\u00e9s \u00e0 l\u2019\u00e9tude des discours politiques et m\u00e9diatiques de l\u2019Am\u00e9rique latine. Pour f\u00eater cet anniversaire, l\u2019Association <abbr title=\"An\u00e1lise do Discurso da Am\u00e9rica Latina\">ADAL<\/abbr> entend porter un regard critique sur les vingt derni\u00e8res ann\u00e9es de discours qui ont circul\u00e9 et qui circulent sur la sc\u00e8ne politique et m\u00e9diatique latino-am\u00e9ricaine lors d\u2019un colloque international organis\u00e9 \u00e0 l\u2019universit\u00e9 de Lille.<br \/>\n<a class=\"more-link\" href=\"\/chamadas-para-trabalhos\/bem-vinda\/#more-135\">Continue lendo<span class=\"screen-reader-text\"> \u201cBem-vinda\u201d<\/span><\/a><\/p>\n<p><a href=\"\/informacoes-praticas\/inscricoes\/\"><span style=\"color: #ff6600;\"><strong>Inscri\u00e7\u00e3o antecipada antes de 15 de dezembro de 2018<\/strong><\/span><\/a><\/p>\n<p><a href=\"\/programabr\/\"><span style=\"color: #ff6600;\"><strong>Programa<\/strong><\/span><\/a><\/p>\n","protected":false},"excerpt":{"rendered":"<p>Dix ans sont pass\u00e9s depuis la cr\u00e9ation d\u2019ADAL par un groupe de jeunes chercheurs pour constituer un r\u00e9seau d\u2019\u00e9changes autour des pays latino-am\u00e9ricains et des discours qui en \u00e9manent. Pendant ses dix ann\u00e9es d\u2019existence, l\u2019association ADAL a organis\u00e9 trois journ\u00e9es d\u2019\u00e9tudes (2009, 2010, 2013), deux colloques internationaux (2014, 2017) et une quarantaine de s\u00e9minaires consacr\u00e9s &hellip; <\/p>\n<p class=\"link-more\"><a href=\"https:\/\/adalassociation.org\/colloqueadal2019\/inicio-br\/\" class=\"more-link\">Continue reading<span class=\"screen-reader-text\"> &#8220;In\u00edcio&#8221;<\/span><\/a><\/p>\n","protected":false},"author":1,"featured_media":74,"parent":0,"menu_order":0,"comment_status":"closed","ping_status":"closed","template":"","meta":{"footnotes":""},"class_list":["post-83","page","type-page","status-publish","has-post-thumbnail","hentry"],"_links":{"self":[{"href":"https:\/\/adalassociation.org\/colloqueadal2019\/wp-json\/wp\/v2\/pages\/83","targetHints":{"allow":["GET"]}}],"collection":[{"href":"https:\/\/adalassociation.org\/colloqueadal2019\/wp-json\/wp\/v2\/pages"}],"about":[{"href":"https:\/\/adalassociation.org\/colloqueadal2019\/wp-json\/wp\/v2\/types\/page"}],"author":[{"embeddable":true,"href":"https:\/\/adalassociation.org\/colloqueadal2019\/wp-json\/wp\/v2\/users\/1"}],"replies":[{"embeddable":true,"href":"https:\/\/adalassociation.org\/colloqueadal2019\/wp-json\/wp\/v2\/comments?post=83"}],"version-history":[{"count":10,"href":"https:\/\/adalassociation.org\/colloqueadal2019\/wp-json\/wp\/v2\/pages\/83\/revisions"}],"predecessor-version":[{"id":1074,"href":"https:\/\/adalassociation.org\/colloqueadal2019\/wp-json\/wp\/v2\/pages\/83\/revisions\/1074"}],"wp:featuredmedia":[{"embeddable":true,"href":"https:\/\/adalassociation.org\/colloqueadal2019\/wp-json\/wp\/v2\/media\/74"}],"wp:attachment":[{"href":"https:\/\/adalassociation.org\/colloqueadal2019\/wp-json\/wp\/v2\/media?parent=83"}],"curies":[{"name":"wp","href":"https:\/\/api.w.org\/{rel}","templated":true}]}}