{"id":647,"date":"2019-01-18T18:07:40","date_gmt":"2019-01-18T18:07:40","guid":{"rendered":"http:\/\/colloqueadal2019.org\/?page_id=647"},"modified":"2022-02-22T14:42:36","modified_gmt":"2022-02-22T14:42:36","slug":"programme","status":"publish","type":"page","link":"https:\/\/adalassociation.org\/colloqueadal2019\/programme\/","title":{"rendered":"Programme"},"content":{"rendered":"\r\n<table class=\"calendar\" border=\"1px\">\r\n<tbody>\r\n<tr>\r\n<td class=\"violeta\" style=\"width: 70px;\"> <\/td>\r\n<td class=\"violeta entero\" style=\"width: 561px;\" colspan=\"2\">\r\n<h3><strong>6 f\u00e9vrier \/ febrero de \/ fevereiro 2019<\/strong><\/h3>\r\n<\/td>\r\n<\/tr>\r\n<tr>\r\n<th class=\"rot\" style=\"width: 70px;\">8h45 \u2013 9h15<\/th>\r\n<td class=\"entero\" style=\"width: 561px;\" colspan=\"2\">\r\n<p> <\/p>\r\n<p><strong>Accueil \/ Acogida \/ Recep\u00e7\u00e3o<\/strong><\/p>\r\n<\/td>\r\n<\/tr>\r\n<tr>\r\n<th class=\"rot\" style=\"width: 70px;\">9h15 \u2013 9h45<\/th>\r\n<td class=\"entero\" style=\"width: 561px;\" colspan=\"2\">\r\n<p> <\/p>\r\n<h6><strong>Ouverture du colloque \/ Apertura del coloquio \/ Abertura do Col\u00f3quio<\/strong><\/h6>\r\n<p> <\/p>\r\n<p><strong>Henry Hern\u00e1ndez-Bayter<\/strong> (Universit\u00e9 de Lille \u2013 ADAL)<br \/><strong>Christine Bracquenier<\/strong> (Directrice de l\u2019UFR des LEA \u2013 Universit\u00e9 de Lille)<\/p>\r\n<p><strong>Yeny Serrano<\/strong> (ADAL &#8211; Universit\u00e9 de Strasbourg)<\/p>\r\n<p><strong style=\"color: red;\">Amphi 1<\/strong><\/p>\r\n<\/td>\r\n<\/tr>\r\n<tr>\r\n<th class=\"rot\" style=\"width: 70px;\">9h45 \u2013 10h45<\/th>\r\n<td class=\"entero\" style=\"width: 561px;\" colspan=\"2\">\r\n<p> <\/p>\r\n<h6><strong>Conf\u00e9rence pl\u00e9ni\u00e8re 1. \/ Conferencia plenaria 1. \/ Confer\u00eancia plen\u00e1ria 1.<\/strong><\/h6>\r\n<p> <\/p>\r\n<p><strong><em>Du Br\u00e9sil de la gauche au Br\u00e9sil de la droite : les lieux imaginaires du discours politique et l\u00b4espoir d\u00b4un peuple<\/em><\/strong><\/p>\r\n<p><strong>Wander Emediato de Souza<\/strong> (Universidade Federal de Minas Gerais)<\/p>\r\n<p><em>Mod\u00e9rateur \/ Moderador <\/em><strong>Vinicius Carneiro<\/strong> (Universit\u00e9 de Lille)<\/p>\r\n<p><strong style=\"color: red;\">Amphi 1<\/strong><\/p>\r\n<\/td>\r\n<\/tr>\r\n<tr>\r\n<th class=\"rot\" style=\"width: 70px;\">10h45 \u2013 11h15<\/th>\r\n<td class=\"entero\" style=\"width: 561px;\" colspan=\"2\">\r\n<p><strong>Pause \/ Pausa <\/strong><\/p>\r\n<\/td>\r\n<\/tr>\r\n<tr>\r\n<th class=\"rot\" style=\"width: 70px;\">11h15 \u2013 12h45<\/th>\r\n<td class=\"gris\" style=\"width: 330px;\">\r\n<p> <\/p>\r\n<h6><strong>Atelier 1 \/ Mesa tem\u00e1tica 1 \/ Mesa tem<\/strong><strong>\u00e1<\/strong><strong>tica 1. <\/strong><br \/><strong>Discours politique en Colombie<\/strong><\/h6>\r\n<p>Pr\u00e9sid\u00e9 par \/ Moderadora <strong>Yeny Serrano<\/strong> (Universit\u00e9 de Strasbourg)<\/p>\r\n<p><strong style=\"color: red;\">Amphi 1<\/strong><\/p>\r\n<\/td>\r\n<td class=\"gris\" style=\"width: 231px;\">\r\n<p> <\/p>\r\n<h6><strong>Atelier 2 \/<\/strong> <strong>Mesa tem\u00e1tica 2 \/ Mesa tem<\/strong><strong>\u00e1<\/strong><strong>tica 2. <\/strong><strong>Construction de sens dans le discours politique<\/strong><\/h6>\r\n<p>Pr\u00e9sid\u00e9 par \/ Moderadora <strong>Ailin Nacucchio<\/strong> (Universit\u00e9 Sorbonne Nouvelle Paris 3 \u2013 CLESTHIA)<\/p>\r\n<p><strong style=\"color: red;\">Salle 301<\/strong><\/p>\r\n<p> <\/p>\r\n<\/td>\r\n<\/tr>\r\n<tr>\r\n<th style=\"width: 70px;\"> <\/th>\r\n<td class=\"gris\" style=\"width: 330px;\">\r\n<p> <\/p>\r\n<p><strong>Gauthier Alexandre Herrera<\/strong> (Universit\u00e9 Panth\u00e9on Assas) <em>Discours politique de la Colombie Humaine <\/em><\/p>\r\n<p> <\/p>\r\n<p> <\/p>\r\n<\/td>\r\n<td class=\"gris\" style=\"width: 231px;\">\r\n<p> <\/p>\r\n<p><strong>Alexandre Provin Sbabo<\/strong> (UNILIM\/FR et PUC-SP\/BR)<\/p>\r\n<p><em>Les enjeux du discours : L\u2019articulation du sens aux termes \u00ab invasion \u00bb et \u00ab occupation \u00bb<\/em><\/p>\r\n<\/td>\r\n<\/tr>\r\n<tr>\r\n<th style=\"width: 70px;\"> <\/th>\r\n<td class=\"gris\" style=\"width: 330px;\">\r\n<p> <\/p>\r\n<p><strong>Lenin Miranda Maldonado<\/strong> (Universit\u00e9 Catholique de Louvain &#8211; Universidad Central del Ecuador)<\/p>\r\n<p><em>La paz como \u201cplastilina\u201d en el plebiscito colombiano. \u00bfC\u00f3mo se construyeron los significados? <\/em><\/p>\r\n<br \/>\r\n<p> <\/p>\r\n<\/td>\r\n<td class=\"gris\" style=\"width: 231px;\">\r\n<p> <\/p>\r\n<p><strong>Ana Soledad Montero<\/strong> (CONICET \/ Universidad Nacional de San Mart\u00edn)<\/p>\r\n<p><em>Nommer l\u2019horreur. Disputes d\u00e9nominatives sur la dictature militaire en Argentine<\/em><\/p>\r\n<\/td>\r\n<\/tr>\r\n<tr>\r\n<th style=\"width: 70px;\"> <\/th>\r\n<td class=\"gris\" style=\"width: 330px;\">\r\n<p> <\/p>\r\n<p><strong>Andrea Parra-Leylavergne<\/strong> (Universit\u00e9 des Antilles)<\/p>\r\n<p><em>Marketing \u00e9lectoral et n\u00e9o-populisme de droite : un duo gagnant. Le cas colombien<\/em><\/p>\r\n<p> <\/p>\r\n<\/td>\r\n<td class=\"gris\" style=\"width: 231px;\">\r\n<p> <\/p>\r\n<p> <\/p>\r\n<br \/>\r\n<p> <\/p>\r\n<\/td>\r\n<\/tr>\r\n<tr>\r\n<th class=\"rot\" style=\"width: 70px;\">12h45 \u2013 14h15<\/th>\r\n<td class=\"entero\" style=\"width: 561px;\" colspan=\"2\">\r\n<p><strong>D\u00e9jeuner \/ Almuerzo \/ <\/strong><strong>Almo\u00e7o<\/strong><\/p>\r\n<\/td>\r\n<\/tr>\r\n<tr>\r\n<th class=\"rot\" style=\"width: 70px;\">14h15 \u2013 15h45<\/th>\r\n<td class=\"gris\" style=\"width: 330px;\">\r\n<p> <\/p>\r\n<h6><strong>Atelier 3 \/ Mesa tem\u00e1tica 3 \/ Mesa tem<\/strong><strong>\u00e1<\/strong><strong>tica 3. <\/strong><br \/><strong>Discours politique et m\u00e9diatique au Br\u00e9sil<\/strong><\/h6>\r\n<p>Pr\u00e9sid\u00e9 par \/ Moderadora <strong>Camila Moreira Cesar<\/strong> (Universit\u00e9 Sorbonne Nouvelle Paris 3 \u2013 UFRGS)<\/p>\r\n<p><strong style=\"color: red;\">Amphi 1<\/strong><\/p>\r\n<p> <\/p>\r\n<\/td>\r\n<td class=\"gris\" style=\"width: 231px;\">\r\n<p> <\/p>\r\n<h6><strong>Atelier 4 \/ Mesa tem\u00e1tica 4 \/ Mesa tem<\/strong><strong>\u00e1<\/strong><strong>tica 4. <\/strong><strong>Discours de la droite et la fin du virage \u00e0 gauche<\/strong><\/h6>\r\n<p>Pr\u00e9sid\u00e9 par \/ Moderadora <strong>Yeny Serrano<\/strong> (Universit\u00e9 de Strasbourg)<\/p>\r\n<p><strong style=\"color: red;\">Salle 107<\/strong><\/p>\r\n<\/td>\r\n<\/tr>\r\n<tr>\r\n<th style=\"width: 70px;\"> <\/th>\r\n<td class=\"gris\" style=\"width: 330px;\">\r\n<p> <\/p>\r\n<p><strong>Marc Barreto Bogo, Maria Claudia Vidal Barcelos, Mariana Ferraz de Albuquerque<\/strong> (PUC-SP:COS\/CPS e UNILIM\/CeReS \/\/ Centro de Pesquisas Sociossemi\u00f3ticas)<\/p>\r\n<p><em>As reescrituras da Avenida Paulista como forma de discurso pol\u00edtico e social<\/em><\/p>\r\n<p> <\/p>\r\n<\/td>\r\n<td class=\"gris\" style=\"width: 231px;\">\r\n<p> <\/p>\r\n<p><strong>Ricardo Pe\u00f1afiel<\/strong> (UQAM)<\/p>\r\n<em>Essoufflement du virage \u00e0 gauche et politique par le bas en Am\u00e9rique latine<\/em><\/td>\r\n<\/tr>\r\n<tr>\r\n<th style=\"width: 70px;\"> <\/th>\r\n<td class=\"gris\" style=\"width: 330px;\">\r\n<p> <\/p>\r\n<p><strong>Luis Henrique Boaventura, Ernani C\u00e9sar de Freitas<\/strong> (Universidade de Passo Fundo)<\/p>\r\n<p><em>Brasil e a polariza\u00e7\u00e3o nas redes sociais: discursos de \u00f3dio e intolerancia<\/em><\/p>\r\n<p> <\/p>\r\n<\/td>\r\n<td class=\"gris\" style=\"width: 231px;\">\r\n<p> <\/p>\r\n<p><strong>Thomas Posado<\/strong> (CRESPPA-CSU)<\/p>\r\n<em>La s\u00e9cularisation des soci\u00e9t\u00e9s comme condition de l\u2019\u00e9mergence d\u2019un clivage gauche-droite en terme de m\u0153urs<\/em><\/td>\r\n<\/tr>\r\n<tr>\r\n<th style=\"width: 70px;\"> <\/th>\r\n<td class=\"gris\" style=\"width: 330px;\">\r\n<p> <\/p>\r\n<p><strong>Glaucia Muniz Proenca Lara, <\/strong><strong>Maria Magda <\/strong><strong>Lima Santiago<\/strong> (Universit\u00e9 F\u00e9deral de Minas Gerais)<\/p>\r\n<p><em>Jornalismo de opini\u00e3o na era Michel Temer<\/em><\/p>\r\n<p> <\/p>\r\n<\/td>\r\n<td class=\"gris\" style=\"width: 231px;\">\r\n<p> <\/p>\r\n<p><strong>Rafael Camargo de Oliveira<\/strong> (Universidade Federal de Goi\u00e1s -UFG)<\/p>\r\n<p><em>Elei\u00e7\u00f5es 2017-2018 na Am\u00e9rica Latina: A emerg\u00eancia do discurso fascista<\/em><\/p>\r\n<br \/>\r\n<p> <\/p>\r\n<\/td>\r\n<\/tr>\r\n<tr>\r\n<th class=\"rot\" style=\"width: 70px;\">15h45- 16h15<\/th>\r\n<td class=\"entero\" style=\"width: 561px;\" colspan=\"2\">\r\n<p><strong>Pause \/ Pausa<\/strong><\/p>\r\n<\/td>\r\n<\/tr>\r\n<tr>\r\n<th class=\"rot\" style=\"width: 70px;\">16h15 \u2013 17h45<\/th>\r\n<td class=\"entero\" style=\"width: 561px;\" colspan=\"2\">\r\n<p> <\/p>\r\n<h6><strong>Table ronde<\/strong><strong> \/ Mesa redonda <\/strong><\/h6>\r\n<p> <\/p>\r\n<p><em><strong>Conservatisme et violence dans le discours politique au Br\u00e9sil : r\u00e9flexions autour de la Pr\u00e9sidentielle de 2018 <\/strong><\/em><\/p>\r\n<strong>Frederico Lyra de Carvalho<\/strong> \u2013 Universit\u00e9 de Lille : <strong><em>La Th\u00e9orie Critique au Br\u00e9sil face \u00e0 la gestion de la barbarie<\/em><\/strong><br \/><strong>Maud Chirio \u2013 <\/strong>Universit\u00e9 de Paris-Est Marne-la-Vall\u00e9e : <strong><em>D\u2019o\u00f9 vient la th\u00e9orie du \u00ab marxisme culturel \u00bb ? Jalons pour la mise en perspective historique du discours bolsonariste<\/em><\/strong><br \/>\r\n<p><strong>Caroline Silveira Bauer<\/strong> &#8211; Universidade Federal do Rio Grande do Sul \/ Universitat de Barcelona : <strong><em>Os usos do passado e a campanha presidencial de 2018 no Brasil<\/em><\/strong><\/p>\r\n<p><em>Mod\u00e9ratrice \/ Moderadora<\/em><strong> Camila Moreira Cesar<\/strong> (Universit\u00e9 Sorbonne Nouvelle Paris 3 \u2013 UFRGS)<\/p>\r\n<p><strong style=\"color: red;\">Amphi 1<\/strong><\/p>\r\n<\/td>\r\n<\/tr>\r\n<tr>\r\n<th class=\"rot\" style=\"width: 70px;\">18h<\/th>\r\n<td class=\"entero\" style=\"width: 561px;\" colspan=\"2\">\r\n<p> <\/p>\r\n<h6><strong>Cocktail : 10 ans ADAL \/ Coctel 10 a\u00f1os de ADAL \/ Coquetel 10 anos ADAL<\/strong><\/h6>\r\n<p>Salle 107<\/p>\r\n<p> <\/p>\r\n<\/td>\r\n<\/tr>\r\n<\/tbody>\r\n<\/table>\r\n<table class=\"calendar\" border=\"1px\">\r\n<tbody>\r\n<tr>\r\n<td class=\"violeta\"> <\/td>\r\n<td class=\"violeta entero\" colspan=\"2\">\r\n<h3><strong>7 f\u00e9vrier \/ febrero de \/ fevereiro 2019<\/strong><\/h3>\r\n<\/td>\r\n<\/tr>\r\n<tr>\r\n<th class=\"rot\">9h15 \u2013 10h45<\/th>\r\n<td class=\"entero\" colspan=\"2\">\r\n<p> <\/p>\r\n<h6><strong>Conf\u00e9rence pl\u00e9ni\u00e8re 2. \/ Conferencia plenaria 2. \/ Confer\u00eancia plen\u00e1ria 2.<\/strong><\/h6>\r\n<p> <\/p>\r\n<p><strong>Bilan r\u00e9flexif et prospectif \u00e0 partir des publications de l&#8217;ADAL : concepts, notions et cat\u00e9gories pour l&#8217;analyse du discours politique<\/strong><\/p>\r\n<p><strong>Sophie Moirand<\/strong> (Universit\u00e9 Sorbonne Nouvelle Paris 3 \u2013 CLESTHIA)<\/p>\r\n<p><a href=\"https:\/\/adalassociation.org\/colloqueadal2019\/\/wp-content\/uploads\/2019\/02\/Conference-Sophie-Moirand-Colloque-ADAL2019.pdf\"><span style=\"color: #0000ff;\">Conference-Sophie-Moirand-Colloque-ADAL2019<\/span><\/a><\/p>\r\n<p><a href=\"https:\/\/adalassociation.org\/colloqueadal2019\/\/wp-content\/uploads\/2019\/02\/Bilbiographie-Conference-S.Moirand.pdf\"><span style=\"color: #0000ff;\">Bilbiographie-Conference-S.Moirand<\/span><\/a><\/p>\r\n<p> <\/p>\r\n<p><em>Mod\u00e9rateur \/ Moderador <\/em><strong>Henry Hern\u00e1ndez-Bayter<\/strong> (Universit\u00e9 de Lille \u2013 ADAL)<\/p>\r\n<p><strong><strong style=\"color: red;\">Amphi 4<\/strong><\/strong><\/p>\r\n<\/td>\r\n<\/tr>\r\n<tr>\r\n<th class=\"rot\">10h45 \u2013 11h15<\/th>\r\n<td class=\"entero\" colspan=\"2\">\r\n<p><strong>Pause \/ Pausa <\/strong><\/p>\r\n<\/td>\r\n<\/tr>\r\n<tr>\r\n<th class=\"rot\">11h15 \u2013 12h45<\/th>\r\n<td class=\"gris\">\r\n<p> <\/p>\r\n<h6><strong>Atelier 5 \/ Mesa tem\u00e1tica 5 \/ Mesa <\/strong><strong>tem\u00e1tica<\/strong><strong> 5. <\/strong><br \/><strong>Droits humains dans les discours<\/strong><\/h6>\r\n<p>Pr\u00e9sid\u00e9 par \/ Moderador <strong>Claudio Ram\u00edrez<\/strong> (Universit\u00e9 KU Leuven)<\/p>\r\n<p><strong style=\"color: red;\">Amphi 4<\/strong><\/p>\r\n<\/td>\r\n<td class=\"gris\">\r\n<p> <\/p>\r\n<h6><strong>Atelier 6 \/ Mesa tem\u00e1tica 6 \/ Mesa <\/strong><strong>tem\u00e1tica<\/strong><strong> 6. <\/strong><strong>Proc\u00e9dure d\u2019impeachment au Br\u00e9sil<\/strong><\/h6>\r\n<p>Pr\u00e9sid\u00e9 par \/ Moderadora <strong>Camila Moreira Cesar<\/strong> (Universit\u00e9 Sorbonne Nouvelle Paris 3 \u2013 UFRGS)<\/p>\r\n<p><strong style=\"color: red;\">Salle 102<\/strong><\/p>\r\n<p> <\/p>\r\n<\/td>\r\n<\/tr>\r\n<tr>\r\n<th> <\/th>\r\n<td class=\"gris\">\r\n<p> <\/p>\r\n<p><strong>Doroth\u00e9e Chouitem<\/strong> (Universit\u00e9 Paris Sorbonne), <strong>Mich\u00e8le Guillemont <\/strong>(Universit\u00e9 de Lille)<\/p>\r\n<p><em>\u00ab Nouveau paradigme \u00bb de la politique publique des droits humains en Argentine et brouillages de \u00ab Memoria, Verdad y justicia \u00bb<\/em><\/p>\r\n<p> <\/p>\r\n<\/td>\r\n<td class=\"gris\">\r\n<p> <\/p>\r\n<p><strong>Renato De Mello, Renata Aiala De Mello<\/strong> (Universit\u00e9 F\u00e9d\u00e9rale de Minas Gerais \/\/ Universit\u00e9 F\u00e9d\u00e9rale de Bahia)<\/p>\r\n<em>Converg\u00eancias e diverg\u00eancias entre o \u00faltimo discurso da presidenta Dilma Rousseff no senado e a carta testamento do presidente Get\u00falio Vargas <\/em><\/td>\r\n<\/tr>\r\n<tr>\r\n<th> <\/th>\r\n<td class=\"gris\">\r\n<p> <\/p>\r\n<p><strong>K\u00e1tia Menezes de Sousa<\/strong> (Universidade Federal de Goi\u00e1s)<\/p>\r\n<p><em>Os valores conservadores e a exclus\u00e3o social na inven\u00e7ao de uma esquerda no Brasil<\/em><\/p>\r\n<\/td>\r\n<td class=\"gris\">\r\n<p> <\/p>\r\n<p><strong>Laura Ferreira Guerra<\/strong> (Universidade Federal do Rio Grande do Sul (PPGCOM\/UFRGS))<\/p>\r\n<p><em>Fluxos discursivos: a dial\u00f3gica entre atores pol\u00edticos e jornal\u00edsticos no acontecimento impeachment de Dilma Rousseff (Brasil, 2016)<\/em><\/p>\r\n<\/td>\r\n<\/tr>\r\n<tr>\r\n<th> <\/th>\r\n<td class=\"gris\">\r\n<p> <\/p>\r\n<p> <\/p>\r\n<\/td>\r\n<td class=\"gris\">\r\n<p> <\/p>\r\n<p><strong>Gl\u00f3ria Di Fanti<\/strong> (Pontif\u00edcia Universidade Cat\u00f3lica do Rio Grande do Sul (PUCRS)), <strong>Liz Fer\u00e9<\/strong> (Centre d&#8217;\u00e9tudes sur les m\u00e9dias, les technologies et l&#8217;internationalisation (CEMTI EA 3388))<\/p>\r\n<p><em>Discurso intolerante, m\u00eddia e opini\u00e3o p\u00fablica: \u201cCom o Supremo, com tudo\u201d<\/em><\/p>\r\n<\/td>\r\n<\/tr>\r\n<tr>\r\n<th> <\/th>\r\n<td class=\"gris\"> <\/td>\r\n<td class=\"gris\"> <\/td>\r\n<\/tr>\r\n<tr>\r\n<th class=\"rot\">12h45 \u2013 14h15<\/th>\r\n<td class=\"entero\" colspan=\"2\"><strong>D\u00e9jeuner \/ Almuerzo \/ Almo\u00e7o<\/strong><\/td>\r\n<\/tr>\r\n<tr>\r\n<th class=\"rot\">14h15 \u2013 15h45<\/th>\r\n<td class=\"entero\" colspan=\"2\">\r\n<p> <\/p>\r\n<h6><strong>Conf\u00e9rence pl\u00e9ni\u00e8re 3. \/ Conferencia plenaria 3 \/ Confer\u00eancia plen<\/strong><strong>\u00e1ria <\/strong><strong>3.<\/strong><\/h6>\r\n<p> <\/p>\r\n<p><strong><em>L&#8217;analyse du discours face aux transformations du discours politique. Quelques r\u00e9flexions<\/em><\/strong><strong> (titre provisoire)<\/strong><\/p>\r\n<p><strong>Dominique Maingueneau<\/strong> (Paris IV Sorbonne \u2013 STIH)<\/p>\r\n<p><em>Mod\u00e9ratrice \/ Moderadora <\/em><strong>Ailin Nacucchio<\/strong> (Universit\u00e9 Sorbonne Nouvelle Paris 3 \u2013 CLESTHIA)<\/p>\r\n<p><strong><strong style=\"color: red;\">Amphi 4<\/strong><\/strong><\/p>\r\n<p> <\/p>\r\n<\/td>\r\n<\/tr>\r\n<tr>\r\n<th class=\"rot\">15h45 \u2013 16h15<\/th>\r\n<td class=\"entero\" colspan=\"2\">\r\n<p><strong>Pause \/ Pausa<\/strong><\/p>\r\n<\/td>\r\n<\/tr>\r\n<tr>\r\n<th class=\"rot\">16h15 \u2013 17h45<\/th>\r\n<td class=\"gris\">\r\n<p> <\/p>\r\n<h6><strong>Atelier 7 \/ Mesa tem\u00e1tica 7 \/ Mesa <\/strong><strong>tem\u00e1tica<\/strong><strong> 7. <\/strong><strong>Construction de nouvelles h\u00e9g\u00e9monies dans les discours<\/strong><\/h6>\r\n<p>Pr\u00e9sid\u00e9 par \/ Moderadora <strong>Ailin Nacucchio<\/strong> (Universit\u00e9 Sorbonne Nouvelle Paris 3 \u2013 CLESTHIA)<\/p>\r\n<p><strong style=\"color: red;\">Amphi 4<\/strong><\/p>\r\n<\/td>\r\n<td class=\"gris\">\r\n<p> <\/p>\r\n<h6><strong>Atelier 8 \/ Mesa tem\u00e1tica 8 \/ Mesa <\/strong><strong>tem\u00e1tica<\/strong><strong> 8. <\/strong><strong>Corruption dans le discours m\u00e9diatique<\/strong><\/h6>\r\n<p>Pr\u00e9sid\u00e9 par \/ Moderadora <strong>Liliane Santos <\/strong>(Universit\u00e9 de Lille)<\/p>\r\n<p><strong style=\"color: red;\">Salle 401<\/strong><\/p>\r\n<p> <\/p>\r\n<\/td>\r\n<\/tr>\r\n<tr>\r\n<th> <\/th>\r\n<td class=\"gris\">\r\n<p> <\/p>\r\n<p><strong>Mar\u00eda-Laura Moreno Sainz<\/strong> (Universit\u00e9 Catholique de Lyon)<\/p>\r\n<p><em>Le discours g\u00e9opolitique de l\u2019UNASUR comme apport \u00e0 l\u2019imaginaire int\u00e9grationniste sud-am\u00e9ricain : vers la construction d\u2019une \u00ab s\u00e9curit\u00e9 r\u00e9gionale \u00bb ?<\/em><\/p>\r\n<\/td>\r\n<td class=\"gris\">\r\n<p> <\/p>\r\n<p><strong>L\u00edlia Gomes Ferreira de Menezes<\/strong> (Centro Federal de Educa\u00e7\u00e3o Tecnol\u00f3gica de Minas Gerais (CEFET-MG))<\/p>\r\n<p><em>Eth\u00e9 atribu\u00eddos ao \u00f3rg\u00e3o de fomento da transpar\u00eancia no Brasil: an\u00e1lise comparativa de not\u00edcias publicadas pela CGU (2015) e pelo Minist\u00e9rio da Transpar\u00eancia (2016)<\/em><\/p>\r\n<\/td>\r\n<\/tr>\r\n<tr>\r\n<th> <\/th>\r\n<td class=\"gris\">\r\n<p> <\/p>\r\n<p><strong>Isabelle de Freitas Caetano<\/strong> (Universidade de Coimbra, Portugal)<\/p>\r\n<p><em>Am\u00e9rica Latina, Brasil e Globaliza\u00e7\u00e3o contra hegem\u00f4nica: uma an\u00e1lise do discurso pol\u00edtico brasileiro acerca da Coopera\u00e7\u00e3o Sul-Sul nos mandatos de Lula e Dilma<\/em><\/p>\r\n<p> <\/p>\r\n<\/td>\r\n<td class=\"gris\">\r\n<p> <\/p>\r\n<p><strong>Anita Gon\u00e7alves Hoffmann<\/strong> (Faculdade C\u00e1sper L\u00edbero)<\/p>\r\n<p><em>Fontes de informa\u00e7\u00e3o na cobertura da Opera\u00e7\u00e3o Lava Jato: uma an\u00e1lise dos jornais franceses Le Monde, Lib\u00e9ration e Le Figaro<\/em><\/p>\r\n<\/td>\r\n<\/tr>\r\n<tr>\r\n<th> <\/th>\r\n<td class=\"gris\">\r\n<p> <\/p>\r\n<p><strong>Christiane Maria Da Boa Viagem Oliveira<\/strong> (Centro Universit\u00e1rio Tabosa De Almeida (Asces-Unita)<\/p>\r\n<p><em>Considera\u00e7\u00f5es sobre o discurso da educa\u00e7\u00e3o do atual governo federal do Brasil em an\u00fancios publicit\u00e1rios veiculados em TV aberta<\/em><\/p>\r\n<\/td>\r\n<td class=\"gris\">\r\n<p> <\/p>\r\n<p> <\/p>\r\n<\/td>\r\n<\/tr>\r\n<tr>\r\n<th class=\"rot\">20h<\/th>\r\n<td class=\"entero\" colspan=\"2\">\r\n<p> <\/p>\r\n<h6><strong>D\u00eener en ville \/ Cena en el centro de la ciudad \/ <\/strong><strong>Jantar no centro da cidade<\/strong><br \/><strong>Restaurant \/ <\/strong><\/h6>\r\n<p>Restaurante \u201cLa Houbloni\u00e8re\u201d<br \/>42 Place Charles de Gaulle, 59000 Lille<br \/>Le restaurant se trouve \u00e0 c\u00f4t\u00e9 de la Vieille Bourse de Lille \/ Cerca a la \u00ab Vielle Bourse \u00bb de Lille \/ Ao lado da \u00ab Vielle Bourse \u00bb de Lille<\/p>\r\n<\/td>\r\n<\/tr>\r\n<\/tbody>\r\n<\/table>\r\n<p> <\/p>\r\n<table class=\"calendar\" border=\"1px\">\r\n<tbody>\r\n<tr>\r\n<td class=\"violeta\"> <\/td>\r\n<td class=\"violeta entero\" colspan=\"2\">\r\n<h3><strong>8 f\u00e9vrier \/ febrero de \/ fevereiro 2019<\/strong><\/h3>\r\n<\/td>\r\n<\/tr>\r\n<tr>\r\n<th class=\"rot\">9h15 \u2013 10h45<\/th>\r\n<td class=\"entero\" colspan=\"2\">\r\n<p> <\/p>\r\n<h6><strong>Conf\u00e9rence pl\u00e9ni\u00e8re 4. \/ Conferencia plenaria 4. \/ Confer\u00eancia plen\u00e1ria 4.<\/strong><\/h6>\r\n<p> <\/p>\r\n<p><strong><em>An\u00e1lisis cr\u00edtico del discurso pol\u00edtico mass medi\u00e1tico en Colombia. La propuesta pol\u00edtica neoliberal <\/em><\/strong><\/p>\r\n<p><strong>Neyla Pardo<\/strong> (Universidad Nacional de Colombia)<\/p>\r\n<p><em>Mod\u00e9ratrice \/ Moderadora <\/em><strong>Yeny Serrano<\/strong> (Universit\u00e9 de Strasbourg)<\/p>\r\n<p><strong><strong style=\"color: red;\">Amphi 4<\/strong><\/strong><\/p>\r\n<p> <\/p>\r\n<\/td>\r\n<\/tr>\r\n<tr>\r\n<th class=\"rot\">10h45 \u2013 11h15<\/th>\r\n<td class=\"entero\" colspan=\"2\">\r\n<p><strong>Pause \/ Pausa<\/strong><\/p>\r\n<\/td>\r\n<\/tr>\r\n<tr>\r\n<th class=\"rot\">11h15 \u2013 12h45<\/th>\r\n<td class=\"gris\">\r\n<p> <\/p>\r\n<h6><strong>Atelier 9 \/ Mesa tem\u00e1tica 9 \/ Mesa tem<\/strong><strong>\u00e1<\/strong><strong>tica 9. <\/strong><strong>Pol\u00e9mique dans le discours des m\u00e9dias<\/strong><\/h6>\r\n<p>Pr\u00e9sid\u00e9 par \/ Moderadora <strong>Liliane Santos <\/strong>(Universit\u00e9 de Lille)<\/p>\r\n<p><strong style=\"color: red;\">Amphi 4<\/strong><\/p>\r\n<\/td>\r\n<td class=\"gris\">\r\n<p> <\/p>\r\n<h6><strong>Atelier 10 \/ Mesa tem\u00e1tica 10 \/ Mesa <\/strong><strong>tem<\/strong><strong>\u00e1<\/strong><strong>tica 10. <\/strong><strong>Discours <\/strong><strong>politique et discours religieux<\/strong><\/h6>\r\n<p>Pr\u00e9sid\u00e9 par \/ Moderador <strong>Henry Hern\u00e1ndez-Bayter<\/strong> (Universit\u00e9 de Lille \u2013 ADAL)<\/p>\r\n<br \/>\r\n<p><strong style=\"color: red;\">Salle 201<\/strong><\/p>\r\n<\/td>\r\n<\/tr>\r\n<tr>\r\n<th> <\/th>\r\n<td class=\"gris\">\r\n<p> <\/p>\r\n<p><strong>Rosemeri Passos Baltazar Machado, Isabel Cristina Cordeiro<\/strong> (PPGEL)<\/p>\r\n<p><em>A (des)legitima\u00e7\u00e3o da pol\u00eamica enquanto modalidade argumentativa na\/pela m\u00eddia<\/em><\/p>\r\n<p> <\/p>\r\n<\/td>\r\n<td class=\"gris\">\r\n<p> <\/p>\r\n<p><strong>Camila Ar\u00eaas<\/strong> (Universit\u00e9 Catholique de Lisbonne)<\/p>\r\n<p><em>\u00c0 l\u2019Assembl\u00e9e, la parole est aux conservateurs. Analyse discursive des mentions \u00e0 Dieu, \u00e0 la bible et \u00e0 la famille lors de la destitution de la pr\u00e9sidente Dilma Rousseff <\/em><\/p>\r\n<p> <\/p>\r\n<\/td>\r\n<\/tr>\r\n<tr>\r\n<th> <\/th>\r\n<td class=\"gris\">\r\n<p><strong>Thais Barbosa de Almeida<\/strong> (Universit\u00e9 de Limoges)<\/p>\r\n<p><em>La cr\u00e9ation de la pol\u00e9mique dans la parole politique \u00e0 la t\u00e9l\u00e9vision : le cas des derniers d\u00e9bats t\u00e9l\u00e9vis\u00e9s de second tour en France et au Br\u00e9sil lors des \u00e9lections pr\u00e9sidentielles<\/em><\/p>\r\n<p> <\/p>\r\n<p> <\/p>\r\n<\/td>\r\n<td class=\"gris\">\r\n<p> <\/p>\r\n<p><strong>Beatriz Sanchez<\/strong> (Universit\u00e9 Panth\u00e9on-Assas \/ COSTECH)<\/p>\r\n<em>\u00ab Quand J\u00e9sus multiplie les votes \u00bb : l\u2019\u00e9lection pr\u00e9sidentielle 2018 au Costa Rica<\/em><\/td>\r\n<\/tr>\r\n<tr>\r\n<th> <\/th>\r\n<td class=\"gris\">\r\n<p> <\/p>\r\n<p> <\/p>\r\n<br \/>\r\n<p> <\/p>\r\n<\/td>\r\n<td class=\"gris\">\r\n<p> <\/p>\r\n<p><strong>Kelber Pereira Gon\u00e7alves<\/strong> (Universit\u00e9 Fran\u00e7ois Rabelais &#8211; Universit\u00e9 de Tours)<\/p>\r\n<em>Activisme m\u00e9diatique politico-religieux au Br\u00e9sil et le discours sur l\u2019implantation d\u2019une \u00ab id\u00e9ologie du genre \u00bb<\/em><br \/>\r\n<p> <\/p>\r\n<\/td>\r\n<\/tr>\r\n<tr>\r\n<th class=\"rot\">12h45 \u2013 14h15<\/th>\r\n<td class=\"entero\" colspan=\"2\"><strong>D\u00e9jeuner \/ Almuerzo \/ Almo\u00e7o<\/strong><\/td>\r\n<\/tr>\r\n<tr>\r\n<th class=\"rot\">14h15<\/th>\r\n<td class=\"entero\" colspan=\"2\">\r\n<p> <\/p>\r\n<h6><strong>Bilan colloque \u2013 bureau ADAL \/ Balance del coloquio \u2013 Comit\u00e9 directivo ADAL \/ Balan\u00e7o col\u00f3quio &#8211; diretoria da Associa\u00e7\u00e3o ADAL<\/strong><\/h6>\r\n<p> <\/p>\r\n<\/td>\r\n<\/tr>\r\n<\/tbody>\r\n<\/table>\r\n<p> <\/p>\r\n<p> <\/p>\r\n<p> <\/p>\r\n<p> <\/p>\r\n","protected":false},"excerpt":{"rendered":"<p>6 f\u00e9vrier \/ febrero de \/ fevereiro 2019 8h45 \u2013 9h15 Accueil \/ Acogida \/ Recep\u00e7\u00e3o 9h15 \u2013 9h45 Ouverture du colloque \/ Apertura del coloquio \/ Abertura do Col\u00f3quio Henry Hern\u00e1ndez-Bayter (Universit\u00e9 de Lille \u2013 ADAL)Christine Bracquenier (Directrice de l\u2019UFR des LEA \u2013 Universit\u00e9 de Lille) Yeny Serrano (ADAL &#8211; Universit\u00e9 de Strasbourg) Amphi &hellip; <\/p>\n<p class=\"link-more\"><a href=\"https:\/\/adalassociation.org\/colloqueadal2019\/programme\/\" class=\"more-link\">Continue reading<span class=\"screen-reader-text\"> &#8220;Programme&#8221;<\/span><\/a><\/p>\n","protected":false},"author":1,"featured_media":0,"parent":0,"menu_order":0,"comment_status":"closed","ping_status":"closed","template":"template-full-width.php","meta":{"footnotes":""},"class_list":["post-647","page","type-page","status-publish","hentry"],"_links":{"self":[{"href":"https:\/\/adalassociation.org\/colloqueadal2019\/wp-json\/wp\/v2\/pages\/647","targetHints":{"allow":["GET"]}}],"collection":[{"href":"https:\/\/adalassociation.org\/colloqueadal2019\/wp-json\/wp\/v2\/pages"}],"about":[{"href":"https:\/\/adalassociation.org\/colloqueadal2019\/wp-json\/wp\/v2\/types\/page"}],"author":[{"embeddable":true,"href":"https:\/\/adalassociation.org\/colloqueadal2019\/wp-json\/wp\/v2\/users\/1"}],"replies":[{"embeddable":true,"href":"https:\/\/adalassociation.org\/colloqueadal2019\/wp-json\/wp\/v2\/comments?post=647"}],"version-history":[{"count":41,"href":"https:\/\/adalassociation.org\/colloqueadal2019\/wp-json\/wp\/v2\/pages\/647\/revisions"}],"predecessor-version":[{"id":1214,"href":"https:\/\/adalassociation.org\/colloqueadal2019\/wp-json\/wp\/v2\/pages\/647\/revisions\/1214"}],"wp:attachment":[{"href":"https:\/\/adalassociation.org\/colloqueadal2019\/wp-json\/wp\/v2\/media?parent=647"}],"curies":[{"name":"wp","href":"https:\/\/api.w.org\/{rel}","templated":true}]}}