{"id":47,"date":"2018-03-20T11:00:29","date_gmt":"2018-03-20T11:00:29","guid":{"rendered":"http:\/\/colloqueadal2019\/?page_id=47"},"modified":"2019-01-20T16:07:07","modified_gmt":"2019-01-20T16:07:07","slug":"inicio","status":"publish","type":"page","link":"https:\/\/adalassociation.org\/colloqueadal2019\/inicio\/","title":{"rendered":"Inicio"},"content":{"rendered":"<p>Diez a\u00f1os han pasado desde la creaci\u00f3n de <abbr title=\"An\u00e1lisis de discursos de Am\u00e9rica latina\">ADAL<\/abbr> por un grupo de j\u00f3venes investigadores para constituir una red de intercambios en torno a los pa\u00edses latinoamericanos y los discursos que emanan de ellos. Durante sus diez a\u00f1os de existencia, la asociaci\u00f3n <abbr title=\"An\u00e1lisis de discursos de Am\u00e9rica latina\">ADAL<\/abbr> ha organizado tres jornadas de estudio (2009, 2010, 2013), dos coloquios internacionales (2014, 2017) y una cuarentena de seminarios sobre el an\u00e1lisis de los discursos pol\u00edticos y medi\u00e1ticos en Am\u00e9rica Latina. Para celebrar este aniversario, la asociaci\u00f3n <abbr title=\"An\u00e1lisis de discursos de Am\u00e9rica latina\">ADAL<\/abbr> se propone dar una mirada cr\u00edtica a los \u00faltimos veinte a\u00f1os de discursos que han circulado y circulan en la escena pol\u00edtica y medi\u00e1tica latinoamericana durante un coloquio organizado en la Universidad de Lille.<br \/>\n<a class=\"more-link\" href=\"convocatoria\/benvenida\/#more-122\">Continuar leyendo<span class=\"screen-reader-text\"> \u201cBenvenida\u201d<\/span><\/a><\/p>\n<p><a href=\"\/informaciones-utiles\/inscripciones\/\"><span style=\"color: #ff6600;\"><strong>Inscripciones<\/strong><\/span><\/a><\/p>\n<p><a href=\"\/programa\/\"><span style=\"color: #ff6600;\"><strong>Programa<\/strong><\/span><\/a><\/p>\n","protected":false},"excerpt":{"rendered":"<p>Diez a\u00f1os han pasado desde la creaci\u00f3n de ADAL por un grupo de j\u00f3venes investigadores para constituir una red de intercambios en torno a los pa\u00edses latinoamericanos y los discursos que emanan de ellos. Durante sus diez a\u00f1os de existencia, la asociaci\u00f3n ADAL ha organizado tres jornadas de estudio (2009, 2010, 2013), dos coloquios internacionales &hellip; <\/p>\n<p class=\"link-more\"><a href=\"https:\/\/adalassociation.org\/colloqueadal2019\/inicio\/\" class=\"more-link\">Continue reading<span class=\"screen-reader-text\"> &#8220;Inicio&#8221;<\/span><\/a><\/p>\n","protected":false},"author":1,"featured_media":74,"parent":0,"menu_order":0,"comment_status":"closed","ping_status":"closed","template":"","meta":{"footnotes":""},"class_list":["post-47","page","type-page","status-publish","has-post-thumbnail","hentry"],"_links":{"self":[{"href":"https:\/\/adalassociation.org\/colloqueadal2019\/wp-json\/wp\/v2\/pages\/47","targetHints":{"allow":["GET"]}}],"collection":[{"href":"https:\/\/adalassociation.org\/colloqueadal2019\/wp-json\/wp\/v2\/pages"}],"about":[{"href":"https:\/\/adalassociation.org\/colloqueadal2019\/wp-json\/wp\/v2\/types\/page"}],"author":[{"embeddable":true,"href":"https:\/\/adalassociation.org\/colloqueadal2019\/wp-json\/wp\/v2\/users\/1"}],"replies":[{"embeddable":true,"href":"https:\/\/adalassociation.org\/colloqueadal2019\/wp-json\/wp\/v2\/comments?post=47"}],"version-history":[{"count":13,"href":"https:\/\/adalassociation.org\/colloqueadal2019\/wp-json\/wp\/v2\/pages\/47\/revisions"}],"predecessor-version":[{"id":1070,"href":"https:\/\/adalassociation.org\/colloqueadal2019\/wp-json\/wp\/v2\/pages\/47\/revisions\/1070"}],"wp:featuredmedia":[{"embeddable":true,"href":"https:\/\/adalassociation.org\/colloqueadal2019\/wp-json\/wp\/v2\/media\/74"}],"wp:attachment":[{"href":"https:\/\/adalassociation.org\/colloqueadal2019\/wp-json\/wp\/v2\/media?parent=47"}],"curies":[{"name":"wp","href":"https:\/\/api.w.org\/{rel}","templated":true}]}}