{"id":40,"date":"2018-03-20T19:48:12","date_gmt":"2018-03-20T19:48:12","guid":{"rendered":"http:\/\/colloqueadal2019\/?page_id=40"},"modified":"2022-02-22T14:34:37","modified_gmt":"2022-02-22T14:34:37","slug":"calendario","status":"publish","type":"page","link":"https:\/\/adalassociation.org\/colloqueadal2019\/calendario\/","title":{"rendered":"Calend\u00e1rio"},"content":{"rendered":"<p><script type=\"text\/javascript\" src=\"https:\/\/addevent.com\/libs\/atc\/1.6.1\/atc.min.js\" async defer><\/script><\/p>\n<ul>\n<li style=\"color: grey;\"><del datetime=\"2018-05-30T08:52:25+00:00\"><strong>1\u00b0 de junho 2018 : <\/strong>envio das propostas ao e-mail do col\u00f3quio :<\/del><\/li>\n<li><del><span style=\"color: #808080;\"><strong>30 de junho 2018 : <\/strong>envio das propostas ao e-mail do col\u00f3quio :<\/span><\/del><\/li>\n<\/ul>\n<p><a href=\"https:\/\/adalassociation.org\/association-adal\/contacts\">adalassociation.org contacts<\/a><\/p>\n<p>&nbsp;<\/p>\n<ul>\n<li><strong>Outubro 2018 : <\/strong>retorno aos autores das propostas recebidas.<\/li>\n<\/ul>\n<p>&nbsp;<\/p>\n<ul>\n<li style=\"list-style-type: none;\">\n<ul>\n<li><strong>Outubro 2018 :<\/strong> abertura das inscri\u00e7\u00f5es.<\/li>\n<\/ul>\n<\/li>\n<\/ul>\n<p><!-- Button code --><\/p>\n<div class=\"addeventatc\" title=\"Adicionar ao Calend\u00e1rio\">Adicionar ao Calend\u00e1rio<br \/>\n<span class=\"start\">10\/01\/2018 08:00 AM<\/span><br \/>\n<span class=\"end\">10\/01\/2018 08:10 AM<\/span><br \/>\n<span class=\"timezone\">Paris\/France<\/span><br \/>\n<span class=\"title\">Abertura das inscri\u00e7\u00f5es do col\u00f3quio ADAL https:\/\/adalassociation.org\/colloqueadal2019\/<\/span><br \/>\n<span class=\"description\">Col\u00f3quio ADAL. Discursos pol\u00edticos e midi\u00e1ticos na Am\u00e9rica latina: balan\u00e7o do mil\u00eanio<\/span><br \/>\n<span class=\"organizer\">ADAL &#8211; An\u00e1lise do Discurso da Am\u00e9rica Latina<\/span><br \/>\n<span class=\"organizer_email\"><a href=\"https:\/\/adalassociation.org\/association-adal\/contacts\">adalassociation.org contacts<\/a><\/span><br \/>\n<span class=\"location\">Universit\u00e9 de Lille<\/span><\/div>\n<p>&nbsp;<\/p>\n<ul>\n<li style=\"list-style-type: none;\">\n<ul>\n<li><strong>6 \u00e0 8 de fevereiro 2019 :<\/strong> realiza\u00e7\u00e3o do col\u00f3quio.<\/li>\n<\/ul>\n<\/li>\n<\/ul>\n<p><!-- Button code --><\/p>\n<div class=\"addeventatc\" title=\"Adicionar ao Calend\u00e1rio\">Adicionar ao Calend\u00e1rio<br \/>\n<span class=\"start\">02\/06\/2019 08:00 AM<\/span><br \/>\n<span class=\"end\">02\/08\/2019 06:00 PM<\/span><br \/>\n<span class=\"timezone\">Paris\/France<\/span><br \/>\n<span class=\"title\">Col\u00f3quio ADAL https:\/\/adalassociation.org\/colloqueadal2019\/<\/span><br \/>\n<span class=\"description\">Col\u00f3quio ADAL. Discursos pol\u00edticos e midi\u00e1ticos na Am\u00e9rica latina: balan\u00e7o do mil\u00eanio<\/span><br \/>\n<span class=\"organizer\">ADAL &#8211; An\u00e1lise do Discurso da Am\u00e9rica Latina<\/span><br \/>\n<span class=\"organizer_email\"><a href=\"https:\/\/adalassociation.org\/association-adal\/contacts\">adalassociation.org contacts<\/a><\/span><br \/>\n<span id=\"cal\" class=\"location\">Universit\u00e9 de Lille<\/span><\/div>\n","protected":false},"excerpt":{"rendered":"<p>1\u00b0 de junho 2018 : envio das propostas ao e-mail do col\u00f3quio : 30 de junho 2018 : envio das propostas ao e-mail do col\u00f3quio : adalassociation.org contacts &nbsp; Outubro 2018 : retorno aos autores das propostas recebidas. &nbsp; Outubro 2018 : abertura das inscri\u00e7\u00f5es. Adicionar ao Calend\u00e1rio 10\/01\/2018 08:00 AM 10\/01\/2018 08:10 AM Paris\/France &hellip; <\/p>\n<p class=\"link-more\"><a href=\"https:\/\/adalassociation.org\/colloqueadal2019\/calendario\/\" class=\"more-link\">Continue reading<span class=\"screen-reader-text\"> &#8220;Calend\u00e1rio&#8221;<\/span><\/a><\/p>\n","protected":false},"author":1,"featured_media":90,"parent":0,"menu_order":0,"comment_status":"closed","ping_status":"closed","template":"","meta":{"footnotes":""},"class_list":["post-40","page","type-page","status-publish","has-post-thumbnail","hentry"],"_links":{"self":[{"href":"https:\/\/adalassociation.org\/colloqueadal2019\/wp-json\/wp\/v2\/pages\/40","targetHints":{"allow":["GET"]}}],"collection":[{"href":"https:\/\/adalassociation.org\/colloqueadal2019\/wp-json\/wp\/v2\/pages"}],"about":[{"href":"https:\/\/adalassociation.org\/colloqueadal2019\/wp-json\/wp\/v2\/types\/page"}],"author":[{"embeddable":true,"href":"https:\/\/adalassociation.org\/colloqueadal2019\/wp-json\/wp\/v2\/users\/1"}],"replies":[{"embeddable":true,"href":"https:\/\/adalassociation.org\/colloqueadal2019\/wp-json\/wp\/v2\/comments?post=40"}],"version-history":[{"count":34,"href":"https:\/\/adalassociation.org\/colloqueadal2019\/wp-json\/wp\/v2\/pages\/40\/revisions"}],"predecessor-version":[{"id":1203,"href":"https:\/\/adalassociation.org\/colloqueadal2019\/wp-json\/wp\/v2\/pages\/40\/revisions\/1203"}],"wp:featuredmedia":[{"embeddable":true,"href":"https:\/\/adalassociation.org\/colloqueadal2019\/wp-json\/wp\/v2\/media\/90"}],"wp:attachment":[{"href":"https:\/\/adalassociation.org\/colloqueadal2019\/wp-json\/wp\/v2\/media?parent=40"}],"curies":[{"name":"wp","href":"https:\/\/api.w.org\/{rel}","templated":true}]}}