{"id":38,"date":"2018-03-20T19:48:12","date_gmt":"2018-03-20T19:48:12","guid":{"rendered":"http:\/\/colloqueadal2019\/?page_id=38"},"modified":"2022-02-22T14:32:46","modified_gmt":"2022-02-22T14:32:46","slug":"cronograma","status":"publish","type":"page","link":"https:\/\/adalassociation.org\/colloqueadal2019\/cronograma\/","title":{"rendered":"Cronograma"},"content":{"rendered":"<p><script type=\"text\/javascript\" src=\"https:\/\/addevent.com\/libs\/atc\/1.6.1\/atc.min.js\" async defer><\/script><\/p>\n<ul>\n<li style=\"color: grey;\"><del datetime=\"2018-05-30T08:46:33+00:00\"><strong>1\u00b0 de junio de 2018: <\/strong>env\u00edo de propuestas al email del coloquio:<\/del><\/li>\n<li><span style=\"color: #808080;\"><del><strong>30 de junio de 2018: <\/strong>env\u00edo de propuestas al email del coloquio:<\/del><\/span><\/li>\n<\/ul>\n<p><a href=\"https:\/\/adalassociation.org\/association-adal\/contacts\">adalassociation.org contacts<\/a><\/p>\n<p>&nbsp;<\/p>\n<ul>\n<li><strong>Octubre de 2018: <\/strong>respuesta a los autores.<\/li>\n<\/ul>\n<p>&nbsp;<\/p>\n<ul>\n<li style=\"list-style-type: none;\">\n<ul>\n<li><strong>Octubre de 2018:<\/strong> apertura de las inscripciones.<\/li>\n<\/ul>\n<\/li>\n<\/ul>\n<p>&nbsp;<br \/>\n<!-- Button code --><\/p>\n<div class=\"addeventatc\" title=\"A\u00f1adir al calendario\">A\u00f1adir al calendario<br \/>\n<span class=\"start\">10\/01\/2018 08:00 AM<\/span><br \/>\n<span class=\"end\">10\/01\/2018 08:10 AM<\/span><br \/>\n<span class=\"timezone\">Paris\/France<\/span><br \/>\n<span class=\"title\">Apertura de las inscripciones al coloquio ADAL https:\/\/adalassociation.org\/colloqueadal2019\/<\/span><br \/>\n<span class=\"description\">Coloquio ADAL. Discursos pol\u00edticos y medi\u00e1ticos en Am\u00e9rica Latina: balance del milenio<\/span><br \/>\n<span class=\"organizer\">ADAL &#8211; An\u00e1lisis de Discursos de Am\u00e9rica latina<\/span><br \/>\n<span class=\"organizer_email\"><a href=\"https:\/\/adalassociation.org\/association-adal\/contacts\">adalassociation.org contacts<\/a><\/span><br \/>\n<span class=\"location\">Universit\u00e9 de Lille<\/span><\/div>\n<p>&nbsp;<\/p>\n<ul>\n<li style=\"list-style-type: none;\">\n<ul>\n<li><strong>6 al 8 de febrero de 2019:<\/strong> desarrollo del coloquio.<\/li>\n<\/ul>\n<\/li>\n<\/ul>\n<p><!-- Button code --><\/p>\n<div class=\"addeventatc\" title=\"A\u00f1adir al calendario\">A\u00f1adir al calendario<br \/>\n<span class=\"start\">02\/06\/2019 08:00 AM<\/span><br \/>\n<span class=\"end\">02\/08\/2019 06:00 PM<\/span><br \/>\n<span class=\"timezone\">Paris\/France<\/span><br \/>\n<span class=\"title\">Coloquio ADAL https:\/\/adalassociation.org\/colloqueadal2019\/<\/span><br \/>\n<span class=\"description\">Coloquio ADAL. Discursos pol\u00edticos y medi\u00e1ticos en Am\u00e9rica Latina: balance del milenio<\/span><br \/>\n<span class=\"organizer\">ADAL &#8211; An\u00e1lisis de Discursos de Am\u00e9rica latina<\/span><br \/>\n<span class=\"organizer_email\"><a href=\"https:\/\/adalassociation.org\/association-adal\/contacts\">adalassociation.org contacts<\/a><\/span><br \/>\n<span id=\"cal\" class=\"location\">Universit\u00e9 de Lille<\/span><\/div>\n","protected":false},"excerpt":{"rendered":"<p>1\u00b0 de junio de 2018: env\u00edo de propuestas al email del coloquio: 30 de junio de 2018: env\u00edo de propuestas al email del coloquio: adalassociation.org contacts &nbsp; Octubre de 2018: respuesta a los autores. &nbsp; Octubre de 2018: apertura de las inscripciones. &nbsp; A\u00f1adir al calendario 10\/01\/2018 08:00 AM 10\/01\/2018 08:10 AM Paris\/France Apertura de &hellip; <\/p>\n<p class=\"link-more\"><a href=\"https:\/\/adalassociation.org\/colloqueadal2019\/cronograma\/\" class=\"more-link\">Continue reading<span class=\"screen-reader-text\"> &#8220;Cronograma&#8221;<\/span><\/a><\/p>\n","protected":false},"author":1,"featured_media":90,"parent":0,"menu_order":0,"comment_status":"closed","ping_status":"closed","template":"","meta":{"footnotes":""},"class_list":["post-38","page","type-page","status-publish","has-post-thumbnail","hentry"],"_links":{"self":[{"href":"https:\/\/adalassociation.org\/colloqueadal2019\/wp-json\/wp\/v2\/pages\/38","targetHints":{"allow":["GET"]}}],"collection":[{"href":"https:\/\/adalassociation.org\/colloqueadal2019\/wp-json\/wp\/v2\/pages"}],"about":[{"href":"https:\/\/adalassociation.org\/colloqueadal2019\/wp-json\/wp\/v2\/types\/page"}],"author":[{"embeddable":true,"href":"https:\/\/adalassociation.org\/colloqueadal2019\/wp-json\/wp\/v2\/users\/1"}],"replies":[{"embeddable":true,"href":"https:\/\/adalassociation.org\/colloqueadal2019\/wp-json\/wp\/v2\/comments?post=38"}],"version-history":[{"count":19,"href":"https:\/\/adalassociation.org\/colloqueadal2019\/wp-json\/wp\/v2\/pages\/38\/revisions"}],"predecessor-version":[{"id":1202,"href":"https:\/\/adalassociation.org\/colloqueadal2019\/wp-json\/wp\/v2\/pages\/38\/revisions\/1202"}],"wp:featuredmedia":[{"embeddable":true,"href":"https:\/\/adalassociation.org\/colloqueadal2019\/wp-json\/wp\/v2\/media\/90"}],"wp:attachment":[{"href":"https:\/\/adalassociation.org\/colloqueadal2019\/wp-json\/wp\/v2\/media?parent=38"}],"curies":[{"name":"wp","href":"https:\/\/api.w.org\/{rel}","templated":true}]}}