{"id":1153,"date":"2019-06-23T11:10:11","date_gmt":"2019-06-23T11:10:11","guid":{"rendered":"http:\/\/colloqueadal2019.org\/?page_id=1153"},"modified":"2022-02-22T15:22:57","modified_gmt":"2022-02-22T15:22:57","slug":"a-coloquio-em-imagens","status":"publish","type":"page","link":"https:\/\/adalassociation.org\/colloqueadal2019\/a-coloquio-em-imagens\/","title":{"rendered":"A col\u00f3quio em imagens"},"content":{"rendered":"<strong>Sele\u00e7\u00e3o de fotos:<\/strong> <a href=\"https:\/\/adalassociation.org\/colloques\/colloque-2019-discours-politiques-et-mediatiques-en-amerique-latine-bilan-du-millenaire\/album-2019\">aqui<\/a>\r\n\r\n<p>&nbsp;<\/p>\r\n<figure class=\"wp-block-video\">\r\n<video height=\"1080\" style=\"aspect-ratio: 1920 \/ 1080;\" width=\"1920\" controls=\"controls\">\r\n<source src=\"https:\/\/adalassociation.org\/colloqueadal2019\/wp-content\/uploads\/2019\/06\/colloqueadal.webm\" type=\"video\/webm\" \/>\r\n<source src=\"https:\/\/adalassociation.org\/colloqueadal2019\/wp-content\/uploads\/2019\/06\/colloqueadal.mp4\" type=\"video\/mp4\" \/>\r\n<\/video>\r\n<\/figure>\r\n","protected":false},"excerpt":{"rendered":"<p>Sele\u00e7\u00e3o de fotos: aqui<\/p>\n","protected":false},"author":1,"featured_media":0,"parent":0,"menu_order":0,"comment_status":"closed","ping_status":"closed","template":"template-full-width.php","meta":{"footnotes":""},"class_list":["post-1153","page","type-page","status-publish","hentry"],"_links":{"self":[{"href":"https:\/\/adalassociation.org\/colloqueadal2019\/wp-json\/wp\/v2\/pages\/1153","targetHints":{"allow":["GET"]}}],"collection":[{"href":"https:\/\/adalassociation.org\/colloqueadal2019\/wp-json\/wp\/v2\/pages"}],"about":[{"href":"https:\/\/adalassociation.org\/colloqueadal2019\/wp-json\/wp\/v2\/types\/page"}],"author":[{"embeddable":true,"href":"https:\/\/adalassociation.org\/colloqueadal2019\/wp-json\/wp\/v2\/users\/1"}],"replies":[{"embeddable":true,"href":"https:\/\/adalassociation.org\/colloqueadal2019\/wp-json\/wp\/v2\/comments?post=1153"}],"version-history":[{"count":9,"href":"https:\/\/adalassociation.org\/colloqueadal2019\/wp-json\/wp\/v2\/pages\/1153\/revisions"}],"predecessor-version":[{"id":1220,"href":"https:\/\/adalassociation.org\/colloqueadal2019\/wp-json\/wp\/v2\/pages\/1153\/revisions\/1220"}],"wp:attachment":[{"href":"https:\/\/adalassociation.org\/colloqueadal2019\/wp-json\/wp\/v2\/media?parent=1153"}],"curies":[{"name":"wp","href":"https:\/\/api.w.org\/{rel}","templated":true}]}}